{"id":10092,"date":"2022-08-10T10:17:39","date_gmt":"2022-08-10T13:17:39","guid":{"rendered":"https:\/\/iatec.com\/es\/?page_id=10092"},"modified":"2022-11-04T00:04:40","modified_gmt":"2022-11-04T03:04:40","slug":"iglesias","status":"publish","type":"page","link":"https:\/\/www.iatec.com\/es\/iglesias\/","title":{"rendered":"Iglesias"},"content":{"rendered":"<p>[vc_row full_width=&#8221;stretch_row&#8221;][vc_column][vc_column_text]Esta vertical mantiene las soluciones m\u00e1s denominacionales producidas por el IATec. Son soluciones creadas para gestionar ministerios como la secretar\u00eda y tesorer\u00eda de la Iglesia, atendiendo a las actividades de gesti\u00f3n del registro de miembros y gesti\u00f3n financiera, tanto en las iglesias locales como en las oficinas regionales de la Iglesia. Adem\u00e1s de desarrollar soluciones, capacitar y apoyar estos ministerios, a trav\u00e9s de la vertical de Iglesias, el IATec desarrolla aplicaciones que van directamente a las manos de los miembros, creando un canal de comunicaci\u00f3n y transparencia, mejorando la experiencia del adorador y apoyando a otros ministerios, como el de la Escuela Sab\u00e1tica.<\/p>\n<p><strong>ACMS<\/strong><\/p>\n<p>ACMS (Sistema de Gesti\u00f3n de la Iglesia Adventista) es un sistema administrativo utilizado por la tesorer\u00eda y secretar\u00eda de la Iglesia Adventista del S\u00e9ptimo D\u00eda. Su funci\u00f3n es facilitar la gesti\u00f3n y control de los miembros activos e inactivos. El sistema requiere el uso de internet y permite realizar acciones como: registro y exclusiones de miembros, transferencias, control de diezmos y ofrendas y reportes estad\u00edsticos instant\u00e1neos.[\/vc_column_text][\/vc_column][\/vc_row][vc_row][vc_column][vc_empty_space][\/vc_column][\/vc_row][vc_row full_width=&#8221;stretch_row&#8221;][vc_column][vc_column_text]Los principales beneficios de un software unificado como ACMS son:<\/p>\n<p>Plataforma \u00fanica de uso global, transferencias de miembros en l\u00ednea a cualquier divisi\u00f3n del mundo, informes estad\u00edsticos en tiempo real, control de todas las acciones relacionadas con los miembros e historial detallado de cada uno, posibilidad de elegir nuevos oficiales para cargos y departamentos. A trav\u00e9s de este sistema online es posible:<\/p>\n<ul>\n<li>F\u00e1cil organizaci\u00f3n y gesti\u00f3n de la informaci\u00f3n;<\/li>\n<li>Realizar informes detallados con un solo clic;<\/li>\n<li>Facilitar los votos de nominaci\u00f3n.<\/li>\n<\/ul>\n<p><strong>ASAS<\/strong><\/p>\n<p>ASAS es utilizado por los administradores y secretarios de las entidades de la IASD para gestionar todas las actividades y registros de los trabajadores. Con el sistema es posible registrar a todos los trabajadores y sus familiares, consultar historiales, realizar traslados, observaciones, reportes, entre otros.<\/p>\n<p>A trav\u00e9s de este sistema online es posible:<\/p>\n<ul>\n<li>Facilidad en procesos de transferencia de obreros;<\/li>\n<li>Investigar y buscar historiales en pocos minutos;<\/li>\n<li>Promover nuevos obreros con un solo clic.<\/li>\n<\/ul>\n<p><strong>7me<\/strong><\/p>\n<p>7me es una aplicaci\u00f3n para tel\u00e9fonos inteligentes que permite una mayor autonom\u00eda del miembro en relaci\u00f3n con la iglesia.<\/p>\n<p>La aplicaci\u00f3n para tel\u00e9fonos inteligentes permite una mayor autonom\u00eda del miembro en relaci\u00f3n con la vida burocr\u00e1tica de la iglesia, como, por ejemplo, solicitar su propio traslado que ser\u00e1 evaluado por un l\u00edder oficial de cada congregaci\u00f3n. All\u00ed tambi\u00e9n es posible encontrar una iglesia m\u00e1s cercana, donar diezmos y ofrendas, adem\u00e1s de supervisar su informe financiero sin interferencias. Satisfaciendo la demanda moderna de velocidad y practicidad, la aplicaci\u00f3n ya forma parte de la mayor\u00eda de los miembros.<\/p>\n<p>A trav\u00e9s de este sistema online y su aplicaci\u00f3n es posible:<\/p>\n<ul>\n<li>Acompa\u00f1ar noticias adventistas;<\/li>\n<li>Realizar Pedidos de oraci\u00f3n;<\/li>\n<li>Crear de Grupos de Oraci\u00f3n;<\/li>\n<li>Pesta\u00f1a Comuni\u00f3n con acceso a varias opciones de Meditaciones y Devocionales, y contenido de audio, podcasts y video;<\/li>\n<li>Actualizar sus datos registrados;<\/li>\n<li>Solicitar pedidos de traslado entre iglesias;<\/li>\n<li>Supervisar la situaci\u00f3n financiera de su iglesia;<\/li>\n<li>Adorar a Dios a trav\u00e9s de los diezmos y las ofrendas;<\/li>\n<li>Verificar tus recibos y extractos de cuenta.<\/li>\n<\/ul>\n<p>Para registrarse, el miembro debe ingresar su e-mail registrado. Si no es v\u00e1lido, debe actualizarlo con la secretaria de la Iglesia. Y para aquellos que a\u00fan no son miembros, pueden usar su cuenta de Google o Facebook. Todo es muy simple y pr\u00e1ctico, en un ambiente moderno y seguro.<\/p>\n<p>Para comenzar, descargue 7ME desde su tienda de aplicaciones o acceda a:[\/vc_column_text][vc_empty_space]<div class=\"btn-wrap align-center\">\r\n\t<a href=\"http:\/\/adventistas.org\/7me\"  class=\"btn  btn-gray color-hover-default align-center\" id=\"like_sc_button_1363570925\">7ME<\/a><\/div>[vc_empty_space][vc_single_image image=&#8221;10086&#8243; img_size=&#8221;full&#8221;][\/vc_column][\/vc_row]<\/p>\n","protected":false},"excerpt":{"rendered":"<p>[vc_row full_width=&#8221;stretch_row&#8221;][vc_column][vc_column_text]Esta vertical mantiene las soluciones m\u00e1s denominacionales producidas por el IATec. Son soluciones creadas para gestionar ministerios como la secretar\u00eda y tesorer\u00eda de la Iglesia, atendiendo a las actividades de gesti\u00f3n del registro de miembros y gesti\u00f3n financiera, tanto en las iglesias locales como en las oficinas regionales de la Iglesia. Adem\u00e1s de desarrollar soluciones, capacitar y apoyar estos ministerios, a trav\u00e9s de la vertical de Iglesias, el IATec desarrolla aplicaciones que van directamente a las manos de los miembros, creando un canal de comunicaci\u00f3n y transparencia, mejorando la experiencia del adorador y apoyando a otros ministerios, como el de la Escuela Sab\u00e1tica. ACMS ACMS (Sistema de Gesti\u00f3n de la Iglesia Adventista) es un sistema administrativo utilizado por la [&hellip;]<\/p>\n","protected":false},"author":1,"featured_media":0,"parent":0,"menu_order":0,"comment_status":"closed","ping_status":"closed","template":"","meta":{"footnotes":""},"class_list":["post-10092","page","type-page","status-publish","hentry"],"yoast_head":"<!-- This site is optimized with the Yoast SEO plugin v23.0 - https:\/\/yoast.com\/wordpress\/plugins\/seo\/ -->\n<title>Iglesias - IATec | Instituto Adventista de Tecnolog\u00eda<\/title>\n<meta name=\"robots\" content=\"index, follow, max-snippet:-1, max-image-preview:large, max-video-preview:-1\" \/>\n<link rel=\"canonical\" href=\"https:\/\/www.iatec.com\/es\/iglesias\/\" \/>\n<meta property=\"og:locale\" content=\"pt_BR\" \/>\n<meta property=\"og:type\" content=\"article\" \/>\n<meta property=\"og:title\" content=\"Iglesias - IATec | Instituto Adventista de Tecnolog\u00eda\" \/>\n<meta property=\"og:description\" content=\"[vc_row full_width=&#8221;stretch_row&#8221;][vc_column][vc_column_text]Esta vertical mantiene las soluciones m\u00e1s denominacionales producidas por el IATec. Son soluciones creadas para gestionar ministerios como la secretar\u00eda y tesorer\u00eda de la Iglesia, atendiendo a las actividades de gesti\u00f3n del registro de miembros y gesti\u00f3n financiera, tanto en las iglesias locales como en las oficinas regionales de la Iglesia. Adem\u00e1s de desarrollar soluciones, capacitar y apoyar estos ministerios, a trav\u00e9s de la vertical de Iglesias, el IATec desarrolla aplicaciones que van directamente a las manos de los miembros, creando un canal de comunicaci\u00f3n y transparencia, mejorando la experiencia del adorador y apoyando a otros ministerios, como el de la Escuela Sab\u00e1tica. ACMS ACMS (Sistema de Gesti\u00f3n de la Iglesia Adventista) es un sistema administrativo utilizado por la [&hellip;]\" \/>\n<meta property=\"og:url\" content=\"https:\/\/www.iatec.com\/es\/iglesias\/\" \/>\n<meta property=\"og:site_name\" content=\"IATec | Instituto Adventista de Tecnolog\u00eda\" \/>\n<meta property=\"article:publisher\" content=\"https:\/\/www.facebook.com\/iatecoficial\" \/>\n<meta property=\"article:modified_time\" content=\"2022-11-04T03:04:40+00:00\" \/>\n<meta name=\"twitter:card\" content=\"summary_large_image\" \/>\n<meta name=\"twitter:label1\" content=\"Est. tempo de leitura\" \/>\n\t<meta name=\"twitter:data1\" content=\"4 minutos\" \/>\n<script type=\"application\/ld+json\" class=\"yoast-schema-graph\">{\"@context\":\"https:\/\/schema.org\",\"@graph\":[{\"@type\":\"WebPage\",\"@id\":\"https:\/\/www.iatec.com\/es\/iglesias\/\",\"url\":\"https:\/\/www.iatec.com\/es\/iglesias\/\",\"name\":\"Iglesias - IATec | Instituto Adventista de Tecnolog\u00eda\",\"isPartOf\":{\"@id\":\"https:\/\/www.iatec.com\/es\/#website\"},\"datePublished\":\"2022-08-10T13:17:39+00:00\",\"dateModified\":\"2022-11-04T03:04:40+00:00\",\"breadcrumb\":{\"@id\":\"https:\/\/www.iatec.com\/es\/iglesias\/#breadcrumb\"},\"inLanguage\":\"pt-BR\",\"potentialAction\":[{\"@type\":\"ReadAction\",\"target\":[\"https:\/\/www.iatec.com\/es\/iglesias\/\"]}]},{\"@type\":\"BreadcrumbList\",\"@id\":\"https:\/\/www.iatec.com\/es\/iglesias\/#breadcrumb\",\"itemListElement\":[{\"@type\":\"ListItem\",\"position\":1,\"name\":\"In\u00edcio\",\"item\":\"https:\/\/www.iatec.com\/es\/\"},{\"@type\":\"ListItem\",\"position\":2,\"name\":\"Iglesias\"}]},{\"@type\":\"WebSite\",\"@id\":\"https:\/\/www.iatec.com\/es\/#website\",\"url\":\"https:\/\/www.iatec.com\/es\/\",\"name\":\"IATec | Instituto Adventista de Tecnolog\u00eda\",\"description\":\"Sitio web oficial del Instituto Adventista de Tecnolog\u00eda\",\"publisher\":{\"@id\":\"https:\/\/www.iatec.com\/es\/#organization\"},\"potentialAction\":[{\"@type\":\"SearchAction\",\"target\":{\"@type\":\"EntryPoint\",\"urlTemplate\":\"https:\/\/www.iatec.com\/es\/?s={search_term_string}\"},\"query-input\":\"required name=search_term_string\"}],\"inLanguage\":\"pt-BR\"},{\"@type\":\"Organization\",\"@id\":\"https:\/\/www.iatec.com\/es\/#organization\",\"name\":\"IATec | Instituto Adventista de Tecnolog\u00eda\",\"url\":\"https:\/\/www.iatec.com\/es\/\",\"logo\":{\"@type\":\"ImageObject\",\"inLanguage\":\"pt-BR\",\"@id\":\"https:\/\/www.iatec.com\/es\/#\/schema\/logo\/image\/\",\"url\":\"https:\/\/iatec.com\/es\/wp-content\/uploads\/2022\/07\/IATEC-vertical-colorida.png\",\"contentUrl\":\"https:\/\/iatec.com\/es\/wp-content\/uploads\/2022\/07\/IATEC-vertical-colorida.png\",\"width\":2250,\"height\":3721,\"caption\":\"IATec | Instituto Adventista de Tecnolog\u00eda\"},\"image\":{\"@id\":\"https:\/\/www.iatec.com\/es\/#\/schema\/logo\/image\/\"},\"sameAs\":[\"https:\/\/www.facebook.com\/iatecoficial\",\"https:\/\/www.instagram.com\/o_iatec\/\",\"https:\/\/www.youtube.com\/c\/IATecOficial\",\"https:\/\/www.linkedin.com\/company\/iatecoficial\/\"]}]}<\/script>\n<!-- \/ Yoast SEO plugin. -->","yoast_head_json":{"title":"Iglesias - IATec | Instituto Adventista de Tecnolog\u00eda","robots":{"index":"index","follow":"follow","max-snippet":"max-snippet:-1","max-image-preview":"max-image-preview:large","max-video-preview":"max-video-preview:-1"},"canonical":"https:\/\/www.iatec.com\/es\/iglesias\/","og_locale":"pt_BR","og_type":"article","og_title":"Iglesias - IATec | Instituto Adventista de Tecnolog\u00eda","og_description":"[vc_row full_width=&#8221;stretch_row&#8221;][vc_column][vc_column_text]Esta vertical mantiene las soluciones m\u00e1s denominacionales producidas por el IATec. Son soluciones creadas para gestionar ministerios como la secretar\u00eda y tesorer\u00eda de la Iglesia, atendiendo a las actividades de gesti\u00f3n del registro de miembros y gesti\u00f3n financiera, tanto en las iglesias locales como en las oficinas regionales de la Iglesia. Adem\u00e1s de desarrollar soluciones, capacitar y apoyar estos ministerios, a trav\u00e9s de la vertical de Iglesias, el IATec desarrolla aplicaciones que van directamente a las manos de los miembros, creando un canal de comunicaci\u00f3n y transparencia, mejorando la experiencia del adorador y apoyando a otros ministerios, como el de la Escuela Sab\u00e1tica. ACMS ACMS (Sistema de Gesti\u00f3n de la Iglesia Adventista) es un sistema administrativo utilizado por la [&hellip;]","og_url":"https:\/\/www.iatec.com\/es\/iglesias\/","og_site_name":"IATec | Instituto Adventista de Tecnolog\u00eda","article_publisher":"https:\/\/www.facebook.com\/iatecoficial","article_modified_time":"2022-11-04T03:04:40+00:00","twitter_card":"summary_large_image","twitter_misc":{"Est. tempo de leitura":"4 minutos"},"schema":{"@context":"https:\/\/schema.org","@graph":[{"@type":"WebPage","@id":"https:\/\/www.iatec.com\/es\/iglesias\/","url":"https:\/\/www.iatec.com\/es\/iglesias\/","name":"Iglesias - IATec | Instituto Adventista de Tecnolog\u00eda","isPartOf":{"@id":"https:\/\/www.iatec.com\/es\/#website"},"datePublished":"2022-08-10T13:17:39+00:00","dateModified":"2022-11-04T03:04:40+00:00","breadcrumb":{"@id":"https:\/\/www.iatec.com\/es\/iglesias\/#breadcrumb"},"inLanguage":"pt-BR","potentialAction":[{"@type":"ReadAction","target":["https:\/\/www.iatec.com\/es\/iglesias\/"]}]},{"@type":"BreadcrumbList","@id":"https:\/\/www.iatec.com\/es\/iglesias\/#breadcrumb","itemListElement":[{"@type":"ListItem","position":1,"name":"In\u00edcio","item":"https:\/\/www.iatec.com\/es\/"},{"@type":"ListItem","position":2,"name":"Iglesias"}]},{"@type":"WebSite","@id":"https:\/\/www.iatec.com\/es\/#website","url":"https:\/\/www.iatec.com\/es\/","name":"IATec | Instituto Adventista de Tecnolog\u00eda","description":"Sitio web oficial del Instituto Adventista de Tecnolog\u00eda","publisher":{"@id":"https:\/\/www.iatec.com\/es\/#organization"},"potentialAction":[{"@type":"SearchAction","target":{"@type":"EntryPoint","urlTemplate":"https:\/\/www.iatec.com\/es\/?s={search_term_string}"},"query-input":"required name=search_term_string"}],"inLanguage":"pt-BR"},{"@type":"Organization","@id":"https:\/\/www.iatec.com\/es\/#organization","name":"IATec | Instituto Adventista de Tecnolog\u00eda","url":"https:\/\/www.iatec.com\/es\/","logo":{"@type":"ImageObject","inLanguage":"pt-BR","@id":"https:\/\/www.iatec.com\/es\/#\/schema\/logo\/image\/","url":"https:\/\/iatec.com\/es\/wp-content\/uploads\/2022\/07\/IATEC-vertical-colorida.png","contentUrl":"https:\/\/iatec.com\/es\/wp-content\/uploads\/2022\/07\/IATEC-vertical-colorida.png","width":2250,"height":3721,"caption":"IATec | Instituto Adventista de Tecnolog\u00eda"},"image":{"@id":"https:\/\/www.iatec.com\/es\/#\/schema\/logo\/image\/"},"sameAs":["https:\/\/www.facebook.com\/iatecoficial","https:\/\/www.instagram.com\/o_iatec\/","https:\/\/www.youtube.com\/c\/IATecOficial","https:\/\/www.linkedin.com\/company\/iatecoficial\/"]}]}},"_links":{"self":[{"href":"https:\/\/www.iatec.com\/es\/wp-json\/wp\/v2\/pages\/10092","targetHints":{"allow":["GET"]}}],"collection":[{"href":"https:\/\/www.iatec.com\/es\/wp-json\/wp\/v2\/pages"}],"about":[{"href":"https:\/\/www.iatec.com\/es\/wp-json\/wp\/v2\/types\/page"}],"author":[{"embeddable":true,"href":"https:\/\/www.iatec.com\/es\/wp-json\/wp\/v2\/users\/1"}],"replies":[{"embeddable":true,"href":"https:\/\/www.iatec.com\/es\/wp-json\/wp\/v2\/comments?post=10092"}],"version-history":[{"count":9,"href":"https:\/\/www.iatec.com\/es\/wp-json\/wp\/v2\/pages\/10092\/revisions"}],"predecessor-version":[{"id":10517,"href":"https:\/\/www.iatec.com\/es\/wp-json\/wp\/v2\/pages\/10092\/revisions\/10517"}],"wp:attachment":[{"href":"https:\/\/www.iatec.com\/es\/wp-json\/wp\/v2\/media?parent=10092"}],"curies":[{"name":"wp","href":"https:\/\/api.w.org\/{rel}","templated":true}]}}