{"id":10094,"date":"2022-08-10T10:17:40","date_gmt":"2022-08-10T13:17:40","guid":{"rendered":"https:\/\/iatec.com\/es\/?page_id=10094"},"modified":"2022-11-03T23:26:04","modified_gmt":"2022-11-04T02:26:04","slug":"financiera","status":"publish","type":"page","link":"https:\/\/www.iatec.com\/es\/financiera\/","title":{"rendered":"Financiera"},"content":{"rendered":"<p>[vc_row full_width=&#8221;stretch_row&#8221;][vc_column][vc_column_text]Solo en Am\u00e9rica del Sur, la Iglesia mantiene cerca de 500 unidades administrativas que realizan millones de asientos contables cada mes, adem\u00e1s de gestionar los procesos financieros en cientos de unidades escolares.<\/p>\n<p>Toda esta actividad se apoya en la vertical contable y financiera.<\/p>\n<p>A trav\u00e9s de esta vertical, el IATec brinda robustos sistemas de gesti\u00f3n contable para cada unidad administrativa, adem\u00e1s de sistemas que gestionan procesos financieros, como pagos, recibos, comunicaci\u00f3n con estructuras bancarias y de tarjetas de cr\u00e9dito, as\u00ed como con organismos gubernamentales. Nuestros equipos tambi\u00e9n brindan asesoramiento, apoyo y capacitaci\u00f3n para profesionales en este campo en las oficinas de la iglesia.<\/p>\n<p>AASI.net (Adventist Accounting Software International) es un sistema de contabilidad que controla todos los procesos contables, financieros, presupuestarios y de control de activos de las entidades, utilizando tecnolog\u00eda de computaci\u00f3n en la nube, que utiliza una interfaz web para facilitar la integraci\u00f3n de las instituciones. El sistema permite el control de todas las operaciones contables y financieras por fondos y departamentos de las entidades y tambi\u00e9n permite el uso de varias monedas. Es un sistema integrado con sistemas: n\u00f3minas de pago (APS), educativo (7edu), comercial (ACS), iglesias (ACMS), etc. Tambi\u00e9n permite el c\u00e1lculo del reporte de Balance Interno Denominacional, est\u00e1ndar en el DSA y el uso de \u201cDrill-Down\u201d para cada cuenta contable, departamento y fondo.<br \/>\n[\/vc_column_text][\/vc_column][\/vc_row][vc_row][vc_column][vc_empty_space][\/vc_column][\/vc_row][vc_row full_width=&#8221;stretch_row&#8221;][vc_column][vc_column_text]Facilidades para:<\/p>\n<ul>\n<li>Controlar todas las operaciones contables, financieras y patrimoniales de los fondos y departamentos de la entidad;<\/li>\n<li>C\u00e1lculos e informes de saldos denominacionales;<\/li>\n<li>Trabajo integrado con otros sistemas de la entidad.<\/li>\n<\/ul>\n<p>[\/vc_column_text][vc_empty_space][vc_single_image image=&#8221;10085&#8243; img_size=&#8221;full&#8221;][\/vc_column][\/vc_row]<\/p>\n","protected":false},"excerpt":{"rendered":"<p>[vc_row full_width=&#8221;stretch_row&#8221;][vc_column][vc_column_text]Solo en Am\u00e9rica del Sur, la Iglesia mantiene cerca de 500 unidades administrativas que realizan millones de asientos contables cada mes, adem\u00e1s de gestionar los procesos financieros en cientos de unidades escolares. Toda esta actividad se apoya en la vertical contable y financiera. A trav\u00e9s de esta vertical, el IATec brinda robustos sistemas de gesti\u00f3n contable para cada unidad administrativa, adem\u00e1s de sistemas que gestionan procesos financieros, como pagos, recibos, comunicaci\u00f3n con estructuras bancarias y de tarjetas de cr\u00e9dito, as\u00ed como con organismos gubernamentales. Nuestros equipos tambi\u00e9n brindan asesoramiento, apoyo y capacitaci\u00f3n para profesionales en este campo en las oficinas de la iglesia. AASI.net (Adventist Accounting Software International) es un sistema de contabilidad que controla todos los procesos contables, [&hellip;]<\/p>\n","protected":false},"author":1,"featured_media":0,"parent":0,"menu_order":0,"comment_status":"closed","ping_status":"closed","template":"","meta":{"footnotes":""},"class_list":["post-10094","page","type-page","status-publish","hentry"],"yoast_head":"<!-- This site is optimized with the Yoast SEO plugin v23.0 - https:\/\/yoast.com\/wordpress\/plugins\/seo\/ -->\n<title>Financiera - IATec | Instituto Adventista de Tecnolog\u00eda<\/title>\n<meta name=\"robots\" content=\"index, follow, max-snippet:-1, max-image-preview:large, max-video-preview:-1\" \/>\n<link rel=\"canonical\" href=\"https:\/\/www.iatec.com\/es\/financiera\/\" \/>\n<meta property=\"og:locale\" content=\"pt_BR\" \/>\n<meta property=\"og:type\" content=\"article\" \/>\n<meta property=\"og:title\" content=\"Financiera - IATec | Instituto Adventista de Tecnolog\u00eda\" \/>\n<meta property=\"og:description\" content=\"[vc_row full_width=&#8221;stretch_row&#8221;][vc_column][vc_column_text]Solo en Am\u00e9rica del Sur, la Iglesia mantiene cerca de 500 unidades administrativas que realizan millones de asientos contables cada mes, adem\u00e1s de gestionar los procesos financieros en cientos de unidades escolares. Toda esta actividad se apoya en la vertical contable y financiera. A trav\u00e9s de esta vertical, el IATec brinda robustos sistemas de gesti\u00f3n contable para cada unidad administrativa, adem\u00e1s de sistemas que gestionan procesos financieros, como pagos, recibos, comunicaci\u00f3n con estructuras bancarias y de tarjetas de cr\u00e9dito, as\u00ed como con organismos gubernamentales. Nuestros equipos tambi\u00e9n brindan asesoramiento, apoyo y capacitaci\u00f3n para profesionales en este campo en las oficinas de la iglesia. AASI.net (Adventist Accounting Software International) es un sistema de contabilidad que controla todos los procesos contables, [&hellip;]\" \/>\n<meta property=\"og:url\" content=\"https:\/\/www.iatec.com\/es\/financiera\/\" \/>\n<meta property=\"og:site_name\" content=\"IATec | Instituto Adventista de Tecnolog\u00eda\" \/>\n<meta property=\"article:publisher\" content=\"https:\/\/www.facebook.com\/iatecoficial\" \/>\n<meta property=\"article:modified_time\" content=\"2022-11-04T02:26:04+00:00\" \/>\n<meta name=\"twitter:card\" content=\"summary_large_image\" \/>\n<meta name=\"twitter:label1\" content=\"Est. tempo de leitura\" \/>\n\t<meta name=\"twitter:data1\" content=\"2 minutos\" \/>\n<script type=\"application\/ld+json\" class=\"yoast-schema-graph\">{\"@context\":\"https:\/\/schema.org\",\"@graph\":[{\"@type\":\"WebPage\",\"@id\":\"https:\/\/www.iatec.com\/es\/financiera\/\",\"url\":\"https:\/\/www.iatec.com\/es\/financiera\/\",\"name\":\"Financiera - IATec | Instituto Adventista de Tecnolog\u00eda\",\"isPartOf\":{\"@id\":\"https:\/\/www.iatec.com\/es\/#website\"},\"datePublished\":\"2022-08-10T13:17:40+00:00\",\"dateModified\":\"2022-11-04T02:26:04+00:00\",\"breadcrumb\":{\"@id\":\"https:\/\/www.iatec.com\/es\/financiera\/#breadcrumb\"},\"inLanguage\":\"pt-BR\",\"potentialAction\":[{\"@type\":\"ReadAction\",\"target\":[\"https:\/\/www.iatec.com\/es\/financiera\/\"]}]},{\"@type\":\"BreadcrumbList\",\"@id\":\"https:\/\/www.iatec.com\/es\/financiera\/#breadcrumb\",\"itemListElement\":[{\"@type\":\"ListItem\",\"position\":1,\"name\":\"In\u00edcio\",\"item\":\"https:\/\/www.iatec.com\/es\/\"},{\"@type\":\"ListItem\",\"position\":2,\"name\":\"Financiera\"}]},{\"@type\":\"WebSite\",\"@id\":\"https:\/\/www.iatec.com\/es\/#website\",\"url\":\"https:\/\/www.iatec.com\/es\/\",\"name\":\"IATec | Instituto Adventista de Tecnolog\u00eda\",\"description\":\"Sitio web oficial del Instituto Adventista de Tecnolog\u00eda\",\"publisher\":{\"@id\":\"https:\/\/www.iatec.com\/es\/#organization\"},\"potentialAction\":[{\"@type\":\"SearchAction\",\"target\":{\"@type\":\"EntryPoint\",\"urlTemplate\":\"https:\/\/www.iatec.com\/es\/?s={search_term_string}\"},\"query-input\":\"required name=search_term_string\"}],\"inLanguage\":\"pt-BR\"},{\"@type\":\"Organization\",\"@id\":\"https:\/\/www.iatec.com\/es\/#organization\",\"name\":\"IATec | Instituto Adventista de Tecnolog\u00eda\",\"url\":\"https:\/\/www.iatec.com\/es\/\",\"logo\":{\"@type\":\"ImageObject\",\"inLanguage\":\"pt-BR\",\"@id\":\"https:\/\/www.iatec.com\/es\/#\/schema\/logo\/image\/\",\"url\":\"https:\/\/iatec.com\/es\/wp-content\/uploads\/2022\/07\/IATEC-vertical-colorida.png\",\"contentUrl\":\"https:\/\/iatec.com\/es\/wp-content\/uploads\/2022\/07\/IATEC-vertical-colorida.png\",\"width\":2250,\"height\":3721,\"caption\":\"IATec | Instituto Adventista de Tecnolog\u00eda\"},\"image\":{\"@id\":\"https:\/\/www.iatec.com\/es\/#\/schema\/logo\/image\/\"},\"sameAs\":[\"https:\/\/www.facebook.com\/iatecoficial\",\"https:\/\/www.instagram.com\/o_iatec\/\",\"https:\/\/www.youtube.com\/c\/IATecOficial\",\"https:\/\/www.linkedin.com\/company\/iatecoficial\/\"]}]}<\/script>\n<!-- \/ Yoast SEO plugin. -->","yoast_head_json":{"title":"Financiera - IATec | Instituto Adventista de Tecnolog\u00eda","robots":{"index":"index","follow":"follow","max-snippet":"max-snippet:-1","max-image-preview":"max-image-preview:large","max-video-preview":"max-video-preview:-1"},"canonical":"https:\/\/www.iatec.com\/es\/financiera\/","og_locale":"pt_BR","og_type":"article","og_title":"Financiera - IATec | Instituto Adventista de Tecnolog\u00eda","og_description":"[vc_row full_width=&#8221;stretch_row&#8221;][vc_column][vc_column_text]Solo en Am\u00e9rica del Sur, la Iglesia mantiene cerca de 500 unidades administrativas que realizan millones de asientos contables cada mes, adem\u00e1s de gestionar los procesos financieros en cientos de unidades escolares. Toda esta actividad se apoya en la vertical contable y financiera. A trav\u00e9s de esta vertical, el IATec brinda robustos sistemas de gesti\u00f3n contable para cada unidad administrativa, adem\u00e1s de sistemas que gestionan procesos financieros, como pagos, recibos, comunicaci\u00f3n con estructuras bancarias y de tarjetas de cr\u00e9dito, as\u00ed como con organismos gubernamentales. Nuestros equipos tambi\u00e9n brindan asesoramiento, apoyo y capacitaci\u00f3n para profesionales en este campo en las oficinas de la iglesia. AASI.net (Adventist Accounting Software International) es un sistema de contabilidad que controla todos los procesos contables, [&hellip;]","og_url":"https:\/\/www.iatec.com\/es\/financiera\/","og_site_name":"IATec | Instituto Adventista de Tecnolog\u00eda","article_publisher":"https:\/\/www.facebook.com\/iatecoficial","article_modified_time":"2022-11-04T02:26:04+00:00","twitter_card":"summary_large_image","twitter_misc":{"Est. tempo de leitura":"2 minutos"},"schema":{"@context":"https:\/\/schema.org","@graph":[{"@type":"WebPage","@id":"https:\/\/www.iatec.com\/es\/financiera\/","url":"https:\/\/www.iatec.com\/es\/financiera\/","name":"Financiera - IATec | Instituto Adventista de Tecnolog\u00eda","isPartOf":{"@id":"https:\/\/www.iatec.com\/es\/#website"},"datePublished":"2022-08-10T13:17:40+00:00","dateModified":"2022-11-04T02:26:04+00:00","breadcrumb":{"@id":"https:\/\/www.iatec.com\/es\/financiera\/#breadcrumb"},"inLanguage":"pt-BR","potentialAction":[{"@type":"ReadAction","target":["https:\/\/www.iatec.com\/es\/financiera\/"]}]},{"@type":"BreadcrumbList","@id":"https:\/\/www.iatec.com\/es\/financiera\/#breadcrumb","itemListElement":[{"@type":"ListItem","position":1,"name":"In\u00edcio","item":"https:\/\/www.iatec.com\/es\/"},{"@type":"ListItem","position":2,"name":"Financiera"}]},{"@type":"WebSite","@id":"https:\/\/www.iatec.com\/es\/#website","url":"https:\/\/www.iatec.com\/es\/","name":"IATec | Instituto Adventista de Tecnolog\u00eda","description":"Sitio web oficial del Instituto Adventista de Tecnolog\u00eda","publisher":{"@id":"https:\/\/www.iatec.com\/es\/#organization"},"potentialAction":[{"@type":"SearchAction","target":{"@type":"EntryPoint","urlTemplate":"https:\/\/www.iatec.com\/es\/?s={search_term_string}"},"query-input":"required name=search_term_string"}],"inLanguage":"pt-BR"},{"@type":"Organization","@id":"https:\/\/www.iatec.com\/es\/#organization","name":"IATec | Instituto Adventista de Tecnolog\u00eda","url":"https:\/\/www.iatec.com\/es\/","logo":{"@type":"ImageObject","inLanguage":"pt-BR","@id":"https:\/\/www.iatec.com\/es\/#\/schema\/logo\/image\/","url":"https:\/\/iatec.com\/es\/wp-content\/uploads\/2022\/07\/IATEC-vertical-colorida.png","contentUrl":"https:\/\/iatec.com\/es\/wp-content\/uploads\/2022\/07\/IATEC-vertical-colorida.png","width":2250,"height":3721,"caption":"IATec | Instituto Adventista de Tecnolog\u00eda"},"image":{"@id":"https:\/\/www.iatec.com\/es\/#\/schema\/logo\/image\/"},"sameAs":["https:\/\/www.facebook.com\/iatecoficial","https:\/\/www.instagram.com\/o_iatec\/","https:\/\/www.youtube.com\/c\/IATecOficial","https:\/\/www.linkedin.com\/company\/iatecoficial\/"]}]}},"_links":{"self":[{"href":"https:\/\/www.iatec.com\/es\/wp-json\/wp\/v2\/pages\/10094","targetHints":{"allow":["GET"]}}],"collection":[{"href":"https:\/\/www.iatec.com\/es\/wp-json\/wp\/v2\/pages"}],"about":[{"href":"https:\/\/www.iatec.com\/es\/wp-json\/wp\/v2\/types\/page"}],"author":[{"embeddable":true,"href":"https:\/\/www.iatec.com\/es\/wp-json\/wp\/v2\/users\/1"}],"replies":[{"embeddable":true,"href":"https:\/\/www.iatec.com\/es\/wp-json\/wp\/v2\/comments?post=10094"}],"version-history":[{"count":7,"href":"https:\/\/www.iatec.com\/es\/wp-json\/wp\/v2\/pages\/10094\/revisions"}],"predecessor-version":[{"id":10507,"href":"https:\/\/www.iatec.com\/es\/wp-json\/wp\/v2\/pages\/10094\/revisions\/10507"}],"wp:attachment":[{"href":"https:\/\/www.iatec.com\/es\/wp-json\/wp\/v2\/media?parent=10094"}],"curies":[{"name":"wp","href":"https:\/\/api.w.org\/{rel}","templated":true}]}}