{"id":10095,"date":"2022-08-10T10:17:40","date_gmt":"2022-08-10T13:17:40","guid":{"rendered":"https:\/\/iatec.com\/es\/?page_id=10095"},"modified":"2022-11-03T23:26:01","modified_gmt":"2022-11-04T02:26:01","slug":"educacion","status":"publish","type":"page","link":"https:\/\/www.iatec.com\/es\/educacion\/","title":{"rendered":"Educaci\u00f3n"},"content":{"rendered":"<p>[vc_row full_width=&#8221;stretch_row&#8221;][vc_column][vc_column_text]A trav\u00e9s de esta vertical, el IATec act\u00faa como proveedor de servicios de desarrollo de software para la gesti\u00f3n educativa, an\u00e1lisis de negocios, investigaci\u00f3n, consultor\u00eda, capacitaci\u00f3n y apoyo a las m\u00e1s diversas necesidades del \u00e1rea educativa en la Iglesia Adventista. Nuestro prop\u00f3sito es desarrollar soluciones inform\u00e1ticas que optimicen los procesos en nuestras unidades, desde la educaci\u00f3n b\u00e1sica hasta la educaci\u00f3n superior, mejorando la experiencia de estudiantes, docentes, directivos y empleados. Adem\u00e1s, actuamos directamente en el eje estrat\u00e9gico de la Educaci\u00f3n Adventista, orientando y apoyando la toma de decisiones en todo lo que involucra TI para la educaci\u00f3n.<\/p>\n<p>7edu es un conjunto de m\u00f3dulos con un aspecto moderno e intuitivo totalmente en l\u00ednea. El antiguo ADEMS es un conjunto de m\u00f3dulos con una apariencia moderna e intuitiva, totalmente en l\u00ednea, creado en asociaci\u00f3n con entidades educativas, que muestran din\u00e1micamente las necesidades del mercado educativo. Atendiendo las demandas de los estudiantes desde el inicio de la matr\u00edcula hasta la formaci\u00f3n, desde el docente hasta el directivo, ADEMS fue desarrollado con la mirada puesta en la realidad de la educaci\u00f3n adventista y sus particularidades, facilitando la gesti\u00f3n de la ense\u00f1anza en su conjunto y plenamente integrada con otros sistemas ya adoptado por la iglesia.[\/vc_column_text][\/vc_column][\/vc_row][vc_row][vc_column][vc_empty_space][\/vc_column][\/vc_row][vc_row full_width=&#8221;stretch_row&#8221;][vc_column][vc_column_text]Facilidades para:<\/p>\n<ul>\n<li>Gestionar el proceso de selecci\u00f3n, como registro, aprobaciones y prerregistros;<\/li>\n<li>Gestionar el plantel de profesores, coordinadores, administradores con facilidad;<\/li>\n<li>Gestionar matrices, planes de estudios de forma r\u00e1pida e intuitiva;<\/li>\n<li>Asignar clases en l\u00ednea a los profesores;<\/li>\n<li>Gesti\u00f3n de clases, ausencias, pruebas y gesti\u00f3n de planes;<\/li>\n<li>Gesti\u00f3n de notas y ausencias, actividades y boletines;<\/li>\n<li>Monitorear los principales indicadores a trav\u00e9s del celular;<\/li>\n<li>Gesti\u00f3n de calendario, eventos, CRM para postventa de productos y servicios;<\/li>\n<li>Sistema de gesti\u00f3n de cuentas por cobrar y por pagar, simple, intuitivo y r\u00e1pido;<\/li>\n<li>Gesti\u00f3n integrada de m\u00faltiples bancos;<\/li>\n<li>M\u00f3dulo para la gesti\u00f3n de estudiantes en condiciones especiales;<\/li>\n<li>Evaluar estudiantes, profesores, coordinadores, en una plataforma unificada;<\/li>\n<li>Investigaci\u00f3n de mercado, datos sobre competidores, un entorno para compartir datos;<\/li>\n<li>Gesti\u00f3n de estudiantes con programas de pasant\u00edas activos;<\/li>\n<li>Gesti\u00f3n de proyectos de investigaci\u00f3n y extensi\u00f3n con formalizaci\u00f3n de los grupos de investigaci\u00f3n involucrados;<\/li>\n<li>M\u00f3dulo que gestiona las entradas y salidas de los estudiantes, la alimentaci\u00f3n y las actividades de los estudiantes;<\/li>\n<li>Firmar y almacenar documentos en formatos digitales. [\/vc_column_text][vc_empty_space][vc_single_image image=&#8221;10088&#8243; img_size=&#8221;full&#8221;][\/vc_column][\/vc_row]<\/li>\n<\/ul>\n","protected":false},"excerpt":{"rendered":"<p>[vc_row full_width=&#8221;stretch_row&#8221;][vc_column][vc_column_text]A trav\u00e9s de esta vertical, el IATec act\u00faa como proveedor de servicios de desarrollo de software para la gesti\u00f3n educativa, an\u00e1lisis de negocios, investigaci\u00f3n, consultor\u00eda, capacitaci\u00f3n y apoyo a las m\u00e1s diversas necesidades del \u00e1rea educativa en la Iglesia Adventista. Nuestro prop\u00f3sito es desarrollar soluciones inform\u00e1ticas que optimicen los procesos en nuestras unidades, desde la educaci\u00f3n b\u00e1sica hasta la educaci\u00f3n superior, mejorando la experiencia de estudiantes, docentes, directivos y empleados. Adem\u00e1s, actuamos directamente en el eje estrat\u00e9gico de la Educaci\u00f3n Adventista, orientando y apoyando la toma de decisiones en todo lo que involucra TI para la educaci\u00f3n. 7edu es un conjunto de m\u00f3dulos con un aspecto moderno e intuitivo totalmente en l\u00ednea. El antiguo ADEMS es un conjunto de [&hellip;]<\/p>\n","protected":false},"author":1,"featured_media":0,"parent":0,"menu_order":0,"comment_status":"closed","ping_status":"closed","template":"","meta":{"footnotes":""},"class_list":["post-10095","page","type-page","status-publish","hentry"],"yoast_head":"<!-- This site is optimized with the Yoast SEO plugin v23.0 - https:\/\/yoast.com\/wordpress\/plugins\/seo\/ -->\n<title>Educaci\u00f3n - IATec | Instituto Adventista de Tecnolog\u00eda<\/title>\n<meta name=\"robots\" content=\"index, follow, max-snippet:-1, max-image-preview:large, max-video-preview:-1\" \/>\n<link rel=\"canonical\" href=\"https:\/\/www.iatec.com\/es\/educacion\/\" \/>\n<meta property=\"og:locale\" content=\"pt_BR\" \/>\n<meta property=\"og:type\" content=\"article\" \/>\n<meta property=\"og:title\" content=\"Educaci\u00f3n - IATec | Instituto Adventista de Tecnolog\u00eda\" \/>\n<meta property=\"og:description\" content=\"[vc_row full_width=&#8221;stretch_row&#8221;][vc_column][vc_column_text]A trav\u00e9s de esta vertical, el IATec act\u00faa como proveedor de servicios de desarrollo de software para la gesti\u00f3n educativa, an\u00e1lisis de negocios, investigaci\u00f3n, consultor\u00eda, capacitaci\u00f3n y apoyo a las m\u00e1s diversas necesidades del \u00e1rea educativa en la Iglesia Adventista. Nuestro prop\u00f3sito es desarrollar soluciones inform\u00e1ticas que optimicen los procesos en nuestras unidades, desde la educaci\u00f3n b\u00e1sica hasta la educaci\u00f3n superior, mejorando la experiencia de estudiantes, docentes, directivos y empleados. Adem\u00e1s, actuamos directamente en el eje estrat\u00e9gico de la Educaci\u00f3n Adventista, orientando y apoyando la toma de decisiones en todo lo que involucra TI para la educaci\u00f3n. 7edu es un conjunto de m\u00f3dulos con un aspecto moderno e intuitivo totalmente en l\u00ednea. El antiguo ADEMS es un conjunto de [&hellip;]\" \/>\n<meta property=\"og:url\" content=\"https:\/\/www.iatec.com\/es\/educacion\/\" \/>\n<meta property=\"og:site_name\" content=\"IATec | Instituto Adventista de Tecnolog\u00eda\" \/>\n<meta property=\"article:publisher\" content=\"https:\/\/www.facebook.com\/iatecoficial\" \/>\n<meta property=\"article:modified_time\" content=\"2022-11-04T02:26:01+00:00\" \/>\n<meta name=\"twitter:card\" content=\"summary_large_image\" \/>\n<meta name=\"twitter:label1\" content=\"Est. tempo de leitura\" \/>\n\t<meta name=\"twitter:data1\" content=\"3 minutos\" \/>\n<script type=\"application\/ld+json\" class=\"yoast-schema-graph\">{\"@context\":\"https:\/\/schema.org\",\"@graph\":[{\"@type\":\"WebPage\",\"@id\":\"https:\/\/www.iatec.com\/es\/educacion\/\",\"url\":\"https:\/\/www.iatec.com\/es\/educacion\/\",\"name\":\"Educaci\u00f3n - IATec | Instituto Adventista de Tecnolog\u00eda\",\"isPartOf\":{\"@id\":\"https:\/\/www.iatec.com\/es\/#website\"},\"datePublished\":\"2022-08-10T13:17:40+00:00\",\"dateModified\":\"2022-11-04T02:26:01+00:00\",\"breadcrumb\":{\"@id\":\"https:\/\/www.iatec.com\/es\/educacion\/#breadcrumb\"},\"inLanguage\":\"pt-BR\",\"potentialAction\":[{\"@type\":\"ReadAction\",\"target\":[\"https:\/\/www.iatec.com\/es\/educacion\/\"]}]},{\"@type\":\"BreadcrumbList\",\"@id\":\"https:\/\/www.iatec.com\/es\/educacion\/#breadcrumb\",\"itemListElement\":[{\"@type\":\"ListItem\",\"position\":1,\"name\":\"In\u00edcio\",\"item\":\"https:\/\/www.iatec.com\/es\/\"},{\"@type\":\"ListItem\",\"position\":2,\"name\":\"Educaci\u00f3n\"}]},{\"@type\":\"WebSite\",\"@id\":\"https:\/\/www.iatec.com\/es\/#website\",\"url\":\"https:\/\/www.iatec.com\/es\/\",\"name\":\"IATec | Instituto Adventista de Tecnolog\u00eda\",\"description\":\"Sitio web oficial del Instituto Adventista de Tecnolog\u00eda\",\"publisher\":{\"@id\":\"https:\/\/www.iatec.com\/es\/#organization\"},\"potentialAction\":[{\"@type\":\"SearchAction\",\"target\":{\"@type\":\"EntryPoint\",\"urlTemplate\":\"https:\/\/www.iatec.com\/es\/?s={search_term_string}\"},\"query-input\":\"required name=search_term_string\"}],\"inLanguage\":\"pt-BR\"},{\"@type\":\"Organization\",\"@id\":\"https:\/\/www.iatec.com\/es\/#organization\",\"name\":\"IATec | Instituto Adventista de Tecnolog\u00eda\",\"url\":\"https:\/\/www.iatec.com\/es\/\",\"logo\":{\"@type\":\"ImageObject\",\"inLanguage\":\"pt-BR\",\"@id\":\"https:\/\/www.iatec.com\/es\/#\/schema\/logo\/image\/\",\"url\":\"https:\/\/iatec.com\/es\/wp-content\/uploads\/2022\/07\/IATEC-vertical-colorida.png\",\"contentUrl\":\"https:\/\/iatec.com\/es\/wp-content\/uploads\/2022\/07\/IATEC-vertical-colorida.png\",\"width\":2250,\"height\":3721,\"caption\":\"IATec | Instituto Adventista de Tecnolog\u00eda\"},\"image\":{\"@id\":\"https:\/\/www.iatec.com\/es\/#\/schema\/logo\/image\/\"},\"sameAs\":[\"https:\/\/www.facebook.com\/iatecoficial\",\"https:\/\/www.instagram.com\/o_iatec\/\",\"https:\/\/www.youtube.com\/c\/IATecOficial\",\"https:\/\/www.linkedin.com\/company\/iatecoficial\/\"]}]}<\/script>\n<!-- \/ Yoast SEO plugin. -->","yoast_head_json":{"title":"Educaci\u00f3n - IATec | Instituto Adventista de Tecnolog\u00eda","robots":{"index":"index","follow":"follow","max-snippet":"max-snippet:-1","max-image-preview":"max-image-preview:large","max-video-preview":"max-video-preview:-1"},"canonical":"https:\/\/www.iatec.com\/es\/educacion\/","og_locale":"pt_BR","og_type":"article","og_title":"Educaci\u00f3n - IATec | Instituto Adventista de Tecnolog\u00eda","og_description":"[vc_row full_width=&#8221;stretch_row&#8221;][vc_column][vc_column_text]A trav\u00e9s de esta vertical, el IATec act\u00faa como proveedor de servicios de desarrollo de software para la gesti\u00f3n educativa, an\u00e1lisis de negocios, investigaci\u00f3n, consultor\u00eda, capacitaci\u00f3n y apoyo a las m\u00e1s diversas necesidades del \u00e1rea educativa en la Iglesia Adventista. Nuestro prop\u00f3sito es desarrollar soluciones inform\u00e1ticas que optimicen los procesos en nuestras unidades, desde la educaci\u00f3n b\u00e1sica hasta la educaci\u00f3n superior, mejorando la experiencia de estudiantes, docentes, directivos y empleados. Adem\u00e1s, actuamos directamente en el eje estrat\u00e9gico de la Educaci\u00f3n Adventista, orientando y apoyando la toma de decisiones en todo lo que involucra TI para la educaci\u00f3n. 7edu es un conjunto de m\u00f3dulos con un aspecto moderno e intuitivo totalmente en l\u00ednea. El antiguo ADEMS es un conjunto de [&hellip;]","og_url":"https:\/\/www.iatec.com\/es\/educacion\/","og_site_name":"IATec | Instituto Adventista de Tecnolog\u00eda","article_publisher":"https:\/\/www.facebook.com\/iatecoficial","article_modified_time":"2022-11-04T02:26:01+00:00","twitter_card":"summary_large_image","twitter_misc":{"Est. tempo de leitura":"3 minutos"},"schema":{"@context":"https:\/\/schema.org","@graph":[{"@type":"WebPage","@id":"https:\/\/www.iatec.com\/es\/educacion\/","url":"https:\/\/www.iatec.com\/es\/educacion\/","name":"Educaci\u00f3n - IATec | Instituto Adventista de Tecnolog\u00eda","isPartOf":{"@id":"https:\/\/www.iatec.com\/es\/#website"},"datePublished":"2022-08-10T13:17:40+00:00","dateModified":"2022-11-04T02:26:01+00:00","breadcrumb":{"@id":"https:\/\/www.iatec.com\/es\/educacion\/#breadcrumb"},"inLanguage":"pt-BR","potentialAction":[{"@type":"ReadAction","target":["https:\/\/www.iatec.com\/es\/educacion\/"]}]},{"@type":"BreadcrumbList","@id":"https:\/\/www.iatec.com\/es\/educacion\/#breadcrumb","itemListElement":[{"@type":"ListItem","position":1,"name":"In\u00edcio","item":"https:\/\/www.iatec.com\/es\/"},{"@type":"ListItem","position":2,"name":"Educaci\u00f3n"}]},{"@type":"WebSite","@id":"https:\/\/www.iatec.com\/es\/#website","url":"https:\/\/www.iatec.com\/es\/","name":"IATec | Instituto Adventista de Tecnolog\u00eda","description":"Sitio web oficial del Instituto Adventista de Tecnolog\u00eda","publisher":{"@id":"https:\/\/www.iatec.com\/es\/#organization"},"potentialAction":[{"@type":"SearchAction","target":{"@type":"EntryPoint","urlTemplate":"https:\/\/www.iatec.com\/es\/?s={search_term_string}"},"query-input":"required name=search_term_string"}],"inLanguage":"pt-BR"},{"@type":"Organization","@id":"https:\/\/www.iatec.com\/es\/#organization","name":"IATec | Instituto Adventista de Tecnolog\u00eda","url":"https:\/\/www.iatec.com\/es\/","logo":{"@type":"ImageObject","inLanguage":"pt-BR","@id":"https:\/\/www.iatec.com\/es\/#\/schema\/logo\/image\/","url":"https:\/\/iatec.com\/es\/wp-content\/uploads\/2022\/07\/IATEC-vertical-colorida.png","contentUrl":"https:\/\/iatec.com\/es\/wp-content\/uploads\/2022\/07\/IATEC-vertical-colorida.png","width":2250,"height":3721,"caption":"IATec | Instituto Adventista de Tecnolog\u00eda"},"image":{"@id":"https:\/\/www.iatec.com\/es\/#\/schema\/logo\/image\/"},"sameAs":["https:\/\/www.facebook.com\/iatecoficial","https:\/\/www.instagram.com\/o_iatec\/","https:\/\/www.youtube.com\/c\/IATecOficial","https:\/\/www.linkedin.com\/company\/iatecoficial\/"]}]}},"_links":{"self":[{"href":"https:\/\/www.iatec.com\/es\/wp-json\/wp\/v2\/pages\/10095","targetHints":{"allow":["GET"]}}],"collection":[{"href":"https:\/\/www.iatec.com\/es\/wp-json\/wp\/v2\/pages"}],"about":[{"href":"https:\/\/www.iatec.com\/es\/wp-json\/wp\/v2\/types\/page"}],"author":[{"embeddable":true,"href":"https:\/\/www.iatec.com\/es\/wp-json\/wp\/v2\/users\/1"}],"replies":[{"embeddable":true,"href":"https:\/\/www.iatec.com\/es\/wp-json\/wp\/v2\/comments?post=10095"}],"version-history":[{"count":6,"href":"https:\/\/www.iatec.com\/es\/wp-json\/wp\/v2\/pages\/10095\/revisions"}],"predecessor-version":[{"id":10509,"href":"https:\/\/www.iatec.com\/es\/wp-json\/wp\/v2\/pages\/10095\/revisions\/10509"}],"wp:attachment":[{"href":"https:\/\/www.iatec.com\/es\/wp-json\/wp\/v2\/media?parent=10095"}],"curies":[{"name":"wp","href":"https:\/\/api.w.org\/{rel}","templated":true}]}}