{"id":10096,"date":"2022-08-10T10:17:41","date_gmt":"2022-08-10T13:17:41","guid":{"rendered":"https:\/\/iatec.com\/es\/?page_id=10096"},"modified":"2022-11-04T09:54:15","modified_gmt":"2022-11-04T12:54:15","slug":"recursos-humanos","status":"publish","type":"page","link":"https:\/\/www.iatec.com\/es\/recursos-humanos\/","title":{"rendered":"Recursos Humanos"},"content":{"rendered":"<p>[vc_row full_width=&#8221;stretch_row&#8221;][vc_column][vc_column_text]Nuestra Iglesia cuenta con miles de colaboradores que d\u00eda a d\u00eda prestan su talento en nuestras oficinas regionales, escuelas, hospitales e instituciones. En este escenario, los procesos de gesti\u00f3n de personas, administraci\u00f3n de pagos y cumplimiento de las leyes y determinaciones gubernamentales necesitan ser bien manejados para que nuestros empleados se sientan tranquilos y cuidados, y la Iglesia pueda avanzar con seguridad.<\/p>\n<p>Es precisamente en este contexto que opera la vertical de RRHH y DP del IATec, brindando sistemas para la gesti\u00f3n de todos estos procesos. Ya sea que nos centremos en la administraci\u00f3n de pagos y cumplimiento o en la gesti\u00f3n de recursos humanos, creamos y mantenemos soluciones, ofrecemos servicios de consultor\u00eda, soporte y capacitaci\u00f3n.<\/p>\n<p>El sistema de n\u00f3mina de pagos APS (Adventist Payroll System) es una completa herramienta orientada a optimizar la Gesti\u00f3n de Personas y Recursos Humanos, cubriendo de manera integrada todo lo relacionado con las relaciones laborales y la prestaci\u00f3n de servicios, desde el momento del preadmisi\u00f3n hasta despu\u00e9s del retiro. Trabaja en cumplimiento de la legislaci\u00f3n laboral, asiste en la administraci\u00f3n de beneficios, salarios, entre otros, mejorando y agilizando los procesos administrativos de la empresa. Atiende las m\u00e1s diversas \u00e1reas de actividad como iglesias, hospitales, escuelas, por ejemplo, y garantiza la integridad y seguridad de todos los datos, informaciones y c\u00e1lculos en portugu\u00e9s, espa\u00f1ol e ingl\u00e9s.[\/vc_column_text][\/vc_column][\/vc_row][vc_row][vc_column][vc_empty_space][\/vc_column][\/vc_row][vc_row full_width=&#8221;stretch_row&#8221;][vc_column][vc_column_text]Facilidades para:<\/p>\n<ul>\n<li>Crear diferentes tipos de pagos de acuerdo a las necesidades;<\/li>\n<li>Crear valores adecuados para cada tipo de pago, sin necesidad de asistencia de programadores;<\/li>\n<li>Control de acceso preparado de forma f\u00e1cil y sencilla para trabajar, permitiendo personalizar el sistema para cada usuario;<\/li>\n<li>Preparar c\u00e1lculos espec\u00edficos y personalizables;<\/li>\n<li>Garantiza la integridad y seguridad de la accesibilidad, a trav\u00e9s de diversos dispositivos;<\/li>\n<li>Creaci\u00f3n de fichas espec\u00edficas para todos los pa\u00edses que cuentan con APS. Entre ellos se encuentran: CAGED, GEFIP\/FGTS, DIRF, RAIS, etc;<\/li>\n<li>Reajuste de diferentes tipos de salarios, capaz de simular y prever antes de que el ajuste entre en vigor;<\/li>\n<li>Comparar los pagos actuales con los pagos anteriores;<\/li>\n<li>Ofrece un informe listo con un formato preaprobado por la Divisi\u00f3n Sudamericana;<\/li>\n<li>Genera archivos para ser importados a la nueva entidad, dejando cerrado el registro anterior;<\/li>\n<li>Controlar el bono de transporte de forma segura y completa, detallada por persona y por d\u00eda laborable;<\/li>\n<li>Contabilizar todas las n\u00f3minas de acuerdo con la norma adoptada por cada sindicato;<\/li>\n<li>El sistema tiene varias ayudas, ya sea a trav\u00e9s de un manual de operaci\u00f3n o por mensajes instant\u00e1neos de consejos;<\/li>\n<li>Generar los mismos textos que se pueden enviar a muchas personas de forma exclusiva y personalizada;<\/li>\n<li>Permite el env\u00edo de correos electr\u00f3nicos a trav\u00e9s del propio sistema;<\/li>\n<li>Permite deshacer un c\u00e1lculo cerrado y generar un extorno;<\/li>\n<li>Posee varios modelos de comprobantes de pago para atender las especificaciones legales de cada empresa;<\/li>\n<li>Permite a los empleados acceder a informaci\u00f3n para informaci\u00f3n y seguimiento;<\/li>\n<li>Informes personalizados que permiten la gesti\u00f3n de vacaciones acumuladas y periodos de concesi\u00f3n;<\/li>\n<li>Herramienta utilizada para controlar las solicitudes de los empleados;<\/li>\n<li>Permite configurar los diferentes tipos de planes de salud contratados, para que los descuentos se produzcan autom\u00e1ticamente;<\/li>\n<li>Permite la importaci\u00f3n de datos, eliminando la necesidad de digitar.[\/vc_column_text][vc_empty_space][vc_single_image image=&#8221;10089&#8243; img_size=&#8221;full&#8221;][\/vc_column][\/vc_row]<\/li>\n<\/ul>\n","protected":false},"excerpt":{"rendered":"<p>[vc_row full_width=&#8221;stretch_row&#8221;][vc_column][vc_column_text]Nuestra Iglesia cuenta con miles de colaboradores que d\u00eda a d\u00eda prestan su talento en nuestras oficinas regionales, escuelas, hospitales e instituciones. En este escenario, los procesos de gesti\u00f3n de personas, administraci\u00f3n de pagos y cumplimiento de las leyes y determinaciones gubernamentales necesitan ser bien manejados para que nuestros empleados se sientan tranquilos y cuidados, y la Iglesia pueda avanzar con seguridad. Es precisamente en este contexto que opera la vertical de RRHH y DP del IATec, brindando sistemas para la gesti\u00f3n de todos estos procesos. Ya sea que nos centremos en la administraci\u00f3n de pagos y cumplimiento o en la gesti\u00f3n de recursos humanos, creamos y mantenemos soluciones, ofrecemos servicios de consultor\u00eda, soporte y capacitaci\u00f3n. El sistema de [&hellip;]<\/p>\n","protected":false},"author":1,"featured_media":0,"parent":0,"menu_order":0,"comment_status":"closed","ping_status":"closed","template":"","meta":{"footnotes":""},"class_list":["post-10096","page","type-page","status-publish","hentry"],"yoast_head":"<!-- This site is optimized with the Yoast SEO plugin v23.0 - https:\/\/yoast.com\/wordpress\/plugins\/seo\/ -->\n<title>Recursos Humanos - IATec | Instituto Adventista de Tecnolog\u00eda<\/title>\n<meta name=\"robots\" content=\"index, follow, max-snippet:-1, max-image-preview:large, max-video-preview:-1\" \/>\n<link rel=\"canonical\" href=\"https:\/\/www.iatec.com\/es\/recursos-humanos\/\" \/>\n<meta property=\"og:locale\" content=\"pt_BR\" \/>\n<meta property=\"og:type\" content=\"article\" \/>\n<meta property=\"og:title\" content=\"Recursos Humanos - IATec | Instituto Adventista de Tecnolog\u00eda\" \/>\n<meta property=\"og:description\" content=\"[vc_row full_width=&#8221;stretch_row&#8221;][vc_column][vc_column_text]Nuestra Iglesia cuenta con miles de colaboradores que d\u00eda a d\u00eda prestan su talento en nuestras oficinas regionales, escuelas, hospitales e instituciones. En este escenario, los procesos de gesti\u00f3n de personas, administraci\u00f3n de pagos y cumplimiento de las leyes y determinaciones gubernamentales necesitan ser bien manejados para que nuestros empleados se sientan tranquilos y cuidados, y la Iglesia pueda avanzar con seguridad. Es precisamente en este contexto que opera la vertical de RRHH y DP del IATec, brindando sistemas para la gesti\u00f3n de todos estos procesos. Ya sea que nos centremos en la administraci\u00f3n de pagos y cumplimiento o en la gesti\u00f3n de recursos humanos, creamos y mantenemos soluciones, ofrecemos servicios de consultor\u00eda, soporte y capacitaci\u00f3n. El sistema de [&hellip;]\" \/>\n<meta property=\"og:url\" content=\"https:\/\/www.iatec.com\/es\/recursos-humanos\/\" \/>\n<meta property=\"og:site_name\" content=\"IATec | Instituto Adventista de Tecnolog\u00eda\" \/>\n<meta property=\"article:publisher\" content=\"https:\/\/www.facebook.com\/iatecoficial\" \/>\n<meta property=\"article:modified_time\" content=\"2022-11-04T12:54:15+00:00\" \/>\n<meta name=\"twitter:card\" content=\"summary_large_image\" \/>\n<meta name=\"twitter:label1\" content=\"Est. tempo de leitura\" \/>\n\t<meta name=\"twitter:data1\" content=\"3 minutos\" \/>\n<script type=\"application\/ld+json\" class=\"yoast-schema-graph\">{\"@context\":\"https:\/\/schema.org\",\"@graph\":[{\"@type\":\"WebPage\",\"@id\":\"https:\/\/www.iatec.com\/es\/recursos-humanos\/\",\"url\":\"https:\/\/www.iatec.com\/es\/recursos-humanos\/\",\"name\":\"Recursos Humanos - IATec | Instituto Adventista de Tecnolog\u00eda\",\"isPartOf\":{\"@id\":\"https:\/\/www.iatec.com\/es\/#website\"},\"datePublished\":\"2022-08-10T13:17:41+00:00\",\"dateModified\":\"2022-11-04T12:54:15+00:00\",\"breadcrumb\":{\"@id\":\"https:\/\/www.iatec.com\/es\/recursos-humanos\/#breadcrumb\"},\"inLanguage\":\"pt-BR\",\"potentialAction\":[{\"@type\":\"ReadAction\",\"target\":[\"https:\/\/www.iatec.com\/es\/recursos-humanos\/\"]}]},{\"@type\":\"BreadcrumbList\",\"@id\":\"https:\/\/www.iatec.com\/es\/recursos-humanos\/#breadcrumb\",\"itemListElement\":[{\"@type\":\"ListItem\",\"position\":1,\"name\":\"In\u00edcio\",\"item\":\"https:\/\/www.iatec.com\/es\/\"},{\"@type\":\"ListItem\",\"position\":2,\"name\":\"Recursos Humanos\"}]},{\"@type\":\"WebSite\",\"@id\":\"https:\/\/www.iatec.com\/es\/#website\",\"url\":\"https:\/\/www.iatec.com\/es\/\",\"name\":\"IATec | Instituto Adventista de Tecnolog\u00eda\",\"description\":\"Sitio web oficial del Instituto Adventista de Tecnolog\u00eda\",\"publisher\":{\"@id\":\"https:\/\/www.iatec.com\/es\/#organization\"},\"potentialAction\":[{\"@type\":\"SearchAction\",\"target\":{\"@type\":\"EntryPoint\",\"urlTemplate\":\"https:\/\/www.iatec.com\/es\/?s={search_term_string}\"},\"query-input\":\"required name=search_term_string\"}],\"inLanguage\":\"pt-BR\"},{\"@type\":\"Organization\",\"@id\":\"https:\/\/www.iatec.com\/es\/#organization\",\"name\":\"IATec | Instituto Adventista de Tecnolog\u00eda\",\"url\":\"https:\/\/www.iatec.com\/es\/\",\"logo\":{\"@type\":\"ImageObject\",\"inLanguage\":\"pt-BR\",\"@id\":\"https:\/\/www.iatec.com\/es\/#\/schema\/logo\/image\/\",\"url\":\"https:\/\/iatec.com\/es\/wp-content\/uploads\/2022\/07\/IATEC-vertical-colorida.png\",\"contentUrl\":\"https:\/\/iatec.com\/es\/wp-content\/uploads\/2022\/07\/IATEC-vertical-colorida.png\",\"width\":2250,\"height\":3721,\"caption\":\"IATec | Instituto Adventista de Tecnolog\u00eda\"},\"image\":{\"@id\":\"https:\/\/www.iatec.com\/es\/#\/schema\/logo\/image\/\"},\"sameAs\":[\"https:\/\/www.facebook.com\/iatecoficial\",\"https:\/\/www.instagram.com\/o_iatec\/\",\"https:\/\/www.youtube.com\/c\/IATecOficial\",\"https:\/\/www.linkedin.com\/company\/iatecoficial\/\"]}]}<\/script>\n<!-- \/ Yoast SEO plugin. -->","yoast_head_json":{"title":"Recursos Humanos - IATec | Instituto Adventista de Tecnolog\u00eda","robots":{"index":"index","follow":"follow","max-snippet":"max-snippet:-1","max-image-preview":"max-image-preview:large","max-video-preview":"max-video-preview:-1"},"canonical":"https:\/\/www.iatec.com\/es\/recursos-humanos\/","og_locale":"pt_BR","og_type":"article","og_title":"Recursos Humanos - IATec | Instituto Adventista de Tecnolog\u00eda","og_description":"[vc_row full_width=&#8221;stretch_row&#8221;][vc_column][vc_column_text]Nuestra Iglesia cuenta con miles de colaboradores que d\u00eda a d\u00eda prestan su talento en nuestras oficinas regionales, escuelas, hospitales e instituciones. En este escenario, los procesos de gesti\u00f3n de personas, administraci\u00f3n de pagos y cumplimiento de las leyes y determinaciones gubernamentales necesitan ser bien manejados para que nuestros empleados se sientan tranquilos y cuidados, y la Iglesia pueda avanzar con seguridad. Es precisamente en este contexto que opera la vertical de RRHH y DP del IATec, brindando sistemas para la gesti\u00f3n de todos estos procesos. Ya sea que nos centremos en la administraci\u00f3n de pagos y cumplimiento o en la gesti\u00f3n de recursos humanos, creamos y mantenemos soluciones, ofrecemos servicios de consultor\u00eda, soporte y capacitaci\u00f3n. El sistema de [&hellip;]","og_url":"https:\/\/www.iatec.com\/es\/recursos-humanos\/","og_site_name":"IATec | Instituto Adventista de Tecnolog\u00eda","article_publisher":"https:\/\/www.facebook.com\/iatecoficial","article_modified_time":"2022-11-04T12:54:15+00:00","twitter_card":"summary_large_image","twitter_misc":{"Est. tempo de leitura":"3 minutos"},"schema":{"@context":"https:\/\/schema.org","@graph":[{"@type":"WebPage","@id":"https:\/\/www.iatec.com\/es\/recursos-humanos\/","url":"https:\/\/www.iatec.com\/es\/recursos-humanos\/","name":"Recursos Humanos - IATec | Instituto Adventista de Tecnolog\u00eda","isPartOf":{"@id":"https:\/\/www.iatec.com\/es\/#website"},"datePublished":"2022-08-10T13:17:41+00:00","dateModified":"2022-11-04T12:54:15+00:00","breadcrumb":{"@id":"https:\/\/www.iatec.com\/es\/recursos-humanos\/#breadcrumb"},"inLanguage":"pt-BR","potentialAction":[{"@type":"ReadAction","target":["https:\/\/www.iatec.com\/es\/recursos-humanos\/"]}]},{"@type":"BreadcrumbList","@id":"https:\/\/www.iatec.com\/es\/recursos-humanos\/#breadcrumb","itemListElement":[{"@type":"ListItem","position":1,"name":"In\u00edcio","item":"https:\/\/www.iatec.com\/es\/"},{"@type":"ListItem","position":2,"name":"Recursos Humanos"}]},{"@type":"WebSite","@id":"https:\/\/www.iatec.com\/es\/#website","url":"https:\/\/www.iatec.com\/es\/","name":"IATec | Instituto Adventista de Tecnolog\u00eda","description":"Sitio web oficial del Instituto Adventista de Tecnolog\u00eda","publisher":{"@id":"https:\/\/www.iatec.com\/es\/#organization"},"potentialAction":[{"@type":"SearchAction","target":{"@type":"EntryPoint","urlTemplate":"https:\/\/www.iatec.com\/es\/?s={search_term_string}"},"query-input":"required name=search_term_string"}],"inLanguage":"pt-BR"},{"@type":"Organization","@id":"https:\/\/www.iatec.com\/es\/#organization","name":"IATec | Instituto Adventista de Tecnolog\u00eda","url":"https:\/\/www.iatec.com\/es\/","logo":{"@type":"ImageObject","inLanguage":"pt-BR","@id":"https:\/\/www.iatec.com\/es\/#\/schema\/logo\/image\/","url":"https:\/\/iatec.com\/es\/wp-content\/uploads\/2022\/07\/IATEC-vertical-colorida.png","contentUrl":"https:\/\/iatec.com\/es\/wp-content\/uploads\/2022\/07\/IATEC-vertical-colorida.png","width":2250,"height":3721,"caption":"IATec | Instituto Adventista de Tecnolog\u00eda"},"image":{"@id":"https:\/\/www.iatec.com\/es\/#\/schema\/logo\/image\/"},"sameAs":["https:\/\/www.facebook.com\/iatecoficial","https:\/\/www.instagram.com\/o_iatec\/","https:\/\/www.youtube.com\/c\/IATecOficial","https:\/\/www.linkedin.com\/company\/iatecoficial\/"]}]}},"_links":{"self":[{"href":"https:\/\/www.iatec.com\/es\/wp-json\/wp\/v2\/pages\/10096","targetHints":{"allow":["GET"]}}],"collection":[{"href":"https:\/\/www.iatec.com\/es\/wp-json\/wp\/v2\/pages"}],"about":[{"href":"https:\/\/www.iatec.com\/es\/wp-json\/wp\/v2\/types\/page"}],"author":[{"embeddable":true,"href":"https:\/\/www.iatec.com\/es\/wp-json\/wp\/v2\/users\/1"}],"replies":[{"embeddable":true,"href":"https:\/\/www.iatec.com\/es\/wp-json\/wp\/v2\/comments?post=10096"}],"version-history":[{"count":6,"href":"https:\/\/www.iatec.com\/es\/wp-json\/wp\/v2\/pages\/10096\/revisions"}],"predecessor-version":[{"id":10519,"href":"https:\/\/www.iatec.com\/es\/wp-json\/wp\/v2\/pages\/10096\/revisions\/10519"}],"wp:attachment":[{"href":"https:\/\/www.iatec.com\/es\/wp-json\/wp\/v2\/media?parent=10096"}],"curies":[{"name":"wp","href":"https:\/\/api.w.org\/{rel}","templated":true}]}}