{"id":10120,"date":"2022-08-11T09:35:37","date_gmt":"2022-08-11T12:35:37","guid":{"rendered":"https:\/\/iatec.com\/es\/?page_id=10120"},"modified":"2022-11-13T17:52:06","modified_gmt":"2022-11-13T20:52:06","slug":"politica-de-privacidad","status":"publish","type":"page","link":"https:\/\/www.iatec.com\/es\/politica-de-privacidad\/","title":{"rendered":"Pol\u00edtica de Privacidad"},"content":{"rendered":"<p>[vc_row][vc_column][vc_column_text]<\/p>\n<p style=\"text-align: center;\"><strong>Introducci\u00f3n<\/strong><\/p>\n<p>Para el <strong>IATEC (Instituto Tecnol\u00f3gico Adventista)<\/strong> es de suma importancia garantizar la privacidad y seguridad de la informaci\u00f3n proporcionada por los <strong>USUARIOS<\/strong>. Todos los datos recabados a trav\u00e9s de los sistemas o proporcionados por el titular al <strong>IATEC<\/strong> ser\u00e1n tratados de forma segura y no ser\u00e1n vendidos, cedidos, intercambiados o divulgados a terceros sin la autorizaci\u00f3n expresa de nuestros <strong>USUARIOS<\/strong>.<\/p>\n<p>El <strong>USUARIO<\/strong> de los sistemas es responsable de proporcionar correctamente sus datos personales y de asegurarse de que son veraces, firmando el t\u00e9rmino de uso cada vez que utilice una aplicaci\u00f3n y firmando el t\u00e9rmino de responsabilidad cada vez que tenga acceso a informaci\u00f3n de terceros de acuerdo con el acceso otorgado.<\/p>\n<p>El <strong>IATEC<\/strong> busca constantemente mejorar sus herramientas y tecnolog\u00eda para brindar la total seguridad de los datos de los <strong>USUARIOS<\/strong>, haciendo uso de las m\u00e1s modernas y eficientes pr\u00e1cticas de seguridad, en el desarrollo y hospedaje de sus plataformas virtuales, asegurando a sus <strong>USUARIOS<\/strong>, ya que evita la p\u00e9rdida, mal uso, alteraci\u00f3n o acceso no autorizado a los datos personales facilitados. Las pol\u00edticas de privacidad siguen desde la concepci\u00f3n (privacy by design) hasta la privacidad est\u00e1ndar (privacy by default), con el fin de garantizar una cultura de privacidad en todo el proceso de creaci\u00f3n de sistemas hasta su disponibilidad efectiva para el usuario.<\/p>\n<p style=\"text-align: center;\"><strong>Pol\u00edtica de privacidad<\/strong><\/p>\n<p>Nuestra Pol\u00edtica de privacidad tambi\u00e9n demuestra nuestro compromiso de proteger la privacidad y los datos de nuestros <strong>USUARIOS<\/strong> mientras utilizan nuestros sistemas. El uso de los sistemas se rige por esta Pol\u00edtica de Privacidad. Al usar, acceder o participar en esto, usted acepta nuestra Pol\u00edtica de privacidad.<\/p>\n<p><span style=\"text-decoration: underline;\">Informaciones personales:<\/span> al acceder a nuestros sistemas y completar su registro, le solicitamos que env\u00ede cierta informaci\u00f3n que lo identifica personalmente, que puede incluir su nombre, apellido, direcci\u00f3n de correo electr\u00f3nico y otra informaci\u00f3n (colectivamente, &#8220;<strong>INFORMACIONES PERSONALES<\/strong>&#8220;). En ning\u00fan caso se realizar\u00e1 un acceso no autorizado a los datos facilitados, mal uso o alteraci\u00f3n, ya que estos datos se conservar\u00e1n con total seguridad. El <strong>IATEC<\/strong> se compromete a utilizar su Informaci\u00f3n Personal con cuidado y precauci\u00f3n.<\/p>\n<ul>\n<li><span style=\"text-decoration: underline;\">Datos Personales:<\/span> se refiere a la informaci\u00f3n relacionada con la persona f\u00edsica identificada o identificable, que corresponde a los datos personales de los Empleados, Representantes, Prestadores de Servicios y etc.<\/li>\n<li><span style=\"text-decoration: underline;\">Datos Personales Sensibles:<\/span> se refiere a datos personales sobre origen racial o \u00e9tnico, convicci\u00f3n religiosa, opini\u00f3n pol\u00edtica, afiliaci\u00f3n a un sindicato u organizaci\u00f3n de car\u00e1cter religioso, filos\u00f3fico o pol\u00edtico, datos relativos a la salud o vida sexual, datos gen\u00e9ticos o biom\u00e9tricos, cuando est\u00e9 vinculado a una persona f\u00edsica. Para efectos de la relaci\u00f3n entre el Colegio y los Usuarios, son los datos m\u00e9dicos personales de los Estudiantes;<\/li>\n<\/ul>\n<p>El conocimiento de la Informaci\u00f3n de los Usuarios por parte del <strong>IATEC<\/strong> es importante y necesario para el buen funcionamiento de los sistemas, ya que le permite al <strong>IATEC<\/strong> conocer a los <strong>USUARIOS<\/strong> y as\u00ed promover un entorno compatible con sus intereses y que les permita aprovechar al m\u00e1ximo las instalaciones de los sistemas Por otra parte, este conocimiento es fundamental para la seguridad de los sistemas, de las partes que se relacionan con \u00e9l y, sobre todo, para la seguridad de las transacciones que se realizan a trav\u00e9s de \u00e9l.<\/p>\n<p>La <strong>Informaci\u00f3n de los Usuarios<\/strong> relacionada con el uso que hacen de los sistemas y su comportamiento no ser\u00e1 publicada por el <strong>IATEC<\/strong>, pero existe la necesidad de compartirla con terceros ya que se produce la integraci\u00f3n con sistemas externos contratados por la matriz, sirviendo s\u00f3lo que el <strong>IATEC<\/strong> disponga de medios para mantener los sistemas siempre compatibles con los intereses de sus <strong>USUARIOS<\/strong>.<\/p>\n<p><span style=\"text-decoration: underline;\">Responsabilidad por la confidencialidad:<\/span> Usted ser\u00e1 responsable de asegurar la confidencialidad de la Informaci\u00f3n Personal que env\u00ede al <strong>IATEC<\/strong>. La informaci\u00f3n inexacta afectar\u00e1 su uso de los sistemas y otras funciones, as\u00ed como nuestra capacidad para comunicarnos con usted, como se describe en esta Pol\u00edtica de privacidad. Por lo tanto, usted ser\u00e1 responsable de la confidencialidad y el uso adecuado de su nombre de usuario (log in) y contrase\u00f1a, creados en el momento del registro.<\/p>\n<p><span style=\"text-decoration: underline;\">Divulgaci\u00f3n de informaci\u00f3n:<\/span> el <strong>IATEC<\/strong> no comparte, vende, alquila ni intercambia su informaci\u00f3n personal con terceros con fines promocionales. Sin embargo, nos reservamos el derecho de divulgar su Informaci\u00f3n personal seg\u00fan lo requiera la ley y cuando creamos que la divulgaci\u00f3n es necesaria para proteger nuestros derechos y\/o cumplir con un procedimiento judicial, una orden judicial o un proceso legal. Adicionalmente, le informamos que \u00fanicamente divulgaremos los datos de nuestros <strong>USUARIOS<\/strong> de forma despersonalizada y agregada, salvo disposici\u00f3n legal en contrario. Eventualmente, como proveedor de tecnolog\u00eda, podr\u00e1 compartir datos con el Grupo Institucional de la Iglesia Adventista, cuando aparezca como responsable del tratamiento, para las finalidades establecidas en virtud de un contrato de suministro de software. Las pol\u00edticas de aplicaci\u00f3n ser\u00e1n las divulgadas por el Responsable.<\/p>\n<p><span style=\"text-decoration: underline;\">Seguridad:<\/span> la informaci\u00f3n personal que recopilamos sobre usted se almacena en un servidor seguro protegido con contrase\u00f1a y solo las personas autorizadas tienen acceso a ella; adem\u00e1s, utilizamos tecnolog\u00edas en relaci\u00f3n con la recepci\u00f3n y transferencia de esta informaci\u00f3n. no se puede garantizar que ninguna transmisi\u00f3n a trav\u00e9s de Internet o red celular y ning\u00fan otro m\u00e9todo de almacenamiento de datos sea segura el 100% (cien por ciento) del tiempo, con esto en mente y demostrando nuestro celo, implementamos pr\u00e1cticas constantes de seguridad y auditor\u00eda para garantizar que los procesos internos sean monitoreados. Trabajamos con socios, desarrolladores y proveedores de servicios en general. Eventualmente, dichas personas podr\u00e1n tener acceso a los datos almacenados por nosotros, sin embargo, este eventual acceso ser\u00e1 cuidadosamente monitoreado y si se sospecha de conductas il\u00edcitas, se tomar\u00e1n las medidas judiciales y extrajudiciales que correspondan.<\/p>\n<p><span style=\"text-decoration: underline;\">Informaci\u00f3n Impersonal:<\/span> para mejorar su experiencia al usar nuestros sistemas, recopilamos informaci\u00f3n adem\u00e1s de la Informaci\u00f3n personal (&#8220;Informaci\u00f3n impersonal&#8221;) sobre su uso de estos sistemas.<\/p>\n<p><span style=\"text-decoration: underline;\">Transferencia y Almacenamiento de Datos:<\/span> La plataforma del <strong>IATEC<\/strong> se almacena en servidores en la nube; al compartir su Informaci\u00f3n personal, usted acepta su transferencia y almacenamiento y su uso de acuerdo con los fines para los que fue recopilada.<\/p>\n<p><span style=\"text-decoration: underline;\">Uso y Divulgaci\u00f3n:<\/span> el <strong>IATEC<\/strong> tambi\u00e9n podr\u00e1, con el consentimiento de los <strong>USUARIOS<\/strong> que se adhieren a esta Pol\u00edtica, revelar cualquier Informaci\u00f3n de los Usuarios a cualquier otra empresa que sea o ser\u00e1 controlada por ella, asociada a ella, o que sea su controlador, as\u00ed como como sus socios, administradores, empleados y contratistas que para el desempe\u00f1o de sus funciones necesitan tener conocimiento de la <strong>Informaci\u00f3n de los Usuarios<\/strong>.<\/p>\n<p><span style=\"text-decoration: underline;\">Responsabilidad:<\/span> el <strong>IATEC<\/strong> trabaja con controles y procedimientos que tienen como objetivo proteger la informaci\u00f3n, sin embargo, ante la influencia de agentes externos o que est\u00e1n fuera del control del <strong>IATEC<\/strong>, lo que puede materializarse, por ejemplo, en las siguientes situaciones:<\/p>\n<ol>\n<li>Invasi\u00f3n de piratas inform\u00e1ticos que no pueda ser contenida por las medidas de seguridad normalmente utilizadas por el <strong>IATEC<\/strong>;<\/li>\n<li>El mal uso de los <strong>SISTEMAS<\/strong> por parte de los <strong>USUARIOS<\/strong>, o la falta de cuidado o buena fe de estos, ya sea con su propia Informaci\u00f3n, o con la Informaci\u00f3n de otros <strong>USUARIOS<\/strong>,<\/li>\n<li>Funcionamiento de otras empresas que, por su propia actividad, tengan acceso a alguna <strong>Informaci\u00f3n de los Usuarios<\/strong>, tales como empresas proveedoras de acceso a Internet, servicios de correo electr\u00f3nico y telefon\u00eda m\u00f3vil.<\/li>\n<\/ol>\n<p>Los <strong>USUARIOS<\/strong> negligentes o infractores ser\u00e1n los \u00fanicos responsables de los da\u00f1os y perjuicios que resulten de su conducta, incluso frente al <strong>IATEC<\/strong> y otros <strong>USUARIOS<\/strong>, si se vieran afectados de cualquier forma.<\/p>\n<p><span style=\"text-decoration: underline;\">Transferencias internacionales:<\/span> Los Datos Personales y Datos Personales Sensibles tratados por el <strong>IATEC<\/strong> ser\u00e1n siempre tratados con base en la LGPD. El <strong>IATEC<\/strong> tiene su sede en Brasil, pero nuestros subcontratistas o socios tambi\u00e9n pueden tener su sede o realizar el procesamiento de datos en pa\u00edses distintos de Brasil. En este caso, garantizamos que nuestros afiliados y subcontratistas tambi\u00e9n estar\u00e1n sujetos a las obligaciones de esta Pol\u00edtica de Privacidad.<\/p>\n<p>As\u00ed, al aceptar esta Pol\u00edtica de Privacidad, el Usuario tambi\u00e9n acepta que los Datos Personales y los Datos Personales Sensibles puedan ser objeto de transferencias internacionales y se declara consciente de todas las garant\u00edas aplicables al tratamiento en el extranjero, de conformidad con esta Pol\u00edtica de Privacidad.<\/p>\n<p><span style=\"text-decoration: underline;\">Derechos de los Titulares de Datos:<\/span> De acuerdo a lo previsto en la Ley General de Protecci\u00f3n de Datos Personales, los derechos previstos para las personas f\u00edsicas son los siguientes:<\/p>\n<ul>\n<li>Confirmaci\u00f3n de la existencia del tratamiento;<\/li>\n<li>Acceso a los datos;<\/li>\n<li>Correcci\u00f3n de datos incompletos, inexactos o desactualizados;<\/li>\n<li>Anonimizaci\u00f3n, bloqueo o eliminaci\u00f3n de datos innecesarios, excesivos o tratados en violaci\u00f3n de la LGPD;<\/li>\n<li>Portabilidad de los datos a otro proveedor de servicios o productos, resguardando los secretos comerciales e industriales de la Red;<\/li>\n<li>Eliminaci\u00f3n de los datos personales tratados sin el consentimiento del titular, salvo en los casos de custodia legal y dem\u00e1s previstos en la LGPD;<\/li>\n<li>Informaci\u00f3n sobre las entidades p\u00fablicas y privadas con las que la Red comparti\u00f3 el uso de datos;<\/li>\n<li>Informaci\u00f3n sobre la posibilidad de no dar el consentimiento y sobre las consecuencias de la negaci\u00f3n;<\/li>\n<li>Revocaci\u00f3n del consentimiento, en los t\u00e9rminos de la LGPD, conservando el derecho adquirido hasta la fecha de revocaci\u00f3n;<\/li>\n<\/ul>\n<p>Los derechos mencionados anteriormente estar\u00e1n garantizados y podr\u00e1n ser ejercitados por los Usuarios en los t\u00e9rminos exactos descritos en la LGPD. Todas y cada una de las solicitudes, quejas, solicitudes de informaci\u00f3n o ejercicio de derechos por parte del Titular podr\u00e1n realizarse a trav\u00e9s de la direcci\u00f3n de correo electr\u00f3nico: dpo.oficial@iatec.com.<\/p>\n<p>En materia de seguridad y privacidad, eventualmente, se podr\u00e1n solicitar otros datos o documentos para atender la solicitud, en caso de existir alguna duda sobre la veracidad de la informaci\u00f3n facilitada o sobre la identidad del Usuario.<\/p>\n<p style=\"text-align: center;\"><strong>Otras disposiciones<\/strong><\/p>\n<p>Cualquier consulta o solicitud relacionada con esta Pol\u00edtica de Privacidad de Sistemas deber\u00e1 ser enviada al <strong>IATEC<\/strong> a trav\u00e9s del correo electr\u00f3nico: dpo.oficial@iatec.com<\/p>\n<p><span style=\"text-decoration: underline;\">Cambios a la Pol\u00edtica de Privacidad:<\/span> Nos reservamos el derecho de cambiar la Pol\u00edtica de Privacidad en cualquier momento a nuestra entera discreci\u00f3n. Ante cualquier cambio en la Pol\u00edtica de Privacidad, se publicar\u00e1 el texto modificado. En todos los casos, el uso de la informaci\u00f3n que recopilamos est\u00e1 sujeto a la Pol\u00edtica de privacidad vigente en el momento en que se recopila la informaci\u00f3n.<\/p>\n<p>El <strong>USUARIO<\/strong> podr\u00e1 manifestar su oposici\u00f3n a los cambios que se produzcan en los T\u00e9rminos de Uso, T\u00e9rminos de Responsabilidad y Pol\u00edtica de Privacidad, siempre que se realicen por escrito, a trav\u00e9s del correo electr\u00f3nico: dpo.oficial@iatec.com, lo que generar\u00e1 la <strong>CANCELACI\u00d3N<\/strong> de su registro.<\/p>\n<p>Para resolver cualquier duda con respecto a esta Pol\u00edtica de Privacidad, ya se establece la aplicaci\u00f3n de las leyes de la Rep\u00fablica Federativa de Brasil, independientemente del pa\u00eds desde el cual se acceda a los sistemas. Cualesquier disputas o controversias legales que surjan de actos realizados en el \u00e1mbito de estas plataformas por los <strong>USUARIOS<\/strong>, incluso en relaci\u00f3n con el incumplimiento de la Pol\u00edtica de Privacidad o la violaci\u00f3n de los derechos de terceros, ser\u00e1n procesadas en los tribunales de Hortol\u00e2ndia\/SP.<\/p>\n<p>La versi\u00f3n v\u00e1lida y efectiva de esta Pol\u00edtica de Privacidad es la actualmente publicada en el sitio web del <strong>IATEC<\/strong>. Esta versi\u00f3n rige todas las relaciones pasadas y presentes entre <strong>USUARIOS<\/strong>. Por lo tanto, el <strong>USUARIO<\/strong> siempre debe leer atentamente esta Pol\u00edtica de Privacidad, ya que no puede excusarse de las mismas alegando el desconocimiento de sus t\u00e9rminos, incluidas sus modificaciones.<\/p>\n<p><span style=\"text-decoration: underline;\">Cont\u00e1ctenos:<\/span> si desea ejercer sus derechos de privacidad como se describe en esta Pol\u00edtica de privacidad, o tiene alguna pregunta, inquietud o queja relacionada con la privacidad de datos, comun\u00edquese con nuestro Departamento de Privacidad de Datos o nuestro Oficial de datos (Data Protection Officer) enviando un correo electr\u00f3nico a dpo.oficial@iatec.com o escribi\u00e9ndonos a:<\/p>\n<p style=\"text-align: center;\">Instituto Adventista de Tecnolog\u00eda<\/p>\n<p style=\"text-align: center;\">Oficial de datos: Carlise Bulati<\/p>\n<p style=\"text-align: center;\">Correo electr\u00f3nico: dpo.oficial@iatec.com<\/p>\n<p>El<strong> USUARIO<\/strong> declara haber le\u00eddo, entendido y aceptado todas las reglas, condiciones y obligaciones establecidas en la presente Pol\u00edtica de Privacidad.<\/p>\n<p style=\"text-align: center;\">Versi\u00f3n 01.2021<\/p>\n<p style=\"text-align: center;\">Entrada en vigor: 01\/08\/2021<\/p>\n<p>[\/vc_column_text][\/vc_column][\/vc_row]<\/p>\n","protected":false},"excerpt":{"rendered":"<p>[vc_row][vc_column][vc_column_text] Introducci\u00f3n Para el IATEC (Instituto Tecnol\u00f3gico Adventista) es de suma importancia garantizar la privacidad y seguridad de la informaci\u00f3n proporcionada por los USUARIOS. Todos los datos recabados a trav\u00e9s de los sistemas o proporcionados por el titular al IATEC ser\u00e1n tratados de forma segura y no ser\u00e1n vendidos, cedidos, intercambiados o divulgados a terceros sin la autorizaci\u00f3n expresa de nuestros USUARIOS. El USUARIO de los sistemas es responsable de proporcionar correctamente sus datos personales y de asegurarse de que son veraces, firmando el t\u00e9rmino de uso cada vez que utilice una aplicaci\u00f3n y firmando el t\u00e9rmino de responsabilidad cada vez que tenga acceso a informaci\u00f3n de terceros de acuerdo con el acceso otorgado. El IATEC busca constantemente mejorar sus [&hellip;]<\/p>\n","protected":false},"author":1,"featured_media":0,"parent":0,"menu_order":0,"comment_status":"closed","ping_status":"closed","template":"","meta":{"footnotes":""},"class_list":["post-10120","page","type-page","status-publish","hentry"],"yoast_head":"<!-- This site is optimized with the Yoast SEO plugin v23.0 - https:\/\/yoast.com\/wordpress\/plugins\/seo\/ -->\n<title>Pol\u00edtica de Privacidad - IATec | Instituto Adventista de Tecnolog\u00eda<\/title>\n<meta name=\"robots\" content=\"index, follow, max-snippet:-1, max-image-preview:large, max-video-preview:-1\" \/>\n<link rel=\"canonical\" href=\"https:\/\/www.iatec.com\/es\/politica-de-privacidad\/\" \/>\n<meta property=\"og:locale\" content=\"pt_BR\" \/>\n<meta property=\"og:type\" content=\"article\" \/>\n<meta property=\"og:title\" content=\"Pol\u00edtica de Privacidad - IATec | Instituto Adventista de Tecnolog\u00eda\" \/>\n<meta property=\"og:description\" content=\"[vc_row][vc_column][vc_column_text] Introducci\u00f3n Para el IATEC (Instituto Tecnol\u00f3gico Adventista) es de suma importancia garantizar la privacidad y seguridad de la informaci\u00f3n proporcionada por los USUARIOS. Todos los datos recabados a trav\u00e9s de los sistemas o proporcionados por el titular al IATEC ser\u00e1n tratados de forma segura y no ser\u00e1n vendidos, cedidos, intercambiados o divulgados a terceros sin la autorizaci\u00f3n expresa de nuestros USUARIOS. El USUARIO de los sistemas es responsable de proporcionar correctamente sus datos personales y de asegurarse de que son veraces, firmando el t\u00e9rmino de uso cada vez que utilice una aplicaci\u00f3n y firmando el t\u00e9rmino de responsabilidad cada vez que tenga acceso a informaci\u00f3n de terceros de acuerdo con el acceso otorgado. El IATEC busca constantemente mejorar sus [&hellip;]\" \/>\n<meta property=\"og:url\" content=\"https:\/\/www.iatec.com\/es\/politica-de-privacidad\/\" \/>\n<meta property=\"og:site_name\" content=\"IATec | Instituto Adventista de Tecnolog\u00eda\" \/>\n<meta property=\"article:publisher\" content=\"https:\/\/www.facebook.com\/iatecoficial\" \/>\n<meta property=\"article:modified_time\" content=\"2022-11-13T20:52:06+00:00\" \/>\n<meta name=\"twitter:card\" content=\"summary_large_image\" \/>\n<meta name=\"twitter:label1\" content=\"Est. tempo de leitura\" \/>\n\t<meta name=\"twitter:data1\" content=\"11 minutos\" \/>\n<script type=\"application\/ld+json\" class=\"yoast-schema-graph\">{\"@context\":\"https:\/\/schema.org\",\"@graph\":[{\"@type\":\"WebPage\",\"@id\":\"https:\/\/www.iatec.com\/es\/politica-de-privacidad\/\",\"url\":\"https:\/\/www.iatec.com\/es\/politica-de-privacidad\/\",\"name\":\"Pol\u00edtica de Privacidad - IATec | Instituto Adventista de Tecnolog\u00eda\",\"isPartOf\":{\"@id\":\"https:\/\/www.iatec.com\/es\/#website\"},\"datePublished\":\"2022-08-11T12:35:37+00:00\",\"dateModified\":\"2022-11-13T20:52:06+00:00\",\"breadcrumb\":{\"@id\":\"https:\/\/www.iatec.com\/es\/politica-de-privacidad\/#breadcrumb\"},\"inLanguage\":\"pt-BR\",\"potentialAction\":[{\"@type\":\"ReadAction\",\"target\":[\"https:\/\/www.iatec.com\/es\/politica-de-privacidad\/\"]}]},{\"@type\":\"BreadcrumbList\",\"@id\":\"https:\/\/www.iatec.com\/es\/politica-de-privacidad\/#breadcrumb\",\"itemListElement\":[{\"@type\":\"ListItem\",\"position\":1,\"name\":\"In\u00edcio\",\"item\":\"https:\/\/www.iatec.com\/es\/\"},{\"@type\":\"ListItem\",\"position\":2,\"name\":\"Pol\u00edtica de Privacidad\"}]},{\"@type\":\"WebSite\",\"@id\":\"https:\/\/www.iatec.com\/es\/#website\",\"url\":\"https:\/\/www.iatec.com\/es\/\",\"name\":\"IATec | Instituto Adventista de Tecnolog\u00eda\",\"description\":\"Sitio web oficial del Instituto Adventista de Tecnolog\u00eda\",\"publisher\":{\"@id\":\"https:\/\/www.iatec.com\/es\/#organization\"},\"potentialAction\":[{\"@type\":\"SearchAction\",\"target\":{\"@type\":\"EntryPoint\",\"urlTemplate\":\"https:\/\/www.iatec.com\/es\/?s={search_term_string}\"},\"query-input\":\"required name=search_term_string\"}],\"inLanguage\":\"pt-BR\"},{\"@type\":\"Organization\",\"@id\":\"https:\/\/www.iatec.com\/es\/#organization\",\"name\":\"IATec | Instituto Adventista de Tecnolog\u00eda\",\"url\":\"https:\/\/www.iatec.com\/es\/\",\"logo\":{\"@type\":\"ImageObject\",\"inLanguage\":\"pt-BR\",\"@id\":\"https:\/\/www.iatec.com\/es\/#\/schema\/logo\/image\/\",\"url\":\"https:\/\/iatec.com\/es\/wp-content\/uploads\/2022\/07\/IATEC-vertical-colorida.png\",\"contentUrl\":\"https:\/\/iatec.com\/es\/wp-content\/uploads\/2022\/07\/IATEC-vertical-colorida.png\",\"width\":2250,\"height\":3721,\"caption\":\"IATec | Instituto Adventista de Tecnolog\u00eda\"},\"image\":{\"@id\":\"https:\/\/www.iatec.com\/es\/#\/schema\/logo\/image\/\"},\"sameAs\":[\"https:\/\/www.facebook.com\/iatecoficial\",\"https:\/\/www.instagram.com\/o_iatec\/\",\"https:\/\/www.youtube.com\/c\/IATecOficial\",\"https:\/\/www.linkedin.com\/company\/iatecoficial\/\"]}]}<\/script>\n<!-- \/ Yoast SEO plugin. -->","yoast_head_json":{"title":"Pol\u00edtica de Privacidad - IATec | Instituto Adventista de Tecnolog\u00eda","robots":{"index":"index","follow":"follow","max-snippet":"max-snippet:-1","max-image-preview":"max-image-preview:large","max-video-preview":"max-video-preview:-1"},"canonical":"https:\/\/www.iatec.com\/es\/politica-de-privacidad\/","og_locale":"pt_BR","og_type":"article","og_title":"Pol\u00edtica de Privacidad - IATec | Instituto Adventista de Tecnolog\u00eda","og_description":"[vc_row][vc_column][vc_column_text] Introducci\u00f3n Para el IATEC (Instituto Tecnol\u00f3gico Adventista) es de suma importancia garantizar la privacidad y seguridad de la informaci\u00f3n proporcionada por los USUARIOS. Todos los datos recabados a trav\u00e9s de los sistemas o proporcionados por el titular al IATEC ser\u00e1n tratados de forma segura y no ser\u00e1n vendidos, cedidos, intercambiados o divulgados a terceros sin la autorizaci\u00f3n expresa de nuestros USUARIOS. El USUARIO de los sistemas es responsable de proporcionar correctamente sus datos personales y de asegurarse de que son veraces, firmando el t\u00e9rmino de uso cada vez que utilice una aplicaci\u00f3n y firmando el t\u00e9rmino de responsabilidad cada vez que tenga acceso a informaci\u00f3n de terceros de acuerdo con el acceso otorgado. El IATEC busca constantemente mejorar sus [&hellip;]","og_url":"https:\/\/www.iatec.com\/es\/politica-de-privacidad\/","og_site_name":"IATec | Instituto Adventista de Tecnolog\u00eda","article_publisher":"https:\/\/www.facebook.com\/iatecoficial","article_modified_time":"2022-11-13T20:52:06+00:00","twitter_card":"summary_large_image","twitter_misc":{"Est. tempo de leitura":"11 minutos"},"schema":{"@context":"https:\/\/schema.org","@graph":[{"@type":"WebPage","@id":"https:\/\/www.iatec.com\/es\/politica-de-privacidad\/","url":"https:\/\/www.iatec.com\/es\/politica-de-privacidad\/","name":"Pol\u00edtica de Privacidad - IATec | Instituto Adventista de Tecnolog\u00eda","isPartOf":{"@id":"https:\/\/www.iatec.com\/es\/#website"},"datePublished":"2022-08-11T12:35:37+00:00","dateModified":"2022-11-13T20:52:06+00:00","breadcrumb":{"@id":"https:\/\/www.iatec.com\/es\/politica-de-privacidad\/#breadcrumb"},"inLanguage":"pt-BR","potentialAction":[{"@type":"ReadAction","target":["https:\/\/www.iatec.com\/es\/politica-de-privacidad\/"]}]},{"@type":"BreadcrumbList","@id":"https:\/\/www.iatec.com\/es\/politica-de-privacidad\/#breadcrumb","itemListElement":[{"@type":"ListItem","position":1,"name":"In\u00edcio","item":"https:\/\/www.iatec.com\/es\/"},{"@type":"ListItem","position":2,"name":"Pol\u00edtica de Privacidad"}]},{"@type":"WebSite","@id":"https:\/\/www.iatec.com\/es\/#website","url":"https:\/\/www.iatec.com\/es\/","name":"IATec | Instituto Adventista de Tecnolog\u00eda","description":"Sitio web oficial del Instituto Adventista de Tecnolog\u00eda","publisher":{"@id":"https:\/\/www.iatec.com\/es\/#organization"},"potentialAction":[{"@type":"SearchAction","target":{"@type":"EntryPoint","urlTemplate":"https:\/\/www.iatec.com\/es\/?s={search_term_string}"},"query-input":"required name=search_term_string"}],"inLanguage":"pt-BR"},{"@type":"Organization","@id":"https:\/\/www.iatec.com\/es\/#organization","name":"IATec | Instituto Adventista de Tecnolog\u00eda","url":"https:\/\/www.iatec.com\/es\/","logo":{"@type":"ImageObject","inLanguage":"pt-BR","@id":"https:\/\/www.iatec.com\/es\/#\/schema\/logo\/image\/","url":"https:\/\/iatec.com\/es\/wp-content\/uploads\/2022\/07\/IATEC-vertical-colorida.png","contentUrl":"https:\/\/iatec.com\/es\/wp-content\/uploads\/2022\/07\/IATEC-vertical-colorida.png","width":2250,"height":3721,"caption":"IATec | Instituto Adventista de Tecnolog\u00eda"},"image":{"@id":"https:\/\/www.iatec.com\/es\/#\/schema\/logo\/image\/"},"sameAs":["https:\/\/www.facebook.com\/iatecoficial","https:\/\/www.instagram.com\/o_iatec\/","https:\/\/www.youtube.com\/c\/IATecOficial","https:\/\/www.linkedin.com\/company\/iatecoficial\/"]}]}},"_links":{"self":[{"href":"https:\/\/www.iatec.com\/es\/wp-json\/wp\/v2\/pages\/10120","targetHints":{"allow":["GET"]}}],"collection":[{"href":"https:\/\/www.iatec.com\/es\/wp-json\/wp\/v2\/pages"}],"about":[{"href":"https:\/\/www.iatec.com\/es\/wp-json\/wp\/v2\/types\/page"}],"author":[{"embeddable":true,"href":"https:\/\/www.iatec.com\/es\/wp-json\/wp\/v2\/users\/1"}],"replies":[{"embeddable":true,"href":"https:\/\/www.iatec.com\/es\/wp-json\/wp\/v2\/comments?post=10120"}],"version-history":[{"count":6,"href":"https:\/\/www.iatec.com\/es\/wp-json\/wp\/v2\/pages\/10120\/revisions"}],"predecessor-version":[{"id":10613,"href":"https:\/\/www.iatec.com\/es\/wp-json\/wp\/v2\/pages\/10120\/revisions\/10613"}],"wp:attachment":[{"href":"https:\/\/www.iatec.com\/es\/wp-json\/wp\/v2\/media?parent=10120"}],"curies":[{"name":"wp","href":"https:\/\/api.w.org\/{rel}","templated":true}]}}