{"id":10145,"date":"2022-08-17T11:39:46","date_gmt":"2022-08-17T14:39:46","guid":{"rendered":"https:\/\/iatec.com\/es\/?page_id=10145"},"modified":"2022-11-04T14:58:29","modified_gmt":"2022-11-04T17:58:29","slug":"salud","status":"publish","type":"page","link":"https:\/\/www.iatec.com\/es\/salud\/","title":{"rendered":"Salud"},"content":{"rendered":"<p>[vc_row full_width=&#8221;stretch_row&#8221;][vc_column][vc_column_text]La vertical de Salud fue creada hace poco m\u00e1s de dos a\u00f1os, en una \u00e9poca en que el IATec atend\u00eda a todas las dem\u00e1s \u00e1reas de la iglesia, excepto a las Instituciones de Salud.<\/p>\n<p>La complejidad del sector, no solo en el \u00e1rea Tecnol\u00f3gica, sino en el conjunto de sus actividades, exig\u00eda que el enfoque y actuaci\u00f3n fuera de una forma un poco diferente.<\/p>\n<p>Esta vertical no propone la construcci\u00f3n de un ERP (Enterprise Resource Planning) espec\u00edfico para el \u00e1rea de Salud. Las especificidades de cada Instituci\u00f3n, as\u00ed como la complejidad de la actividad, har\u00edan imposible profundizar y conformar un equipo para tal fin. El costo financiero ser\u00eda muy alto, dado el n\u00famero reducido de instituciones, en comparaci\u00f3n con otras, como iglesias y escuelas.<\/p>\n<p>En esta l\u00ednea de razonamiento, y en respuesta a la solicitud de los Directores de Instituciones en Brasil, IATec, a trav\u00e9s de una vertical, propone, en un primer momento, a orquestar la relaci\u00f3n de Hospitales y Cl\u00ednicas con los diversos proveedores de productos de Tecnolog\u00eda, principalmente de la ERP, que es uno para todos. De esta forma, tenemos mayor poder de negociaci\u00f3n y representatividad frente a estas empresas.[\/vc_column_text][\/vc_column][\/vc_row][vc_row][vc_column][vc_empty_space][\/vc_column][\/vc_row][vc_row full_width=&#8221;stretch_row&#8221;][vc_column][vc_column_text]La conducci\u00f3n de esta manera permite fortalecer esta \u00e1rea de la Iglesia frente al Mercado de Tecnolog\u00eda, al presentarse como una Red y no de manera individualizada como se ven\u00eda haciendo. La ganancia financiera y de conocimientos es evidente, considerando que el Instituto de Tecnolog\u00eda est\u00e1 compuesto por un equipo multidisciplinario, especializado en las diversas \u00e1reas de Tecnolog\u00edas de la Informaci\u00f3n.<\/p>\n<p>Tambi\u00e9n forma parte del portafolio de acciones de la vertical, la integraci\u00f3n de los Equipos de Tecnolog\u00eda de todos los Hospitales y Cl\u00ednicas, generando un esp\u00edritu colaborativo, visando el crecimiento y desarrollo de todos. Trayendo lo que cada Unidad tiene de bueno para compartir con los dem\u00e1s.<\/p>\n<p>Se promueve el acceso a la actualizaci\u00f3n y conocimiento en Tecnolog\u00eda a trav\u00e9s de Cursos, Capacitaciones e Intercambio, adem\u00e1s de facilitar el acceso a Seminarios y Eventos relacionados con el tema.<\/p>\n<p>Actualmente, una parte de las bases de datos de la Red de Salud Adventista est\u00e1 alojada en el Data Center del IATec. Simult\u00e1neamente, se est\u00e1n realizando estudios de factibilidad y costos para albergar toda la Red en un mismo lugar. Buscamos ganancias como el cumplimiento, un mejor rendimiento, una gesti\u00f3n m\u00e1s din\u00e1mica y costos m\u00e1s asequibles.[\/vc_column_text][vc_empty_space][vc_empty_space][vc_single_image image=&#8221;10082&#8243; img_size=&#8221;full&#8221;][\/vc_column][\/vc_row]<\/p>\n","protected":false},"excerpt":{"rendered":"<p>[vc_row full_width=&#8221;stretch_row&#8221;][vc_column][vc_column_text]La vertical de Salud fue creada hace poco m\u00e1s de dos a\u00f1os, en una \u00e9poca en que el IATec atend\u00eda a todas las dem\u00e1s \u00e1reas de la iglesia, excepto a las Instituciones de Salud. La complejidad del sector, no solo en el \u00e1rea Tecnol\u00f3gica, sino en el conjunto de sus actividades, exig\u00eda que el enfoque y actuaci\u00f3n fuera de una forma un poco diferente. Esta vertical no propone la construcci\u00f3n de un ERP (Enterprise Resource Planning) espec\u00edfico para el \u00e1rea de Salud. Las especificidades de cada Instituci\u00f3n, as\u00ed como la complejidad de la actividad, har\u00edan imposible profundizar y conformar un equipo para tal fin. El costo financiero ser\u00eda muy alto, dado el n\u00famero reducido de instituciones, en comparaci\u00f3n con [&hellip;]<\/p>\n","protected":false},"author":1,"featured_media":0,"parent":0,"menu_order":0,"comment_status":"closed","ping_status":"closed","template":"","meta":{"footnotes":""},"class_list":["post-10145","page","type-page","status-publish","hentry"],"yoast_head":"<!-- This site is optimized with the Yoast SEO plugin v23.0 - https:\/\/yoast.com\/wordpress\/plugins\/seo\/ -->\n<title>Salud - IATec | Instituto Adventista de Tecnolog\u00eda<\/title>\n<meta name=\"robots\" content=\"index, follow, max-snippet:-1, max-image-preview:large, max-video-preview:-1\" \/>\n<link rel=\"canonical\" href=\"https:\/\/www.iatec.com\/es\/salud\/\" \/>\n<meta property=\"og:locale\" content=\"pt_BR\" \/>\n<meta property=\"og:type\" content=\"article\" \/>\n<meta property=\"og:title\" content=\"Salud - IATec | Instituto Adventista de Tecnolog\u00eda\" \/>\n<meta property=\"og:description\" content=\"[vc_row full_width=&#8221;stretch_row&#8221;][vc_column][vc_column_text]La vertical de Salud fue creada hace poco m\u00e1s de dos a\u00f1os, en una \u00e9poca en que el IATec atend\u00eda a todas las dem\u00e1s \u00e1reas de la iglesia, excepto a las Instituciones de Salud. La complejidad del sector, no solo en el \u00e1rea Tecnol\u00f3gica, sino en el conjunto de sus actividades, exig\u00eda que el enfoque y actuaci\u00f3n fuera de una forma un poco diferente. Esta vertical no propone la construcci\u00f3n de un ERP (Enterprise Resource Planning) espec\u00edfico para el \u00e1rea de Salud. Las especificidades de cada Instituci\u00f3n, as\u00ed como la complejidad de la actividad, har\u00edan imposible profundizar y conformar un equipo para tal fin. El costo financiero ser\u00eda muy alto, dado el n\u00famero reducido de instituciones, en comparaci\u00f3n con [&hellip;]\" \/>\n<meta property=\"og:url\" content=\"https:\/\/www.iatec.com\/es\/salud\/\" \/>\n<meta property=\"og:site_name\" content=\"IATec | Instituto Adventista de Tecnolog\u00eda\" \/>\n<meta property=\"article:publisher\" content=\"https:\/\/www.facebook.com\/iatecoficial\" \/>\n<meta property=\"article:modified_time\" content=\"2022-11-04T17:58:29+00:00\" \/>\n<meta name=\"twitter:card\" content=\"summary_large_image\" \/>\n<meta name=\"twitter:label1\" content=\"Est. tempo de leitura\" \/>\n\t<meta name=\"twitter:data1\" content=\"3 minutos\" \/>\n<script type=\"application\/ld+json\" class=\"yoast-schema-graph\">{\"@context\":\"https:\/\/schema.org\",\"@graph\":[{\"@type\":\"WebPage\",\"@id\":\"https:\/\/www.iatec.com\/es\/salud\/\",\"url\":\"https:\/\/www.iatec.com\/es\/salud\/\",\"name\":\"Salud - IATec | Instituto Adventista de Tecnolog\u00eda\",\"isPartOf\":{\"@id\":\"https:\/\/www.iatec.com\/es\/#website\"},\"datePublished\":\"2022-08-17T14:39:46+00:00\",\"dateModified\":\"2022-11-04T17:58:29+00:00\",\"breadcrumb\":{\"@id\":\"https:\/\/www.iatec.com\/es\/salud\/#breadcrumb\"},\"inLanguage\":\"pt-BR\",\"potentialAction\":[{\"@type\":\"ReadAction\",\"target\":[\"https:\/\/www.iatec.com\/es\/salud\/\"]}]},{\"@type\":\"BreadcrumbList\",\"@id\":\"https:\/\/www.iatec.com\/es\/salud\/#breadcrumb\",\"itemListElement\":[{\"@type\":\"ListItem\",\"position\":1,\"name\":\"In\u00edcio\",\"item\":\"https:\/\/www.iatec.com\/es\/\"},{\"@type\":\"ListItem\",\"position\":2,\"name\":\"Salud\"}]},{\"@type\":\"WebSite\",\"@id\":\"https:\/\/www.iatec.com\/es\/#website\",\"url\":\"https:\/\/www.iatec.com\/es\/\",\"name\":\"IATec | Instituto Adventista de Tecnolog\u00eda\",\"description\":\"Sitio web oficial del Instituto Adventista de Tecnolog\u00eda\",\"publisher\":{\"@id\":\"https:\/\/www.iatec.com\/es\/#organization\"},\"potentialAction\":[{\"@type\":\"SearchAction\",\"target\":{\"@type\":\"EntryPoint\",\"urlTemplate\":\"https:\/\/www.iatec.com\/es\/?s={search_term_string}\"},\"query-input\":\"required name=search_term_string\"}],\"inLanguage\":\"pt-BR\"},{\"@type\":\"Organization\",\"@id\":\"https:\/\/www.iatec.com\/es\/#organization\",\"name\":\"IATec | Instituto Adventista de Tecnolog\u00eda\",\"url\":\"https:\/\/www.iatec.com\/es\/\",\"logo\":{\"@type\":\"ImageObject\",\"inLanguage\":\"pt-BR\",\"@id\":\"https:\/\/www.iatec.com\/es\/#\/schema\/logo\/image\/\",\"url\":\"https:\/\/iatec.com\/es\/wp-content\/uploads\/2022\/07\/IATEC-vertical-colorida.png\",\"contentUrl\":\"https:\/\/iatec.com\/es\/wp-content\/uploads\/2022\/07\/IATEC-vertical-colorida.png\",\"width\":2250,\"height\":3721,\"caption\":\"IATec | Instituto Adventista de Tecnolog\u00eda\"},\"image\":{\"@id\":\"https:\/\/www.iatec.com\/es\/#\/schema\/logo\/image\/\"},\"sameAs\":[\"https:\/\/www.facebook.com\/iatecoficial\",\"https:\/\/www.instagram.com\/o_iatec\/\",\"https:\/\/www.youtube.com\/c\/IATecOficial\",\"https:\/\/www.linkedin.com\/company\/iatecoficial\/\"]}]}<\/script>\n<!-- \/ Yoast SEO plugin. -->","yoast_head_json":{"title":"Salud - IATec | Instituto Adventista de Tecnolog\u00eda","robots":{"index":"index","follow":"follow","max-snippet":"max-snippet:-1","max-image-preview":"max-image-preview:large","max-video-preview":"max-video-preview:-1"},"canonical":"https:\/\/www.iatec.com\/es\/salud\/","og_locale":"pt_BR","og_type":"article","og_title":"Salud - IATec | Instituto Adventista de Tecnolog\u00eda","og_description":"[vc_row full_width=&#8221;stretch_row&#8221;][vc_column][vc_column_text]La vertical de Salud fue creada hace poco m\u00e1s de dos a\u00f1os, en una \u00e9poca en que el IATec atend\u00eda a todas las dem\u00e1s \u00e1reas de la iglesia, excepto a las Instituciones de Salud. La complejidad del sector, no solo en el \u00e1rea Tecnol\u00f3gica, sino en el conjunto de sus actividades, exig\u00eda que el enfoque y actuaci\u00f3n fuera de una forma un poco diferente. Esta vertical no propone la construcci\u00f3n de un ERP (Enterprise Resource Planning) espec\u00edfico para el \u00e1rea de Salud. Las especificidades de cada Instituci\u00f3n, as\u00ed como la complejidad de la actividad, har\u00edan imposible profundizar y conformar un equipo para tal fin. El costo financiero ser\u00eda muy alto, dado el n\u00famero reducido de instituciones, en comparaci\u00f3n con [&hellip;]","og_url":"https:\/\/www.iatec.com\/es\/salud\/","og_site_name":"IATec | Instituto Adventista de Tecnolog\u00eda","article_publisher":"https:\/\/www.facebook.com\/iatecoficial","article_modified_time":"2022-11-04T17:58:29+00:00","twitter_card":"summary_large_image","twitter_misc":{"Est. tempo de leitura":"3 minutos"},"schema":{"@context":"https:\/\/schema.org","@graph":[{"@type":"WebPage","@id":"https:\/\/www.iatec.com\/es\/salud\/","url":"https:\/\/www.iatec.com\/es\/salud\/","name":"Salud - IATec | Instituto Adventista de Tecnolog\u00eda","isPartOf":{"@id":"https:\/\/www.iatec.com\/es\/#website"},"datePublished":"2022-08-17T14:39:46+00:00","dateModified":"2022-11-04T17:58:29+00:00","breadcrumb":{"@id":"https:\/\/www.iatec.com\/es\/salud\/#breadcrumb"},"inLanguage":"pt-BR","potentialAction":[{"@type":"ReadAction","target":["https:\/\/www.iatec.com\/es\/salud\/"]}]},{"@type":"BreadcrumbList","@id":"https:\/\/www.iatec.com\/es\/salud\/#breadcrumb","itemListElement":[{"@type":"ListItem","position":1,"name":"In\u00edcio","item":"https:\/\/www.iatec.com\/es\/"},{"@type":"ListItem","position":2,"name":"Salud"}]},{"@type":"WebSite","@id":"https:\/\/www.iatec.com\/es\/#website","url":"https:\/\/www.iatec.com\/es\/","name":"IATec | Instituto Adventista de Tecnolog\u00eda","description":"Sitio web oficial del Instituto Adventista de Tecnolog\u00eda","publisher":{"@id":"https:\/\/www.iatec.com\/es\/#organization"},"potentialAction":[{"@type":"SearchAction","target":{"@type":"EntryPoint","urlTemplate":"https:\/\/www.iatec.com\/es\/?s={search_term_string}"},"query-input":"required name=search_term_string"}],"inLanguage":"pt-BR"},{"@type":"Organization","@id":"https:\/\/www.iatec.com\/es\/#organization","name":"IATec | Instituto Adventista de Tecnolog\u00eda","url":"https:\/\/www.iatec.com\/es\/","logo":{"@type":"ImageObject","inLanguage":"pt-BR","@id":"https:\/\/www.iatec.com\/es\/#\/schema\/logo\/image\/","url":"https:\/\/iatec.com\/es\/wp-content\/uploads\/2022\/07\/IATEC-vertical-colorida.png","contentUrl":"https:\/\/iatec.com\/es\/wp-content\/uploads\/2022\/07\/IATEC-vertical-colorida.png","width":2250,"height":3721,"caption":"IATec | Instituto Adventista de Tecnolog\u00eda"},"image":{"@id":"https:\/\/www.iatec.com\/es\/#\/schema\/logo\/image\/"},"sameAs":["https:\/\/www.facebook.com\/iatecoficial","https:\/\/www.instagram.com\/o_iatec\/","https:\/\/www.youtube.com\/c\/IATecOficial","https:\/\/www.linkedin.com\/company\/iatecoficial\/"]}]}},"_links":{"self":[{"href":"https:\/\/www.iatec.com\/es\/wp-json\/wp\/v2\/pages\/10145","targetHints":{"allow":["GET"]}}],"collection":[{"href":"https:\/\/www.iatec.com\/es\/wp-json\/wp\/v2\/pages"}],"about":[{"href":"https:\/\/www.iatec.com\/es\/wp-json\/wp\/v2\/types\/page"}],"author":[{"embeddable":true,"href":"https:\/\/www.iatec.com\/es\/wp-json\/wp\/v2\/users\/1"}],"replies":[{"embeddable":true,"href":"https:\/\/www.iatec.com\/es\/wp-json\/wp\/v2\/comments?post=10145"}],"version-history":[{"count":10,"href":"https:\/\/www.iatec.com\/es\/wp-json\/wp\/v2\/pages\/10145\/revisions"}],"predecessor-version":[{"id":10521,"href":"https:\/\/www.iatec.com\/es\/wp-json\/wp\/v2\/pages\/10145\/revisions\/10521"}],"wp:attachment":[{"href":"https:\/\/www.iatec.com\/es\/wp-json\/wp\/v2\/media?parent=10145"}],"curies":[{"name":"wp","href":"https:\/\/api.w.org\/{rel}","templated":true}]}}