{"id":9872,"date":"2022-07-01T12:40:04","date_gmt":"2022-07-01T15:40:04","guid":{"rendered":"https:\/\/iatec.com\/es\/?page_id=9872"},"modified":"2022-11-06T22:21:13","modified_gmt":"2022-11-07T01:21:13","slug":"el-iatec","status":"publish","type":"page","link":"https:\/\/www.iatec.com\/es\/el-iatec\/","title":{"rendered":"El IATec"},"content":{"rendered":"<p>[vc_row full_width=&#8221;stretch_row&#8221;][vc_column][vc_column_text]El Instituto Adventista de Tecnolog\u00eda surgi\u00f3 para satisfacer las demandas de tecnolog\u00eda de la informaci\u00f3n de los procesos de la Iglesia Adventista. Somos parte de la misi\u00f3n integral de la Iglesia, cuyo fin de existencia es predicar el Regreso de Jes\u00fas. En cada segmento de la instituci\u00f3n hay una estructura encaminada a que todo funcione con m\u00e1s agilidad y eficiencia y ese ciclo tambi\u00e9n se ve en el IATec. Para cada necesidad, hay un equipo dedicado a la soluci\u00f3n m\u00e1s creativa, r\u00e1pida y eficaz. Esta es nuestra raz\u00f3n de existir: \u00a1hacer que todo funcione!<\/p>\n<p>Ya sea para el miembro de la iglesia o para el empleado de oficinas y tiendas. Puede ser para el alumno o para el gestor educativo. No importa si es una necesidad m\u00e9dica o del departamento de Recursos Humanos, lo cierto es que tenemos una soluci\u00f3n para cada una de las necesidades de la Iglesia. \u00a1Adem\u00e1s de siempre innovar para llegar antes al problema en el d\u00eda a d\u00eda de trabajo![\/vc_column_text][\/vc_column][\/vc_row][vc_row][vc_column][vc_empty_space][\/vc_column][\/vc_row][vc_row full_width=&#8221;stretch_row&#8221;][vc_column]<div class=\"heading  default align-center transform-default icon-type-hidden heading-tag-h2\" id=\"like_sc_header_77523547\"><h2 class=\"header ltx-sr-id-like_sc_header_77523547984272178 ltx-sr ltx-sr-effect-fade_in ltx-sr-el-block ltx-sr-delay-0 ltx-sr-duration-1000 ltx-sr-sequences-0\"><span> Nuestra <\/span> Historia<\/h2><\/div>[vc_column_text]Somos m\u00e1s de 20 millones de adventistas del s\u00e9ptimo d\u00eda en todo el mundo. Una iglesia pr\u00f3spera y en crecimiento, que predica el evangelio en 237 pa\u00edses y en 891 idiomas diferentes.<\/p>\n<p>Mensaje de esperanza que es propagado por pastores, obreros, misioneros, profesionales, colaboradores y voluntarios esparcidos en miles de iglesias, escuelas, universidades, industrias, editoriales, instituciones, cl\u00ednicas, hospitales, estaciones de radio y televisi\u00f3n y proyectos sociales repartidos por todo el mundo.<\/p>\n<p>Administrar correctamente y de manera transparente toda esta compleja estructura es el gran desaf\u00edo de la Iglesia Adventista del S\u00e9ptimo D\u00eda (IASD). Solo la tecnolog\u00eda puede integrar todos los datos y medios necesarios para la gesti\u00f3n eficiente de los ministerios de esta gran iglesia. \u00a1El mensaje del evangelio debe ser predicado, y m\u00e1s y m\u00e1s debe ser promovido!<\/p>\n<p>Y fue entonces que el 1 de enero de 2016, el Instituto Adventista de Tecnolog\u00eda (IATec) inici\u00f3 sus operaciones en la ciudad de Hortol\u00e2ndia, en el interior del Estado de S\u00e3o Paulo, con cerca de 50 profesionales. La elecci\u00f3n de la ciudad fue estrat\u00e9gica, ya que es un gran polo tecnol\u00f3gico brasile\u00f1o, con infraestructura suficiente para albergar nuestra sede.<\/p>\n<p>IATec surgi\u00f3 precisamente porque la Divisi\u00f3n Sudamericana de la IASD entendi\u00f3 la necesidad de dar un gran paso hacia la expansi\u00f3n de su estructura tecnol\u00f3gica, buscando, tambi\u00e9n, apoyar a la Iglesia mundial en sus acciones relacionadas con la tecnolog\u00eda.<\/p>\n<p>Inaugurado el 14 de agosto de 2017, considerado un d\u00eda memorable para los empleados de nuestra instituci\u00f3n, tambi\u00e9n contamos con la representaci\u00f3n de invitados de toda la Divisi\u00f3n Sudamericana y la Sede Administrativa Mundial de la Iglesia Adventista.<\/p>\n<p>\u00a1Cabe mencionar que no somos una empresa de tecnolog\u00eda como pueda parecer! Nuestra actuaci\u00f3n, al servicio exclusivo de la Iglesia Adventista del S\u00e9ptimo D\u00eda, va mucho m\u00e1s all\u00e1 de nuestros servicios, sino que aplica nuestros resultados en la expansi\u00f3n de la obra misionera adventista, a trav\u00e9s de nosotros y los medios tecnol\u00f3gicos que manejamos.[\/vc_column_text][\/vc_column][\/vc_row][vc_row][vc_column][vc_empty_space][\/vc_column][\/vc_row][vc_row][vc_column]<div class=\"heading  default align-center transform-default icon-type-hidden heading-tag-h2\" id=\"like_sc_header_1946626262\"><h2 class=\"header ltx-sr-id-like_sc_header_19466262621902968059 ltx-sr ltx-sr-effect-fade_in ltx-sr-el-block ltx-sr-delay-0 ltx-sr-duration-1000 ltx-sr-sequences-0\">Misi\u00f3n, Visi\u00f3n e Valores<\/h2><\/div>[vc_empty_space][vc_tta_accordion active_section=&#8221;1&#8243; no_fill=&#8221;true&#8221; collapsible_all=&#8221;true&#8221;][vc_tta_section title=&#8221;Misi\u00f3n&#8221; tab_id=&#8221;1661259214519-37383c27-623a&#8221;][vc_column_text]Apoyar la misi\u00f3n de la Iglesia Adventista del S\u00e9ptimo D\u00eda a trav\u00e9s de soluciones en Tecnolog\u00edas de la Informaci\u00f3n.[\/vc_column_text][\/vc_tta_section][vc_tta_section title=&#8221;Visi\u00f3n&#8221; tab_id=&#8221;1661259214519-019cab3a-1ad7&#8243;][vc_column_text]Estar presente con nuestras soluciones de TI dondequiera que haya una organizaci\u00f3n de la Iglesia Adventista del S\u00e9ptimo D\u00eda, ayudando a cumplir la misi\u00f3n.[\/vc_column_text][\/vc_tta_section][vc_tta_section title=&#8221;Valores&#8221; tab_id=&#8221;1661259331510-4b66aded-2c09&#8243;][vc_column_text]Estamos comprometidos. Buscamos la \u00e9tica, la transparencia y la honestidad en todas nuestras acciones y relaciones. Sobre todo, nos respetamos unos a otros.[\/vc_column_text][\/vc_tta_section][\/vc_tta_accordion][\/vc_column][\/vc_row][vc_row full_width=&#8221;stretch_row_content&#8221;][vc_column][vc_images_carousel images=&#8221;9989,10002,10066,10073,10087,10078&#8243; img_size=&#8221;full&#8221; slides_per_view=&#8221;3&#8243; hide_pagination_control=&#8221;yes&#8221;][\/vc_column][\/vc_row]<\/p>\n","protected":false},"excerpt":{"rendered":"<p>[vc_row full_width=&#8221;stretch_row&#8221;][vc_column][vc_column_text]El Instituto Adventista de Tecnolog\u00eda surgi\u00f3 para satisfacer las demandas de tecnolog\u00eda de la informaci\u00f3n de los procesos de la Iglesia Adventista. Somos parte de la misi\u00f3n integral de la Iglesia, cuyo fin de existencia es predicar el Regreso de Jes\u00fas. En cada segmento de la instituci\u00f3n hay una estructura encaminada a que todo funcione con m\u00e1s agilidad y eficiencia y ese ciclo tambi\u00e9n se ve en el IATec. Para cada necesidad, hay un equipo dedicado a la soluci\u00f3n m\u00e1s creativa, r\u00e1pida y eficaz. Esta es nuestra raz\u00f3n de existir: \u00a1hacer que todo funcione! Ya sea para el miembro de la iglesia o para el empleado de oficinas y tiendas. Puede ser para el alumno o para el gestor [&hellip;]<\/p>\n","protected":false},"author":1,"featured_media":0,"parent":0,"menu_order":0,"comment_status":"closed","ping_status":"closed","template":"","meta":{"footnotes":""},"class_list":["post-9872","page","type-page","status-publish","hentry"],"yoast_head":"<!-- This site is optimized with the Yoast SEO plugin v23.0 - https:\/\/yoast.com\/wordpress\/plugins\/seo\/ -->\n<title>El IATec - IATec | Instituto Adventista de Tecnolog\u00eda<\/title>\n<meta name=\"robots\" content=\"index, follow, max-snippet:-1, max-image-preview:large, max-video-preview:-1\" \/>\n<link rel=\"canonical\" href=\"https:\/\/www.iatec.com\/es\/el-iatec\/\" \/>\n<meta property=\"og:locale\" content=\"pt_BR\" \/>\n<meta property=\"og:type\" content=\"article\" \/>\n<meta property=\"og:title\" content=\"El IATec - IATec | Instituto Adventista de Tecnolog\u00eda\" \/>\n<meta property=\"og:description\" content=\"[vc_row full_width=&#8221;stretch_row&#8221;][vc_column][vc_column_text]El Instituto Adventista de Tecnolog\u00eda surgi\u00f3 para satisfacer las demandas de tecnolog\u00eda de la informaci\u00f3n de los procesos de la Iglesia Adventista. Somos parte de la misi\u00f3n integral de la Iglesia, cuyo fin de existencia es predicar el Regreso de Jes\u00fas. En cada segmento de la instituci\u00f3n hay una estructura encaminada a que todo funcione con m\u00e1s agilidad y eficiencia y ese ciclo tambi\u00e9n se ve en el IATec. Para cada necesidad, hay un equipo dedicado a la soluci\u00f3n m\u00e1s creativa, r\u00e1pida y eficaz. Esta es nuestra raz\u00f3n de existir: \u00a1hacer que todo funcione! Ya sea para el miembro de la iglesia o para el empleado de oficinas y tiendas. Puede ser para el alumno o para el gestor [&hellip;]\" \/>\n<meta property=\"og:url\" content=\"https:\/\/www.iatec.com\/es\/el-iatec\/\" \/>\n<meta property=\"og:site_name\" content=\"IATec | Instituto Adventista de Tecnolog\u00eda\" \/>\n<meta property=\"article:publisher\" content=\"https:\/\/www.facebook.com\/iatecoficial\" \/>\n<meta property=\"article:modified_time\" content=\"2022-11-07T01:21:13+00:00\" \/>\n<meta name=\"twitter:card\" content=\"summary_large_image\" \/>\n<meta name=\"twitter:label1\" content=\"Est. tempo de leitura\" \/>\n\t<meta name=\"twitter:data1\" content=\"4 minutos\" \/>\n<script type=\"application\/ld+json\" class=\"yoast-schema-graph\">{\"@context\":\"https:\/\/schema.org\",\"@graph\":[{\"@type\":\"WebPage\",\"@id\":\"https:\/\/www.iatec.com\/es\/el-iatec\/\",\"url\":\"https:\/\/www.iatec.com\/es\/el-iatec\/\",\"name\":\"El IATec - IATec | Instituto Adventista de Tecnolog\u00eda\",\"isPartOf\":{\"@id\":\"https:\/\/www.iatec.com\/es\/#website\"},\"datePublished\":\"2022-07-01T15:40:04+00:00\",\"dateModified\":\"2022-11-07T01:21:13+00:00\",\"breadcrumb\":{\"@id\":\"https:\/\/www.iatec.com\/es\/el-iatec\/#breadcrumb\"},\"inLanguage\":\"pt-BR\",\"potentialAction\":[{\"@type\":\"ReadAction\",\"target\":[\"https:\/\/www.iatec.com\/es\/el-iatec\/\"]}]},{\"@type\":\"BreadcrumbList\",\"@id\":\"https:\/\/www.iatec.com\/es\/el-iatec\/#breadcrumb\",\"itemListElement\":[{\"@type\":\"ListItem\",\"position\":1,\"name\":\"In\u00edcio\",\"item\":\"https:\/\/www.iatec.com\/es\/\"},{\"@type\":\"ListItem\",\"position\":2,\"name\":\"El IATec\"}]},{\"@type\":\"WebSite\",\"@id\":\"https:\/\/www.iatec.com\/es\/#website\",\"url\":\"https:\/\/www.iatec.com\/es\/\",\"name\":\"IATec | Instituto Adventista de Tecnolog\u00eda\",\"description\":\"Sitio web oficial del Instituto Adventista de Tecnolog\u00eda\",\"publisher\":{\"@id\":\"https:\/\/www.iatec.com\/es\/#organization\"},\"potentialAction\":[{\"@type\":\"SearchAction\",\"target\":{\"@type\":\"EntryPoint\",\"urlTemplate\":\"https:\/\/www.iatec.com\/es\/?s={search_term_string}\"},\"query-input\":\"required name=search_term_string\"}],\"inLanguage\":\"pt-BR\"},{\"@type\":\"Organization\",\"@id\":\"https:\/\/www.iatec.com\/es\/#organization\",\"name\":\"IATec | Instituto Adventista de Tecnolog\u00eda\",\"url\":\"https:\/\/www.iatec.com\/es\/\",\"logo\":{\"@type\":\"ImageObject\",\"inLanguage\":\"pt-BR\",\"@id\":\"https:\/\/www.iatec.com\/es\/#\/schema\/logo\/image\/\",\"url\":\"https:\/\/iatec.com\/es\/wp-content\/uploads\/2022\/07\/IATEC-vertical-colorida.png\",\"contentUrl\":\"https:\/\/iatec.com\/es\/wp-content\/uploads\/2022\/07\/IATEC-vertical-colorida.png\",\"width\":2250,\"height\":3721,\"caption\":\"IATec | Instituto Adventista de Tecnolog\u00eda\"},\"image\":{\"@id\":\"https:\/\/www.iatec.com\/es\/#\/schema\/logo\/image\/\"},\"sameAs\":[\"https:\/\/www.facebook.com\/iatecoficial\",\"https:\/\/www.instagram.com\/o_iatec\/\",\"https:\/\/www.youtube.com\/c\/IATecOficial\",\"https:\/\/www.linkedin.com\/company\/iatecoficial\/\"]}]}<\/script>\n<!-- \/ Yoast SEO plugin. -->","yoast_head_json":{"title":"El IATec - IATec | Instituto Adventista de Tecnolog\u00eda","robots":{"index":"index","follow":"follow","max-snippet":"max-snippet:-1","max-image-preview":"max-image-preview:large","max-video-preview":"max-video-preview:-1"},"canonical":"https:\/\/www.iatec.com\/es\/el-iatec\/","og_locale":"pt_BR","og_type":"article","og_title":"El IATec - IATec | Instituto Adventista de Tecnolog\u00eda","og_description":"[vc_row full_width=&#8221;stretch_row&#8221;][vc_column][vc_column_text]El Instituto Adventista de Tecnolog\u00eda surgi\u00f3 para satisfacer las demandas de tecnolog\u00eda de la informaci\u00f3n de los procesos de la Iglesia Adventista. Somos parte de la misi\u00f3n integral de la Iglesia, cuyo fin de existencia es predicar el Regreso de Jes\u00fas. En cada segmento de la instituci\u00f3n hay una estructura encaminada a que todo funcione con m\u00e1s agilidad y eficiencia y ese ciclo tambi\u00e9n se ve en el IATec. Para cada necesidad, hay un equipo dedicado a la soluci\u00f3n m\u00e1s creativa, r\u00e1pida y eficaz. Esta es nuestra raz\u00f3n de existir: \u00a1hacer que todo funcione! Ya sea para el miembro de la iglesia o para el empleado de oficinas y tiendas. Puede ser para el alumno o para el gestor [&hellip;]","og_url":"https:\/\/www.iatec.com\/es\/el-iatec\/","og_site_name":"IATec | Instituto Adventista de Tecnolog\u00eda","article_publisher":"https:\/\/www.facebook.com\/iatecoficial","article_modified_time":"2022-11-07T01:21:13+00:00","twitter_card":"summary_large_image","twitter_misc":{"Est. tempo de leitura":"4 minutos"},"schema":{"@context":"https:\/\/schema.org","@graph":[{"@type":"WebPage","@id":"https:\/\/www.iatec.com\/es\/el-iatec\/","url":"https:\/\/www.iatec.com\/es\/el-iatec\/","name":"El IATec - IATec | Instituto Adventista de Tecnolog\u00eda","isPartOf":{"@id":"https:\/\/www.iatec.com\/es\/#website"},"datePublished":"2022-07-01T15:40:04+00:00","dateModified":"2022-11-07T01:21:13+00:00","breadcrumb":{"@id":"https:\/\/www.iatec.com\/es\/el-iatec\/#breadcrumb"},"inLanguage":"pt-BR","potentialAction":[{"@type":"ReadAction","target":["https:\/\/www.iatec.com\/es\/el-iatec\/"]}]},{"@type":"BreadcrumbList","@id":"https:\/\/www.iatec.com\/es\/el-iatec\/#breadcrumb","itemListElement":[{"@type":"ListItem","position":1,"name":"In\u00edcio","item":"https:\/\/www.iatec.com\/es\/"},{"@type":"ListItem","position":2,"name":"El IATec"}]},{"@type":"WebSite","@id":"https:\/\/www.iatec.com\/es\/#website","url":"https:\/\/www.iatec.com\/es\/","name":"IATec | Instituto Adventista de Tecnolog\u00eda","description":"Sitio web oficial del Instituto Adventista de Tecnolog\u00eda","publisher":{"@id":"https:\/\/www.iatec.com\/es\/#organization"},"potentialAction":[{"@type":"SearchAction","target":{"@type":"EntryPoint","urlTemplate":"https:\/\/www.iatec.com\/es\/?s={search_term_string}"},"query-input":"required name=search_term_string"}],"inLanguage":"pt-BR"},{"@type":"Organization","@id":"https:\/\/www.iatec.com\/es\/#organization","name":"IATec | Instituto Adventista de Tecnolog\u00eda","url":"https:\/\/www.iatec.com\/es\/","logo":{"@type":"ImageObject","inLanguage":"pt-BR","@id":"https:\/\/www.iatec.com\/es\/#\/schema\/logo\/image\/","url":"https:\/\/iatec.com\/es\/wp-content\/uploads\/2022\/07\/IATEC-vertical-colorida.png","contentUrl":"https:\/\/iatec.com\/es\/wp-content\/uploads\/2022\/07\/IATEC-vertical-colorida.png","width":2250,"height":3721,"caption":"IATec | Instituto Adventista de Tecnolog\u00eda"},"image":{"@id":"https:\/\/www.iatec.com\/es\/#\/schema\/logo\/image\/"},"sameAs":["https:\/\/www.facebook.com\/iatecoficial","https:\/\/www.instagram.com\/o_iatec\/","https:\/\/www.youtube.com\/c\/IATecOficial","https:\/\/www.linkedin.com\/company\/iatecoficial\/"]}]}},"_links":{"self":[{"href":"https:\/\/www.iatec.com\/es\/wp-json\/wp\/v2\/pages\/9872","targetHints":{"allow":["GET"]}}],"collection":[{"href":"https:\/\/www.iatec.com\/es\/wp-json\/wp\/v2\/pages"}],"about":[{"href":"https:\/\/www.iatec.com\/es\/wp-json\/wp\/v2\/types\/page"}],"author":[{"embeddable":true,"href":"https:\/\/www.iatec.com\/es\/wp-json\/wp\/v2\/users\/1"}],"replies":[{"embeddable":true,"href":"https:\/\/www.iatec.com\/es\/wp-json\/wp\/v2\/comments?post=9872"}],"version-history":[{"count":30,"href":"https:\/\/www.iatec.com\/es\/wp-json\/wp\/v2\/pages\/9872\/revisions"}],"predecessor-version":[{"id":10535,"href":"https:\/\/www.iatec.com\/es\/wp-json\/wp\/v2\/pages\/9872\/revisions\/10535"}],"wp:attachment":[{"href":"https:\/\/www.iatec.com\/es\/wp-json\/wp\/v2\/media?parent=9872"}],"curies":[{"name":"wp","href":"https:\/\/api.w.org\/{rel}","templated":true}]}}