{"id":9902,"date":"2022-07-01T12:42:16","date_gmt":"2022-07-01T15:42:16","guid":{"rendered":"https:\/\/iatec.com\/es\/?page_id=9902"},"modified":"2022-11-03T23:13:16","modified_gmt":"2022-11-04T02:13:16","slug":"comercial","status":"publish","type":"page","link":"https:\/\/www.iatec.com\/es\/comercial\/","title":{"rendered":"Comercial"},"content":{"rendered":"<p>[vc_row full_width=&#8221;stretch_row&#8221;][vc_column][vc_column_text]La vertical comercial est\u00e1 formada por profesionales que desarrollan soluciones y brindan consultor\u00eda, capacitaci\u00f3n y soporte para el segmento de la Iglesia que distribuye y vende nuestros productos. Desde la gesti\u00f3n de procesos en el \u00e1rea de repartidores hasta la venta de productos en tiendas, nuestras soluciones gestionan inventarios, procesos de venta, contemplan requerimientos fiscales y tributarios y se integran con los sistemas financieros y contables, permitiendo la gesti\u00f3n completa de las actividades comerciales de este segmento.<\/p>\n<p>Facilita la comercializaci\u00f3n de productos de instituciones eclesi\u00e1sticas con un \u00e1rea espec\u00edfica para la venta.<\/p>\n<p>ACS.Net es un sistema web dirigido al \u00e1rea Comercial de f\u00e1cil implementaci\u00f3n y mantenimiento. Su objetivo es facilitar los procesos de comercializaci\u00f3n de productos de las instituciones eclesi\u00e1sticas. En ACS.Net, el usuario dispone de un \u00e1rea espec\u00edfica para la venta al por menor o al por mayor, con gesti\u00f3n de inventario y emisi\u00f3n de facturas. El sistema tambi\u00e9n tiene una configuraci\u00f3n unificada de productos e impuestos y un registro de clientes unificado.<\/p>\n<p>Para facilitar a\u00fan m\u00e1s todos los procesos comerciales y de publicaci\u00f3n, los sistemas est\u00e1n interconectados con otros sistemas de la Iglesia, importando informaci\u00f3n de proveedores, compradores y usuarios.<\/p>\n<p>Se puede instalar en el escritorio o accediendo a trav\u00e9s de Internet, este sistema comercial es f\u00e1cil de implementar y mantener. Facilita la comercializaci\u00f3n de productos de instituciones eclesi\u00e1sticas con un \u00e1rea espec\u00edfica para venta al por menor o al por mayor, manejo de inventario y emisi\u00f3n de facturas.<\/p>\n<p>El sistema tambi\u00e9n tiene una configuraci\u00f3n unificada de productos e impuestos, as\u00ed como un registro de clientes unificado. Se suma a esto se interconecta con otros sistemas de la Iglesia, importando informaci\u00f3n de proveedores, compradores y usuarios.<\/p>\n<p>Facilidades para:<\/p>\n<ul>\n<li>An\u00e1lisis de rendimiento;<\/li>\n<li>Registro Simplificado;<\/li>\n<li>M\u00e1s practicidad en eventos.[\/vc_column_text][vc_empty_space][vc_single_image image=&#8221;10084&#8243; img_size=&#8221;full&#8221;][\/vc_column][\/vc_row]<\/li>\n<\/ul>\n","protected":false},"excerpt":{"rendered":"<p>[vc_row full_width=&#8221;stretch_row&#8221;][vc_column][vc_column_text]La vertical comercial est\u00e1 formada por profesionales que desarrollan soluciones y brindan consultor\u00eda, capacitaci\u00f3n y soporte para el segmento de la Iglesia que distribuye y vende nuestros productos. Desde la gesti\u00f3n de procesos en el \u00e1rea de repartidores hasta la venta de productos en tiendas, nuestras soluciones gestionan inventarios, procesos de venta, contemplan requerimientos fiscales y tributarios y se integran con los sistemas financieros y contables, permitiendo la gesti\u00f3n completa de las actividades comerciales de este segmento. Facilita la comercializaci\u00f3n de productos de instituciones eclesi\u00e1sticas con un \u00e1rea espec\u00edfica para la venta. ACS.Net es un sistema web dirigido al \u00e1rea Comercial de f\u00e1cil implementaci\u00f3n y mantenimiento. Su objetivo es facilitar los procesos de comercializaci\u00f3n de productos de las instituciones [&hellip;]<\/p>\n","protected":false},"author":1,"featured_media":0,"parent":0,"menu_order":0,"comment_status":"closed","ping_status":"closed","template":"","meta":{"footnotes":""},"class_list":["post-9902","page","type-page","status-publish","hentry"],"yoast_head":"<!-- This site is optimized with the Yoast SEO plugin v23.0 - https:\/\/yoast.com\/wordpress\/plugins\/seo\/ -->\n<title>Comercial - IATec | Instituto Adventista de Tecnolog\u00eda<\/title>\n<meta name=\"robots\" content=\"index, follow, max-snippet:-1, max-image-preview:large, max-video-preview:-1\" \/>\n<link rel=\"canonical\" href=\"https:\/\/www.iatec.com\/es\/comercial\/\" \/>\n<meta property=\"og:locale\" content=\"pt_BR\" \/>\n<meta property=\"og:type\" content=\"article\" \/>\n<meta property=\"og:title\" content=\"Comercial - IATec | Instituto Adventista de Tecnolog\u00eda\" \/>\n<meta property=\"og:description\" content=\"[vc_row full_width=&#8221;stretch_row&#8221;][vc_column][vc_column_text]La vertical comercial est\u00e1 formada por profesionales que desarrollan soluciones y brindan consultor\u00eda, capacitaci\u00f3n y soporte para el segmento de la Iglesia que distribuye y vende nuestros productos. Desde la gesti\u00f3n de procesos en el \u00e1rea de repartidores hasta la venta de productos en tiendas, nuestras soluciones gestionan inventarios, procesos de venta, contemplan requerimientos fiscales y tributarios y se integran con los sistemas financieros y contables, permitiendo la gesti\u00f3n completa de las actividades comerciales de este segmento. Facilita la comercializaci\u00f3n de productos de instituciones eclesi\u00e1sticas con un \u00e1rea espec\u00edfica para la venta. ACS.Net es un sistema web dirigido al \u00e1rea Comercial de f\u00e1cil implementaci\u00f3n y mantenimiento. Su objetivo es facilitar los procesos de comercializaci\u00f3n de productos de las instituciones [&hellip;]\" \/>\n<meta property=\"og:url\" content=\"https:\/\/www.iatec.com\/es\/comercial\/\" \/>\n<meta property=\"og:site_name\" content=\"IATec | Instituto Adventista de Tecnolog\u00eda\" \/>\n<meta property=\"article:publisher\" content=\"https:\/\/www.facebook.com\/iatecoficial\" \/>\n<meta property=\"article:modified_time\" content=\"2022-11-04T02:13:16+00:00\" \/>\n<meta name=\"twitter:card\" content=\"summary_large_image\" \/>\n<meta name=\"twitter:label1\" content=\"Est. tempo de leitura\" \/>\n\t<meta name=\"twitter:data1\" content=\"2 minutos\" \/>\n<script type=\"application\/ld+json\" class=\"yoast-schema-graph\">{\"@context\":\"https:\/\/schema.org\",\"@graph\":[{\"@type\":\"WebPage\",\"@id\":\"https:\/\/www.iatec.com\/es\/comercial\/\",\"url\":\"https:\/\/www.iatec.com\/es\/comercial\/\",\"name\":\"Comercial - IATec | Instituto Adventista de Tecnolog\u00eda\",\"isPartOf\":{\"@id\":\"https:\/\/www.iatec.com\/es\/#website\"},\"datePublished\":\"2022-07-01T15:42:16+00:00\",\"dateModified\":\"2022-11-04T02:13:16+00:00\",\"breadcrumb\":{\"@id\":\"https:\/\/www.iatec.com\/es\/comercial\/#breadcrumb\"},\"inLanguage\":\"pt-BR\",\"potentialAction\":[{\"@type\":\"ReadAction\",\"target\":[\"https:\/\/www.iatec.com\/es\/comercial\/\"]}]},{\"@type\":\"BreadcrumbList\",\"@id\":\"https:\/\/www.iatec.com\/es\/comercial\/#breadcrumb\",\"itemListElement\":[{\"@type\":\"ListItem\",\"position\":1,\"name\":\"In\u00edcio\",\"item\":\"https:\/\/www.iatec.com\/es\/\"},{\"@type\":\"ListItem\",\"position\":2,\"name\":\"Comercial\"}]},{\"@type\":\"WebSite\",\"@id\":\"https:\/\/www.iatec.com\/es\/#website\",\"url\":\"https:\/\/www.iatec.com\/es\/\",\"name\":\"IATec | Instituto Adventista de Tecnolog\u00eda\",\"description\":\"Sitio web oficial del Instituto Adventista de Tecnolog\u00eda\",\"publisher\":{\"@id\":\"https:\/\/www.iatec.com\/es\/#organization\"},\"potentialAction\":[{\"@type\":\"SearchAction\",\"target\":{\"@type\":\"EntryPoint\",\"urlTemplate\":\"https:\/\/www.iatec.com\/es\/?s={search_term_string}\"},\"query-input\":\"required name=search_term_string\"}],\"inLanguage\":\"pt-BR\"},{\"@type\":\"Organization\",\"@id\":\"https:\/\/www.iatec.com\/es\/#organization\",\"name\":\"IATec | Instituto Adventista de Tecnolog\u00eda\",\"url\":\"https:\/\/www.iatec.com\/es\/\",\"logo\":{\"@type\":\"ImageObject\",\"inLanguage\":\"pt-BR\",\"@id\":\"https:\/\/www.iatec.com\/es\/#\/schema\/logo\/image\/\",\"url\":\"https:\/\/iatec.com\/es\/wp-content\/uploads\/2022\/07\/IATEC-vertical-colorida.png\",\"contentUrl\":\"https:\/\/iatec.com\/es\/wp-content\/uploads\/2022\/07\/IATEC-vertical-colorida.png\",\"width\":2250,\"height\":3721,\"caption\":\"IATec | Instituto Adventista de Tecnolog\u00eda\"},\"image\":{\"@id\":\"https:\/\/www.iatec.com\/es\/#\/schema\/logo\/image\/\"},\"sameAs\":[\"https:\/\/www.facebook.com\/iatecoficial\",\"https:\/\/www.instagram.com\/o_iatec\/\",\"https:\/\/www.youtube.com\/c\/IATecOficial\",\"https:\/\/www.linkedin.com\/company\/iatecoficial\/\"]}]}<\/script>\n<!-- \/ Yoast SEO plugin. -->","yoast_head_json":{"title":"Comercial - IATec | Instituto Adventista de Tecnolog\u00eda","robots":{"index":"index","follow":"follow","max-snippet":"max-snippet:-1","max-image-preview":"max-image-preview:large","max-video-preview":"max-video-preview:-1"},"canonical":"https:\/\/www.iatec.com\/es\/comercial\/","og_locale":"pt_BR","og_type":"article","og_title":"Comercial - IATec | Instituto Adventista de Tecnolog\u00eda","og_description":"[vc_row full_width=&#8221;stretch_row&#8221;][vc_column][vc_column_text]La vertical comercial est\u00e1 formada por profesionales que desarrollan soluciones y brindan consultor\u00eda, capacitaci\u00f3n y soporte para el segmento de la Iglesia que distribuye y vende nuestros productos. Desde la gesti\u00f3n de procesos en el \u00e1rea de repartidores hasta la venta de productos en tiendas, nuestras soluciones gestionan inventarios, procesos de venta, contemplan requerimientos fiscales y tributarios y se integran con los sistemas financieros y contables, permitiendo la gesti\u00f3n completa de las actividades comerciales de este segmento. Facilita la comercializaci\u00f3n de productos de instituciones eclesi\u00e1sticas con un \u00e1rea espec\u00edfica para la venta. ACS.Net es un sistema web dirigido al \u00e1rea Comercial de f\u00e1cil implementaci\u00f3n y mantenimiento. Su objetivo es facilitar los procesos de comercializaci\u00f3n de productos de las instituciones [&hellip;]","og_url":"https:\/\/www.iatec.com\/es\/comercial\/","og_site_name":"IATec | Instituto Adventista de Tecnolog\u00eda","article_publisher":"https:\/\/www.facebook.com\/iatecoficial","article_modified_time":"2022-11-04T02:13:16+00:00","twitter_card":"summary_large_image","twitter_misc":{"Est. tempo de leitura":"2 minutos"},"schema":{"@context":"https:\/\/schema.org","@graph":[{"@type":"WebPage","@id":"https:\/\/www.iatec.com\/es\/comercial\/","url":"https:\/\/www.iatec.com\/es\/comercial\/","name":"Comercial - IATec | Instituto Adventista de Tecnolog\u00eda","isPartOf":{"@id":"https:\/\/www.iatec.com\/es\/#website"},"datePublished":"2022-07-01T15:42:16+00:00","dateModified":"2022-11-04T02:13:16+00:00","breadcrumb":{"@id":"https:\/\/www.iatec.com\/es\/comercial\/#breadcrumb"},"inLanguage":"pt-BR","potentialAction":[{"@type":"ReadAction","target":["https:\/\/www.iatec.com\/es\/comercial\/"]}]},{"@type":"BreadcrumbList","@id":"https:\/\/www.iatec.com\/es\/comercial\/#breadcrumb","itemListElement":[{"@type":"ListItem","position":1,"name":"In\u00edcio","item":"https:\/\/www.iatec.com\/es\/"},{"@type":"ListItem","position":2,"name":"Comercial"}]},{"@type":"WebSite","@id":"https:\/\/www.iatec.com\/es\/#website","url":"https:\/\/www.iatec.com\/es\/","name":"IATec | Instituto Adventista de Tecnolog\u00eda","description":"Sitio web oficial del Instituto Adventista de Tecnolog\u00eda","publisher":{"@id":"https:\/\/www.iatec.com\/es\/#organization"},"potentialAction":[{"@type":"SearchAction","target":{"@type":"EntryPoint","urlTemplate":"https:\/\/www.iatec.com\/es\/?s={search_term_string}"},"query-input":"required name=search_term_string"}],"inLanguage":"pt-BR"},{"@type":"Organization","@id":"https:\/\/www.iatec.com\/es\/#organization","name":"IATec | Instituto Adventista de Tecnolog\u00eda","url":"https:\/\/www.iatec.com\/es\/","logo":{"@type":"ImageObject","inLanguage":"pt-BR","@id":"https:\/\/www.iatec.com\/es\/#\/schema\/logo\/image\/","url":"https:\/\/iatec.com\/es\/wp-content\/uploads\/2022\/07\/IATEC-vertical-colorida.png","contentUrl":"https:\/\/iatec.com\/es\/wp-content\/uploads\/2022\/07\/IATEC-vertical-colorida.png","width":2250,"height":3721,"caption":"IATec | Instituto Adventista de Tecnolog\u00eda"},"image":{"@id":"https:\/\/www.iatec.com\/es\/#\/schema\/logo\/image\/"},"sameAs":["https:\/\/www.facebook.com\/iatecoficial","https:\/\/www.instagram.com\/o_iatec\/","https:\/\/www.youtube.com\/c\/IATecOficial","https:\/\/www.linkedin.com\/company\/iatecoficial\/"]}]}},"_links":{"self":[{"href":"https:\/\/www.iatec.com\/es\/wp-json\/wp\/v2\/pages\/9902","targetHints":{"allow":["GET"]}}],"collection":[{"href":"https:\/\/www.iatec.com\/es\/wp-json\/wp\/v2\/pages"}],"about":[{"href":"https:\/\/www.iatec.com\/es\/wp-json\/wp\/v2\/types\/page"}],"author":[{"embeddable":true,"href":"https:\/\/www.iatec.com\/es\/wp-json\/wp\/v2\/users\/1"}],"replies":[{"embeddable":true,"href":"https:\/\/www.iatec.com\/es\/wp-json\/wp\/v2\/comments?post=9902"}],"version-history":[{"count":10,"href":"https:\/\/www.iatec.com\/es\/wp-json\/wp\/v2\/pages\/9902\/revisions"}],"predecessor-version":[{"id":10506,"href":"https:\/\/www.iatec.com\/es\/wp-json\/wp\/v2\/pages\/9902\/revisions\/10506"}],"wp:attachment":[{"href":"https:\/\/www.iatec.com\/es\/wp-json\/wp\/v2\/media?parent=9902"}],"curies":[{"name":"wp","href":"https:\/\/api.w.org\/{rel}","templated":true}]}}