{"id":9917,"date":"2022-07-01T12:43:13","date_gmt":"2022-07-01T15:43:13","guid":{"rendered":"https:\/\/iatec.com\/es\/?page_id=9917"},"modified":"2022-11-07T00:35:22","modified_gmt":"2022-11-07T03:35:22","slug":"beneficios","status":"publish","type":"page","link":"https:\/\/www.iatec.com\/es\/beneficios\/","title":{"rendered":"Beneficios"},"content":{"rendered":"<p>[vc_row full_width=&#8221;stretch_row_content&#8221;][vc_column css=&#8221;.vc_custom_1664562983309{margin-top: -50px !important;}&#8221;]<div class=\"heading  default align-center transform-default icon-type-hidden heading-tag-h2\" id=\"like_sc_header_388074768\"><h2 class=\"header ltx-sr-id-like_sc_header_3880747681480552194 ltx-sr ltx-sr-effect-fade_in ltx-sr-el-block ltx-sr-delay-0 ltx-sr-duration-1000 ltx-sr-sequences-0\">Descubra nuestros diferenciales y <span> sea parte del equipo <\/span><\/h2><\/div>[vc_empty_space][\/vc_column][\/vc_row][vc_row full_width=&#8221;stretch_row_content&#8221;][vc_column width=&#8221;1\/2&#8243;][vc_single_image image=&#8221;10077&#8243; img_size=&#8221;full&#8221;][\/vc_column][vc_column width=&#8221;1\/2&#8243;]<div class=\"heading  default align-center transform-default icon-type-hidden heading-tag-h3\" id=\"like_sc_header_865031814\"><h3 class=\"header ltx-sr-id-like_sc_header_865031814732916353 ltx-sr ltx-sr-effect-fade_in ltx-sr-el-block ltx-sr-delay-0 ltx-sr-duration-1000 ltx-sr-sequences-0\">Retenci\u00f3n <span> de Talentos <\/span><\/h3><\/div>[vc_column_text]Nuestro mayor tesoro son los talentos que se dedican a hacer todo este trabajo y precisamente por eso estamos reestructurando nuestro Plan de Beneficios para cumplir mejor con las expectativas de nuestros colaboradores. Actualmente, los cargos y salarios se procesan dentro de las categor\u00edas: Trainee, Junior, Full y Senior, de acuerdo a la formaci\u00f3n, tiempo de trabajo, experiencia y crecimiento de sus habilidades t\u00e9cnicas y conductuales. Pero trabajar con nosotros a\u00fan tiene muchos m\u00e1s beneficios y la salud es uno de ellos. Semanas especiales durante el a\u00f1o llaman la atenci\u00f3n sobre la salud integral del individuo, con \u00e9nfasis en la ergonom\u00eda, la gimnasia laboral y la alimentaci\u00f3n saludable. motiva, involucra y previene futuros problemas invirtiendo en seguridad.<\/p>\n<ul>\n<li>Plan de Salud: Plan de salud para todos los empleados de urgencias y emergencias y todos los tr\u00e1mites incluidos en la lista ANS.<\/li>\n<li>Plan Odontol\u00f3gico: Plan odontol\u00f3gico Nacional para todos los procedimientos incluidos en la lista ANS.<\/li>\n<li>Seguro de vida: seguro de vida ARM (Adventist Risk Management)<\/li>\n<li>Canasta b\u00e1sica: La canasta b\u00e1sica es un beneficio que tiene el empleador al formar parte del equipo.<\/li>\n<li>Bono incentivo: Bono regalo en fechas especiales, como: bodas, art\u00edculos para el beb\u00e9, d\u00eda del profesional y celebraciones de cumplea\u00f1os.<\/li>\n<\/ul>\n<p>[\/vc_column_text][\/vc_column][\/vc_row][vc_row][vc_column][vc_empty_space][\/vc_column][\/vc_row][vc_row full_width=&#8221;stretch_row_content&#8221;][vc_column]<div class=\"heading  default align-center transform-default icon-type-hidden heading-tag-h2\" id=\"like_sc_header_1825253304\"><h2 class=\"header ltx-sr-id-like_sc_header_1825253304523568212 ltx-sr ltx-sr-effect-fade_in ltx-sr-el-block ltx-sr-delay-0 ltx-sr-duration-1000 ltx-sr-sequences-0\">Invirtiendo <span> en tu persona <\/span><\/h2><\/div>[vc_empty_space][\/vc_column][\/vc_row][vc_row full_width=&#8221;stretch_row_content&#8221;][vc_column width=&#8221;1\/2&#8243;]<div class=\"heading  default align-center transform-default icon-type-hidden heading-tag-h5\" id=\"like_sc_header_1806440209\"><h5 class=\"header ltx-sr-id-like_sc_header_1806440209152173637 ltx-sr ltx-sr-effect-fade_in ltx-sr-el-block ltx-sr-delay-0 ltx-sr-duration-1000 ltx-sr-sequences-0\">Grado\/Posgrado\/Capacitaci\u00f3n en idiomas<\/h5><\/div>[vc_column_text]<strong>Grado y Posgrado:<\/strong> Ofrecemos a todos los colaboradores del IATec el acceso a Cursos de Grado y Posgrado, a trav\u00e9s de ayudas econ\u00f3micas mediante reembolso de colegiatura, para cursos que est\u00e9n de acuerdo con las \u00e1reas de conocimiento establecidas en el Perfil Estructurado por Competencias (PEC) de los cargos del IATec y en otras \u00e1reas de conocimiento de inter\u00e9s para el empleado.<\/p>\n<p><strong>Capacitaci\u00f3n en idiomas:<\/strong> Capacitar a los empleados cuyo rol requiera el conocimiento de un segundo idioma: espa\u00f1ol, portugu\u00e9s e ingl\u00e9s, con el fin de brindar el desarrollo de sistemas as\u00ed como soporte a los usuarios de Sudam\u00e9rica y otras partes del mundo, que disfruten de los productos desarrollados por el IATec.[\/vc_column_text][vc_empty_space]<div class=\"btn-wrap align-center\">\r\n\t<a href=\"http:\/\/gcpecfatorrh.com.br:8080\/RecrutamentoFatorRH\/?document=CPF&#038;locale=pt_BR&#038;client=IATEC\"  class=\"btn  btn-gray color-hover-default align-center\" id=\"like_sc_button_259747926\">Quiero postularme para las pr\u00f3ximas vacantes<\/a><\/div>[\/vc_column][vc_column width=&#8221;1\/2&#8243;][vc_single_image image=&#8221;10078&#8243; img_size=&#8221;full&#8221;][\/vc_column][\/vc_row]<\/p>\n","protected":false},"excerpt":{"rendered":"<p>[vc_row full_width=&#8221;stretch_row_content&#8221;][vc_column css=&#8221;.vc_custom_1664562983309{margin-top: -50px !important;}&#8221;][vc_empty_space][\/vc_column][\/vc_row][vc_row full_width=&#8221;stretch_row_content&#8221;][vc_column width=&#8221;1\/2&#8243;][vc_single_image image=&#8221;10077&#8243; img_size=&#8221;full&#8221;][\/vc_column][vc_column width=&#8221;1\/2&#8243;][vc_column_text]Nuestro mayor tesoro son los talentos que se dedican a hacer todo este trabajo y precisamente por eso estamos reestructurando nuestro Plan de Beneficios para cumplir mejor con las expectativas de nuestros colaboradores. Actualmente, los cargos y salarios se procesan dentro de las categor\u00edas: Trainee, Junior, Full y Senior, de acuerdo a la formaci\u00f3n, tiempo de trabajo, experiencia y crecimiento de sus habilidades t\u00e9cnicas y conductuales. Pero trabajar con nosotros a\u00fan tiene muchos m\u00e1s beneficios y la salud es uno de ellos. Semanas especiales durante el a\u00f1o llaman la atenci\u00f3n sobre la salud integral del individuo, con \u00e9nfasis en la ergonom\u00eda, la gimnasia laboral y la alimentaci\u00f3n saludable. motiva, involucra y [&hellip;]<\/p>\n","protected":false},"author":1,"featured_media":0,"parent":0,"menu_order":0,"comment_status":"closed","ping_status":"closed","template":"","meta":{"footnotes":""},"class_list":["post-9917","page","type-page","status-publish","hentry"],"yoast_head":"<!-- This site is optimized with the Yoast SEO plugin v23.0 - https:\/\/yoast.com\/wordpress\/plugins\/seo\/ -->\n<title>Beneficios - IATec | Instituto Adventista de Tecnolog\u00eda<\/title>\n<meta name=\"robots\" content=\"index, follow, max-snippet:-1, max-image-preview:large, max-video-preview:-1\" \/>\n<link rel=\"canonical\" href=\"https:\/\/www.iatec.com\/es\/beneficios\/\" \/>\n<meta property=\"og:locale\" content=\"pt_BR\" \/>\n<meta property=\"og:type\" content=\"article\" \/>\n<meta property=\"og:title\" content=\"Beneficios - IATec | Instituto Adventista de Tecnolog\u00eda\" \/>\n<meta property=\"og:description\" content=\"[vc_row full_width=&#8221;stretch_row_content&#8221;][vc_column css=&#8221;.vc_custom_1664562983309{margin-top: -50px !important;}&#8221;][vc_empty_space][\/vc_column][\/vc_row][vc_row full_width=&#8221;stretch_row_content&#8221;][vc_column width=&#8221;1\/2&#8243;][vc_single_image image=&#8221;10077&#8243; img_size=&#8221;full&#8221;][\/vc_column][vc_column width=&#8221;1\/2&#8243;][vc_column_text]Nuestro mayor tesoro son los talentos que se dedican a hacer todo este trabajo y precisamente por eso estamos reestructurando nuestro Plan de Beneficios para cumplir mejor con las expectativas de nuestros colaboradores. Actualmente, los cargos y salarios se procesan dentro de las categor\u00edas: Trainee, Junior, Full y Senior, de acuerdo a la formaci\u00f3n, tiempo de trabajo, experiencia y crecimiento de sus habilidades t\u00e9cnicas y conductuales. Pero trabajar con nosotros a\u00fan tiene muchos m\u00e1s beneficios y la salud es uno de ellos. Semanas especiales durante el a\u00f1o llaman la atenci\u00f3n sobre la salud integral del individuo, con \u00e9nfasis en la ergonom\u00eda, la gimnasia laboral y la alimentaci\u00f3n saludable. motiva, involucra y [&hellip;]\" \/>\n<meta property=\"og:url\" content=\"https:\/\/www.iatec.com\/es\/beneficios\/\" \/>\n<meta property=\"og:site_name\" content=\"IATec | Instituto Adventista de Tecnolog\u00eda\" \/>\n<meta property=\"article:publisher\" content=\"https:\/\/www.facebook.com\/iatecoficial\" \/>\n<meta property=\"article:modified_time\" content=\"2022-11-07T03:35:22+00:00\" \/>\n<meta name=\"twitter:card\" content=\"summary_large_image\" \/>\n<meta name=\"twitter:label1\" content=\"Est. tempo de leitura\" \/>\n\t<meta name=\"twitter:data1\" content=\"3 minutos\" \/>\n<script type=\"application\/ld+json\" class=\"yoast-schema-graph\">{\"@context\":\"https:\/\/schema.org\",\"@graph\":[{\"@type\":\"WebPage\",\"@id\":\"https:\/\/www.iatec.com\/es\/beneficios\/\",\"url\":\"https:\/\/www.iatec.com\/es\/beneficios\/\",\"name\":\"Beneficios - IATec | Instituto Adventista de Tecnolog\u00eda\",\"isPartOf\":{\"@id\":\"https:\/\/www.iatec.com\/es\/#website\"},\"datePublished\":\"2022-07-01T15:43:13+00:00\",\"dateModified\":\"2022-11-07T03:35:22+00:00\",\"breadcrumb\":{\"@id\":\"https:\/\/www.iatec.com\/es\/beneficios\/#breadcrumb\"},\"inLanguage\":\"pt-BR\",\"potentialAction\":[{\"@type\":\"ReadAction\",\"target\":[\"https:\/\/www.iatec.com\/es\/beneficios\/\"]}]},{\"@type\":\"BreadcrumbList\",\"@id\":\"https:\/\/www.iatec.com\/es\/beneficios\/#breadcrumb\",\"itemListElement\":[{\"@type\":\"ListItem\",\"position\":1,\"name\":\"In\u00edcio\",\"item\":\"https:\/\/www.iatec.com\/es\/\"},{\"@type\":\"ListItem\",\"position\":2,\"name\":\"Beneficios\"}]},{\"@type\":\"WebSite\",\"@id\":\"https:\/\/www.iatec.com\/es\/#website\",\"url\":\"https:\/\/www.iatec.com\/es\/\",\"name\":\"IATec | Instituto Adventista de Tecnolog\u00eda\",\"description\":\"Sitio web oficial del Instituto Adventista de Tecnolog\u00eda\",\"publisher\":{\"@id\":\"https:\/\/www.iatec.com\/es\/#organization\"},\"potentialAction\":[{\"@type\":\"SearchAction\",\"target\":{\"@type\":\"EntryPoint\",\"urlTemplate\":\"https:\/\/www.iatec.com\/es\/?s={search_term_string}\"},\"query-input\":\"required name=search_term_string\"}],\"inLanguage\":\"pt-BR\"},{\"@type\":\"Organization\",\"@id\":\"https:\/\/www.iatec.com\/es\/#organization\",\"name\":\"IATec | Instituto Adventista de Tecnolog\u00eda\",\"url\":\"https:\/\/www.iatec.com\/es\/\",\"logo\":{\"@type\":\"ImageObject\",\"inLanguage\":\"pt-BR\",\"@id\":\"https:\/\/www.iatec.com\/es\/#\/schema\/logo\/image\/\",\"url\":\"https:\/\/iatec.com\/es\/wp-content\/uploads\/2022\/07\/IATEC-vertical-colorida.png\",\"contentUrl\":\"https:\/\/iatec.com\/es\/wp-content\/uploads\/2022\/07\/IATEC-vertical-colorida.png\",\"width\":2250,\"height\":3721,\"caption\":\"IATec | Instituto Adventista de Tecnolog\u00eda\"},\"image\":{\"@id\":\"https:\/\/www.iatec.com\/es\/#\/schema\/logo\/image\/\"},\"sameAs\":[\"https:\/\/www.facebook.com\/iatecoficial\",\"https:\/\/www.instagram.com\/o_iatec\/\",\"https:\/\/www.youtube.com\/c\/IATecOficial\",\"https:\/\/www.linkedin.com\/company\/iatecoficial\/\"]}]}<\/script>\n<!-- \/ Yoast SEO plugin. -->","yoast_head_json":{"title":"Beneficios - IATec | Instituto Adventista de Tecnolog\u00eda","robots":{"index":"index","follow":"follow","max-snippet":"max-snippet:-1","max-image-preview":"max-image-preview:large","max-video-preview":"max-video-preview:-1"},"canonical":"https:\/\/www.iatec.com\/es\/beneficios\/","og_locale":"pt_BR","og_type":"article","og_title":"Beneficios - IATec | Instituto Adventista de Tecnolog\u00eda","og_description":"[vc_row full_width=&#8221;stretch_row_content&#8221;][vc_column css=&#8221;.vc_custom_1664562983309{margin-top: -50px !important;}&#8221;][vc_empty_space][\/vc_column][\/vc_row][vc_row full_width=&#8221;stretch_row_content&#8221;][vc_column width=&#8221;1\/2&#8243;][vc_single_image image=&#8221;10077&#8243; img_size=&#8221;full&#8221;][\/vc_column][vc_column width=&#8221;1\/2&#8243;][vc_column_text]Nuestro mayor tesoro son los talentos que se dedican a hacer todo este trabajo y precisamente por eso estamos reestructurando nuestro Plan de Beneficios para cumplir mejor con las expectativas de nuestros colaboradores. Actualmente, los cargos y salarios se procesan dentro de las categor\u00edas: Trainee, Junior, Full y Senior, de acuerdo a la formaci\u00f3n, tiempo de trabajo, experiencia y crecimiento de sus habilidades t\u00e9cnicas y conductuales. Pero trabajar con nosotros a\u00fan tiene muchos m\u00e1s beneficios y la salud es uno de ellos. Semanas especiales durante el a\u00f1o llaman la atenci\u00f3n sobre la salud integral del individuo, con \u00e9nfasis en la ergonom\u00eda, la gimnasia laboral y la alimentaci\u00f3n saludable. motiva, involucra y [&hellip;]","og_url":"https:\/\/www.iatec.com\/es\/beneficios\/","og_site_name":"IATec | Instituto Adventista de Tecnolog\u00eda","article_publisher":"https:\/\/www.facebook.com\/iatecoficial","article_modified_time":"2022-11-07T03:35:22+00:00","twitter_card":"summary_large_image","twitter_misc":{"Est. tempo de leitura":"3 minutos"},"schema":{"@context":"https:\/\/schema.org","@graph":[{"@type":"WebPage","@id":"https:\/\/www.iatec.com\/es\/beneficios\/","url":"https:\/\/www.iatec.com\/es\/beneficios\/","name":"Beneficios - IATec | Instituto Adventista de Tecnolog\u00eda","isPartOf":{"@id":"https:\/\/www.iatec.com\/es\/#website"},"datePublished":"2022-07-01T15:43:13+00:00","dateModified":"2022-11-07T03:35:22+00:00","breadcrumb":{"@id":"https:\/\/www.iatec.com\/es\/beneficios\/#breadcrumb"},"inLanguage":"pt-BR","potentialAction":[{"@type":"ReadAction","target":["https:\/\/www.iatec.com\/es\/beneficios\/"]}]},{"@type":"BreadcrumbList","@id":"https:\/\/www.iatec.com\/es\/beneficios\/#breadcrumb","itemListElement":[{"@type":"ListItem","position":1,"name":"In\u00edcio","item":"https:\/\/www.iatec.com\/es\/"},{"@type":"ListItem","position":2,"name":"Beneficios"}]},{"@type":"WebSite","@id":"https:\/\/www.iatec.com\/es\/#website","url":"https:\/\/www.iatec.com\/es\/","name":"IATec | Instituto Adventista de Tecnolog\u00eda","description":"Sitio web oficial del Instituto Adventista de Tecnolog\u00eda","publisher":{"@id":"https:\/\/www.iatec.com\/es\/#organization"},"potentialAction":[{"@type":"SearchAction","target":{"@type":"EntryPoint","urlTemplate":"https:\/\/www.iatec.com\/es\/?s={search_term_string}"},"query-input":"required name=search_term_string"}],"inLanguage":"pt-BR"},{"@type":"Organization","@id":"https:\/\/www.iatec.com\/es\/#organization","name":"IATec | Instituto Adventista de Tecnolog\u00eda","url":"https:\/\/www.iatec.com\/es\/","logo":{"@type":"ImageObject","inLanguage":"pt-BR","@id":"https:\/\/www.iatec.com\/es\/#\/schema\/logo\/image\/","url":"https:\/\/iatec.com\/es\/wp-content\/uploads\/2022\/07\/IATEC-vertical-colorida.png","contentUrl":"https:\/\/iatec.com\/es\/wp-content\/uploads\/2022\/07\/IATEC-vertical-colorida.png","width":2250,"height":3721,"caption":"IATec | Instituto Adventista de Tecnolog\u00eda"},"image":{"@id":"https:\/\/www.iatec.com\/es\/#\/schema\/logo\/image\/"},"sameAs":["https:\/\/www.facebook.com\/iatecoficial","https:\/\/www.instagram.com\/o_iatec\/","https:\/\/www.youtube.com\/c\/IATecOficial","https:\/\/www.linkedin.com\/company\/iatecoficial\/"]}]}},"_links":{"self":[{"href":"https:\/\/www.iatec.com\/es\/wp-json\/wp\/v2\/pages\/9917","targetHints":{"allow":["GET"]}}],"collection":[{"href":"https:\/\/www.iatec.com\/es\/wp-json\/wp\/v2\/pages"}],"about":[{"href":"https:\/\/www.iatec.com\/es\/wp-json\/wp\/v2\/types\/page"}],"author":[{"embeddable":true,"href":"https:\/\/www.iatec.com\/es\/wp-json\/wp\/v2\/users\/1"}],"replies":[{"embeddable":true,"href":"https:\/\/www.iatec.com\/es\/wp-json\/wp\/v2\/comments?post=9917"}],"version-history":[{"count":12,"href":"https:\/\/www.iatec.com\/es\/wp-json\/wp\/v2\/pages\/9917\/revisions"}],"predecessor-version":[{"id":10553,"href":"https:\/\/www.iatec.com\/es\/wp-json\/wp\/v2\/pages\/9917\/revisions\/10553"}],"wp:attachment":[{"href":"https:\/\/www.iatec.com\/es\/wp-json\/wp\/v2\/media?parent=9917"}],"curies":[{"name":"wp","href":"https:\/\/api.w.org\/{rel}","templated":true}]}}