{"id":10094,"date":"2022-08-10T10:17:40","date_gmt":"2022-08-10T13:17:40","guid":{"rendered":"https:\/\/iatec.com\/pt\/?page_id=10094"},"modified":"2023-09-20T18:16:11","modified_gmt":"2023-09-20T21:16:11","slug":"financeira","status":"publish","type":"page","link":"https:\/\/www.iatec.com\/pt\/financeira\/","title":{"rendered":"Financeira"},"content":{"rendered":"<div class=\"wpb-content-wrapper\"><p>[vc_row full_width=&#8221;stretch_row_content_no_spaces&#8221; content_placement=&#8221;middle&#8221; text_align=&#8221;center&#8221;][vc_column][vc_single_image image=&#8221;10621&#8243; img_size=&#8221;full&#8221; alignment=&#8221;center&#8221; css=&#8221;.vc_custom_1695244522452{margin-bottom: 15px !important;padding-top: 0px !important;}&#8221;][\/vc_column][\/vc_row][vc_row full_width=&#8221;stretch_row&#8221;][vc_column][vc_column_text]Somente na Am\u00e9rica do Sul, a Igreja mant\u00e9m quase 500 unidades administrativas que realizam milh\u00f5es de lan\u00e7amentos cont\u00e1beis a cada m\u00eas, al\u00e9m de gerenciarem processos financeiros em centenas de unidades escolares.<\/p>\n<p>Toda essa atividade \u00e9 apoiada pela vertical cont\u00e1bil e financeira.<\/p>\n<p>Por meio desta vertical, o IATec prov\u00ea sistemas robustos de gest\u00e3o cont\u00e1bil para cada unidade administrativa, al\u00e9m de sistemas que gerenciam processos financeiros, como pagamentos, recebimentos, comunica\u00e7\u00e3o com estruturas banc\u00e1rias, de cart\u00e3o de cr\u00e9dito, bem como \u00f3rg\u00e3os do governo. Nossas equipes tamb\u00e9m oferecem consultoria, suporte e treinamento para os profissionais desta \u00e1rea nos escrit\u00f3rios da igreja.<\/p>\n<p>O AASI.net (Adventist Accounting Software International) \u00e9 um sistema cont\u00e1bil que controla todo os processos cont\u00e1beis, financeiros, or\u00e7ament\u00e1rios, e de controle do imobilizado das entidades, utilizando a tecnologia cloud computing, que usa a interface web para facilitar a integra\u00e7\u00e3o das institui\u00e7\u00f5es. O sistema permite o controle de todas as opera\u00e7\u00f5es cont\u00e1beis e financeiras por fundos e departamentos das entidades e tamb\u00e9m permite utilizar v\u00e1rias moedas. \u00c9 um sistema integrado com os sistemas: folha de pagamento (APS), educacional (7edu), comercial (ACS), igrejas (ACMS), etc. Tamb\u00e9m permite o c\u00e1lculo do relat\u00f3rio do Balan\u00e7o Denominacional Interno, padr\u00e3o na DSA e utiliza\u00e7\u00e3o de \u201cDrill-Down\u201d para cada conta cont\u00e1bil, departamento e fundo.[\/vc_column_text][\/vc_column][\/vc_row][vc_row][vc_column][vc_empty_space][\/vc_column][\/vc_row][vc_row full_width=&#8221;stretch_row&#8221;][vc_column][vc_column_text]Facilidades para:<\/p>\n<ul>\n<li>Controlar todas as opera\u00e7\u00f5es cont\u00e1beis, financeiras e patrimoniais por fundos e departamentos da entidade;<\/li>\n<li>C\u00e1lculos e o relat\u00f3rios de balan\u00e7o denominacional;<\/li>\n<li>Trabalhar integrado com outros sistemas da entidade.<\/li>\n<\/ul>\n<p>[\/vc_column_text][vc_empty_space][\/vc_column][\/vc_row]<\/p>\n<\/div>","protected":false},"excerpt":{"rendered":"<p>[vc_row full_width=&#8221;stretch_row_content_no_spaces&#8221; content_placement=&#8221;middle&#8221; text_align=&#8221;center&#8221;][vc_column][vc_single_image image=&#8221;10621&#8243; img_size=&#8221;full&#8221; alignment=&#8221;center&#8221; css=&#8221;.vc_custom_1695244522452{margin-bottom: 15px !important;padding-top: 0px !important;}&#8221;][\/vc_column][\/vc_row][vc_row full_width=&#8221;stretch_row&#8221;][vc_column][vc_column_text]Somente na Am\u00e9rica do Sul, a Igreja mant\u00e9m quase 500 unidades administrativas que realizam milh\u00f5es de lan\u00e7amentos cont\u00e1beis a cada m\u00eas, al\u00e9m de gerenciarem processos financeiros em centenas de unidades escolares. Toda essa atividade \u00e9 apoiada pela vertical cont\u00e1bil e financeira. Por meio desta vertical, o IATec prov\u00ea sistemas robustos de gest\u00e3o cont\u00e1bil para cada unidade administrativa, al\u00e9m de sistemas que gerenciam processos financeiros, como pagamentos, recebimentos, comunica\u00e7\u00e3o com estruturas banc\u00e1rias, de cart\u00e3o de cr\u00e9dito, bem como \u00f3rg\u00e3os do governo. Nossas equipes tamb\u00e9m oferecem consultoria, suporte e treinamento para os profissionais desta \u00e1rea nos escrit\u00f3rios da igreja. O AASI.net (Adventist Accounting Software International) \u00e9 um sistema cont\u00e1bil que [&hellip;]<\/p>\n","protected":false},"author":1,"featured_media":0,"parent":0,"menu_order":0,"comment_status":"closed","ping_status":"closed","template":"","meta":{"footnotes":""},"class_list":["post-10094","page","type-page","status-publish","hentry"],"yoast_head":"<!-- This site is optimized with the Yoast SEO plugin v24.6 - https:\/\/yoast.com\/wordpress\/plugins\/seo\/ -->\n<title>Financeira - IATec | Instituto Adventista de Tecnologia<\/title>\n<meta name=\"robots\" content=\"index, follow, max-snippet:-1, max-image-preview:large, max-video-preview:-1\" \/>\n<link rel=\"canonical\" href=\"https:\/\/www.iatec.com\/pt\/financeira\/\" \/>\n<meta property=\"og:locale\" content=\"pt_BR\" \/>\n<meta property=\"og:type\" content=\"article\" \/>\n<meta property=\"og:title\" content=\"Financeira - IATec | Instituto Adventista de Tecnologia\" \/>\n<meta property=\"og:description\" content=\"[vc_row full_width=&#8221;stretch_row_content_no_spaces&#8221; content_placement=&#8221;middle&#8221; text_align=&#8221;center&#8221;][vc_column][vc_single_image image=&#8221;10621&#8243; img_size=&#8221;full&#8221; alignment=&#8221;center&#8221; css=&#8221;.vc_custom_1695244522452{margin-bottom: 15px !important;padding-top: 0px !important;}&#8221;][\/vc_column][\/vc_row][vc_row full_width=&#8221;stretch_row&#8221;][vc_column][vc_column_text]Somente na Am\u00e9rica do Sul, a Igreja mant\u00e9m quase 500 unidades administrativas que realizam milh\u00f5es de lan\u00e7amentos cont\u00e1beis a cada m\u00eas, al\u00e9m de gerenciarem processos financeiros em centenas de unidades escolares. Toda essa atividade \u00e9 apoiada pela vertical cont\u00e1bil e financeira. Por meio desta vertical, o IATec prov\u00ea sistemas robustos de gest\u00e3o cont\u00e1bil para cada unidade administrativa, al\u00e9m de sistemas que gerenciam processos financeiros, como pagamentos, recebimentos, comunica\u00e7\u00e3o com estruturas banc\u00e1rias, de cart\u00e3o de cr\u00e9dito, bem como \u00f3rg\u00e3os do governo. Nossas equipes tamb\u00e9m oferecem consultoria, suporte e treinamento para os profissionais desta \u00e1rea nos escrit\u00f3rios da igreja. O AASI.net (Adventist Accounting Software International) \u00e9 um sistema cont\u00e1bil que [&hellip;]\" \/>\n<meta property=\"og:url\" content=\"https:\/\/www.iatec.com\/pt\/financeira\/\" \/>\n<meta property=\"og:site_name\" content=\"IATec | Instituto Adventista de Tecnologia\" \/>\n<meta property=\"article:publisher\" content=\"https:\/\/www.facebook.com\/iatecoficial\" \/>\n<meta property=\"article:modified_time\" content=\"2023-09-20T21:16:11+00:00\" \/>\n<meta name=\"twitter:card\" content=\"summary_large_image\" \/>\n<meta name=\"twitter:label1\" content=\"Est. tempo de leitura\" \/>\n\t<meta name=\"twitter:data1\" content=\"2 minutos\" \/>\n<script type=\"application\/ld+json\" class=\"yoast-schema-graph\">{\"@context\":\"https:\/\/schema.org\",\"@graph\":[{\"@type\":\"WebPage\",\"@id\":\"https:\/\/www.iatec.com\/pt\/financeira\/\",\"url\":\"https:\/\/www.iatec.com\/pt\/financeira\/\",\"name\":\"Financeira - IATec | Instituto Adventista de Tecnologia\",\"isPartOf\":{\"@id\":\"https:\/\/www.iatec.com\/pt\/#website\"},\"datePublished\":\"2022-08-10T13:17:40+00:00\",\"dateModified\":\"2023-09-20T21:16:11+00:00\",\"breadcrumb\":{\"@id\":\"https:\/\/www.iatec.com\/pt\/financeira\/#breadcrumb\"},\"inLanguage\":\"pt-BR\",\"potentialAction\":[{\"@type\":\"ReadAction\",\"target\":[\"https:\/\/www.iatec.com\/pt\/financeira\/\"]}]},{\"@type\":\"BreadcrumbList\",\"@id\":\"https:\/\/www.iatec.com\/pt\/financeira\/#breadcrumb\",\"itemListElement\":[{\"@type\":\"ListItem\",\"position\":1,\"name\":\"In\u00edcio\",\"item\":\"https:\/\/www.iatec.com\/pt\/\"},{\"@type\":\"ListItem\",\"position\":2,\"name\":\"Financeira\"}]},{\"@type\":\"WebSite\",\"@id\":\"https:\/\/www.iatec.com\/pt\/#website\",\"url\":\"https:\/\/www.iatec.com\/pt\/\",\"name\":\"IATec | Instituto Adventista de Tecnologia\",\"description\":\"Site oficial do Instituto Adventista de Tecnologia\",\"publisher\":{\"@id\":\"https:\/\/www.iatec.com\/pt\/#organization\"},\"potentialAction\":[{\"@type\":\"SearchAction\",\"target\":{\"@type\":\"EntryPoint\",\"urlTemplate\":\"https:\/\/www.iatec.com\/pt\/?s={search_term_string}\"},\"query-input\":{\"@type\":\"PropertyValueSpecification\",\"valueRequired\":true,\"valueName\":\"search_term_string\"}}],\"inLanguage\":\"pt-BR\"},{\"@type\":\"Organization\",\"@id\":\"https:\/\/www.iatec.com\/pt\/#organization\",\"name\":\"IATec | Instituto Adventista de Tecnologia\",\"url\":\"https:\/\/www.iatec.com\/pt\/\",\"logo\":{\"@type\":\"ImageObject\",\"inLanguage\":\"pt-BR\",\"@id\":\"https:\/\/www.iatec.com\/pt\/#\/schema\/logo\/image\/\",\"url\":\"https:\/\/iatec.com\/pt\/wp-content\/uploads\/2022\/07\/IATEC-vertical-colorida.png\",\"contentUrl\":\"https:\/\/iatec.com\/pt\/wp-content\/uploads\/2022\/07\/IATEC-vertical-colorida.png\",\"width\":2250,\"height\":3721,\"caption\":\"IATec | Instituto Adventista de Tecnologia\"},\"image\":{\"@id\":\"https:\/\/www.iatec.com\/pt\/#\/schema\/logo\/image\/\"},\"sameAs\":[\"https:\/\/www.facebook.com\/iatecoficial\",\"https:\/\/www.instagram.com\/o_iatec\/\",\"https:\/\/www.youtube.com\/c\/IATecOficial\",\"https:\/\/www.linkedin.com\/company\/iatecoficial\/\"]}]}<\/script>\n<!-- \/ Yoast SEO plugin. -->","yoast_head_json":{"title":"Financeira - IATec | Instituto Adventista de Tecnologia","robots":{"index":"index","follow":"follow","max-snippet":"max-snippet:-1","max-image-preview":"max-image-preview:large","max-video-preview":"max-video-preview:-1"},"canonical":"https:\/\/www.iatec.com\/pt\/financeira\/","og_locale":"pt_BR","og_type":"article","og_title":"Financeira - IATec | Instituto Adventista de Tecnologia","og_description":"[vc_row full_width=&#8221;stretch_row_content_no_spaces&#8221; content_placement=&#8221;middle&#8221; text_align=&#8221;center&#8221;][vc_column][vc_single_image image=&#8221;10621&#8243; img_size=&#8221;full&#8221; alignment=&#8221;center&#8221; css=&#8221;.vc_custom_1695244522452{margin-bottom: 15px !important;padding-top: 0px !important;}&#8221;][\/vc_column][\/vc_row][vc_row full_width=&#8221;stretch_row&#8221;][vc_column][vc_column_text]Somente na Am\u00e9rica do Sul, a Igreja mant\u00e9m quase 500 unidades administrativas que realizam milh\u00f5es de lan\u00e7amentos cont\u00e1beis a cada m\u00eas, al\u00e9m de gerenciarem processos financeiros em centenas de unidades escolares. Toda essa atividade \u00e9 apoiada pela vertical cont\u00e1bil e financeira. Por meio desta vertical, o IATec prov\u00ea sistemas robustos de gest\u00e3o cont\u00e1bil para cada unidade administrativa, al\u00e9m de sistemas que gerenciam processos financeiros, como pagamentos, recebimentos, comunica\u00e7\u00e3o com estruturas banc\u00e1rias, de cart\u00e3o de cr\u00e9dito, bem como \u00f3rg\u00e3os do governo. Nossas equipes tamb\u00e9m oferecem consultoria, suporte e treinamento para os profissionais desta \u00e1rea nos escrit\u00f3rios da igreja. O AASI.net (Adventist Accounting Software International) \u00e9 um sistema cont\u00e1bil que [&hellip;]","og_url":"https:\/\/www.iatec.com\/pt\/financeira\/","og_site_name":"IATec | Instituto Adventista de Tecnologia","article_publisher":"https:\/\/www.facebook.com\/iatecoficial","article_modified_time":"2023-09-20T21:16:11+00:00","twitter_card":"summary_large_image","twitter_misc":{"Est. tempo de leitura":"2 minutos"},"schema":{"@context":"https:\/\/schema.org","@graph":[{"@type":"WebPage","@id":"https:\/\/www.iatec.com\/pt\/financeira\/","url":"https:\/\/www.iatec.com\/pt\/financeira\/","name":"Financeira - IATec | Instituto Adventista de Tecnologia","isPartOf":{"@id":"https:\/\/www.iatec.com\/pt\/#website"},"datePublished":"2022-08-10T13:17:40+00:00","dateModified":"2023-09-20T21:16:11+00:00","breadcrumb":{"@id":"https:\/\/www.iatec.com\/pt\/financeira\/#breadcrumb"},"inLanguage":"pt-BR","potentialAction":[{"@type":"ReadAction","target":["https:\/\/www.iatec.com\/pt\/financeira\/"]}]},{"@type":"BreadcrumbList","@id":"https:\/\/www.iatec.com\/pt\/financeira\/#breadcrumb","itemListElement":[{"@type":"ListItem","position":1,"name":"In\u00edcio","item":"https:\/\/www.iatec.com\/pt\/"},{"@type":"ListItem","position":2,"name":"Financeira"}]},{"@type":"WebSite","@id":"https:\/\/www.iatec.com\/pt\/#website","url":"https:\/\/www.iatec.com\/pt\/","name":"IATec | Instituto Adventista de Tecnologia","description":"Site oficial do Instituto Adventista de Tecnologia","publisher":{"@id":"https:\/\/www.iatec.com\/pt\/#organization"},"potentialAction":[{"@type":"SearchAction","target":{"@type":"EntryPoint","urlTemplate":"https:\/\/www.iatec.com\/pt\/?s={search_term_string}"},"query-input":{"@type":"PropertyValueSpecification","valueRequired":true,"valueName":"search_term_string"}}],"inLanguage":"pt-BR"},{"@type":"Organization","@id":"https:\/\/www.iatec.com\/pt\/#organization","name":"IATec | Instituto Adventista de Tecnologia","url":"https:\/\/www.iatec.com\/pt\/","logo":{"@type":"ImageObject","inLanguage":"pt-BR","@id":"https:\/\/www.iatec.com\/pt\/#\/schema\/logo\/image\/","url":"https:\/\/iatec.com\/pt\/wp-content\/uploads\/2022\/07\/IATEC-vertical-colorida.png","contentUrl":"https:\/\/iatec.com\/pt\/wp-content\/uploads\/2022\/07\/IATEC-vertical-colorida.png","width":2250,"height":3721,"caption":"IATec | Instituto Adventista de Tecnologia"},"image":{"@id":"https:\/\/www.iatec.com\/pt\/#\/schema\/logo\/image\/"},"sameAs":["https:\/\/www.facebook.com\/iatecoficial","https:\/\/www.instagram.com\/o_iatec\/","https:\/\/www.youtube.com\/c\/IATecOficial","https:\/\/www.linkedin.com\/company\/iatecoficial\/"]}]}},"_links":{"self":[{"href":"https:\/\/www.iatec.com\/pt\/wp-json\/wp\/v2\/pages\/10094","targetHints":{"allow":["GET"]}}],"collection":[{"href":"https:\/\/www.iatec.com\/pt\/wp-json\/wp\/v2\/pages"}],"about":[{"href":"https:\/\/www.iatec.com\/pt\/wp-json\/wp\/v2\/types\/page"}],"author":[{"embeddable":true,"href":"https:\/\/www.iatec.com\/pt\/wp-json\/wp\/v2\/users\/1"}],"replies":[{"embeddable":true,"href":"https:\/\/www.iatec.com\/pt\/wp-json\/wp\/v2\/comments?post=10094"}],"version-history":[{"count":8,"href":"https:\/\/www.iatec.com\/pt\/wp-json\/wp\/v2\/pages\/10094\/revisions"}],"predecessor-version":[{"id":10629,"href":"https:\/\/www.iatec.com\/pt\/wp-json\/wp\/v2\/pages\/10094\/revisions\/10629"}],"wp:attachment":[{"href":"https:\/\/www.iatec.com\/pt\/wp-json\/wp\/v2\/media?parent=10094"}],"curies":[{"name":"wp","href":"https:\/\/api.w.org\/{rel}","templated":true}]}}