{"id":10096,"date":"2022-08-10T10:17:41","date_gmt":"2022-08-10T13:17:41","guid":{"rendered":"https:\/\/iatec.com\/pt\/?page_id=10096"},"modified":"2023-09-20T18:27:09","modified_gmt":"2023-09-20T21:27:09","slug":"recursos-humanos","status":"publish","type":"page","link":"https:\/\/www.iatec.com\/pt\/recursos-humanos\/","title":{"rendered":"Recursos Humanos"},"content":{"rendered":"<div class=\"wpb-content-wrapper\"><p>[vc_row full_width=&#8221;stretch_row_content_no_spaces&#8221; content_placement=&#8221;middle&#8221; text_align=&#8221;center&#8221;][vc_column][vc_single_image image=&#8221;10625&#8243; img_size=&#8221;full&#8221; alignment=&#8221;center&#8221; css=&#8221;.vc_custom_1695244867065{margin-bottom: 15px !important;padding-top: 0px !important;}&#8221;][\/vc_column][\/vc_row][vc_row full_width=&#8221;stretch_row&#8221;][vc_column][vc_column_text]Nossa Igreja tem milhares de colaboradores que emprestam seu talento diariamente em nossos escrit\u00f3rios regionais, escolas, hospitais e institui\u00e7\u00f5es. Nesse cen\u00e1rio, os processos de gest\u00e3o de pessoas, administra\u00e7\u00e3o de pagamentos e conformidade com leis e determina\u00e7\u00f5es do Governo precisam ser bem geridos para que os nossos colaboradores se sintam tranquilos e cuidados, e a Igreja possa avan\u00e7ar com seguran\u00e7a.<\/p>\n<p>\u00c9 exatamente nesse contexto em que a vertical de RH e DP do IATec atua, provendo sistemas para gest\u00e3o de todos esses processos. Seja com foco em administra\u00e7\u00e3o de pagamentos e conformidade ou gest\u00e3o de recursos humanos, n\u00f3s constru\u00edmos e mantemos solu\u00e7\u00f5es, oferecemos servi\u00e7os de consultoria, suporte e treinamento.<\/p>\n<p>O sistema de folha de pagamento APS (Adventist Payroll System) \u00e9 uma ferramenta completa voltada \u00e0 otimiza\u00e7\u00e3o de Gest\u00e3o de Pessoas e Recursos Humanos abrangendo de forma integrada todos os assuntos referentes \u00e0s rela\u00e7\u00f5es trabalhistas e de presta\u00e7\u00e3o de servi\u00e7o, desde o momento da pr\u00e9-admiss\u00e3o at\u00e9 ap\u00f3s o desligamento. Trabalha no cumprimento da legisla\u00e7\u00e3o trabalhista, auxilia na administra\u00e7\u00e3o dos benef\u00edcios, sal\u00e1rios entre outros, melhorando e agilizando os processos administrativos da empresa. Atende as mais diversas \u00e1reas de atua\u00e7\u00e3o como igrejas, hospitais, escolas por exemplo, e garante integridade e seguran\u00e7a de todos os dados, informa\u00e7\u00f5es e c\u00e1lculos em portugu\u00eas, espanhol e ingl\u00eas.[\/vc_column_text][\/vc_column][\/vc_row][vc_row][vc_column][vc_empty_space][\/vc_column][\/vc_row][vc_row full_width=&#8221;stretch_row&#8221;][vc_column][vc_column_text]Facilidades para voc\u00ea:<\/p>\n<ul>\n<li>Crie diferentes tipos de pagamentos de acordo com as necessidades;<\/li>\n<li>Crie valores adequados para cada tipo de pagamento, sem a necessidade da assist\u00eancia de programadores;<\/li>\n<li>Controle de acesso preparado de forma f\u00e1cil e simples de trabalhar, permitindo que o sistema seja personalizado para cada usu\u00e1rio;<\/li>\n<li>Prepare c\u00e1lculos espec\u00edficos e customiz\u00e1veis;<\/li>\n<li>Garante integridade e seguran\u00e7a de acessibilidade, atrav\u00e9s de diversos dispositivos;<\/li>\n<li>Cria\u00e7\u00e3o de arquivos espec\u00edficos para todos os pa\u00edses que possuem APS. Entre eles est\u00e3o: CAGED, GEFIP \/ FGTS, DIRF, RAIS, etc;<\/li>\n<li>Reajuste de diferentes tipos de sal\u00e1rios, capaz de fazer simula\u00e7\u00e3o e ver pr\u00e9via antes da efetiva\u00e7\u00e3o do ajuste;<\/li>\n<li>Compare pagamentos atuais com pagos anteriores;<\/li>\n<li>Oferece um relat\u00f3rio pronto com formato pr\u00e9-aprovado pela divis\u00e3o sul americana;<\/li>\n<li>Gera arquivos a serem importados na nova entidade, deixando o registro anterior encerrado;<\/li>\n<li>Controle o vale transporte de forma segura e completa, detalhado por pessoa e por dia de trabalho;<\/li>\n<li>Contabilize todas as folhas de pagamentos de acordo com o padr\u00e3o adotado por cada uni\u00e3o;<\/li>\n<li>O sistema possui diversas ajudas, seja atrav\u00e9s de um manual de funcionamento ou por mensagens instant\u00e2neas de dicas;<\/li>\n<li>Gere textos iguais que podem ser enviados para muitas pessoas de forma exclusiva e personalizados;<\/li>\n<li>Permite envio de e-mails atrav\u00e9s do pr\u00f3prio sistema;<\/li>\n<li>Permite que um c\u00e1lculo encerrado seja desfeito e gere o estorno;<\/li>\n<li>Possui diversos modelos de demonstrativos de pagamentos para atender as especifica\u00e7\u00f5es legais de cada empresa;<\/li>\n<li>Permite ser acessado pelos funcion\u00e1rios para inser\u00e7\u00e3o de informa\u00e7\u00f5es e acompanhamento;<\/li>\n<li>Relat\u00f3rios personalizados que permitem o gerenciamento de f\u00e9rias acumuladas e per\u00edodos de concess\u00e3o.;<\/li>\n<li>Ferramenta utilizada para controle de requisi\u00e7\u00f5es ao funcion\u00e1rio;<\/li>\n<li>Permite configurar os diferentes tipos de planos de sa\u00fade contratados, de forma que os descontos ocorram automaticamente;<\/li>\n<li>Permite a importa\u00e7\u00e3o de dados, eliminando a necessidade de digita\u00e7\u00e3o.<\/li>\n<\/ul>\n<p>[\/vc_column_text][vc_empty_space][\/vc_column][\/vc_row]<\/p>\n<\/div>","protected":false},"excerpt":{"rendered":"<p>[vc_row full_width=&#8221;stretch_row_content_no_spaces&#8221; content_placement=&#8221;middle&#8221; text_align=&#8221;center&#8221;][vc_column][vc_single_image image=&#8221;10625&#8243; img_size=&#8221;full&#8221; alignment=&#8221;center&#8221; css=&#8221;.vc_custom_1695244867065{margin-bottom: 15px !important;padding-top: 0px !important;}&#8221;][\/vc_column][\/vc_row][vc_row full_width=&#8221;stretch_row&#8221;][vc_column][vc_column_text]Nossa Igreja tem milhares de colaboradores que emprestam seu talento diariamente em nossos escrit\u00f3rios regionais, escolas, hospitais e institui\u00e7\u00f5es. Nesse cen\u00e1rio, os processos de gest\u00e3o de pessoas, administra\u00e7\u00e3o de pagamentos e conformidade com leis e determina\u00e7\u00f5es do Governo precisam ser bem geridos para que os nossos colaboradores se sintam tranquilos e cuidados, e a Igreja possa avan\u00e7ar com seguran\u00e7a. \u00c9 exatamente nesse contexto em que a vertical de RH e DP do IATec atua, provendo sistemas para gest\u00e3o de todos esses processos. Seja com foco em administra\u00e7\u00e3o de pagamentos e conformidade ou gest\u00e3o de recursos humanos, n\u00f3s constru\u00edmos e mantemos solu\u00e7\u00f5es, oferecemos servi\u00e7os de consultoria, suporte e treinamento. [&hellip;]<\/p>\n","protected":false},"author":1,"featured_media":0,"parent":0,"menu_order":0,"comment_status":"closed","ping_status":"closed","template":"","meta":{"footnotes":""},"class_list":["post-10096","page","type-page","status-publish","hentry"],"yoast_head":"<!-- This site is optimized with the Yoast SEO plugin v24.6 - https:\/\/yoast.com\/wordpress\/plugins\/seo\/ -->\n<title>Recursos Humanos - IATec | Instituto Adventista de Tecnologia<\/title>\n<meta name=\"robots\" content=\"index, follow, max-snippet:-1, max-image-preview:large, max-video-preview:-1\" \/>\n<link rel=\"canonical\" href=\"https:\/\/www.iatec.com\/pt\/recursos-humanos\/\" \/>\n<meta property=\"og:locale\" content=\"pt_BR\" \/>\n<meta property=\"og:type\" content=\"article\" \/>\n<meta property=\"og:title\" content=\"Recursos Humanos - IATec | Instituto Adventista de Tecnologia\" \/>\n<meta property=\"og:description\" content=\"[vc_row full_width=&#8221;stretch_row_content_no_spaces&#8221; content_placement=&#8221;middle&#8221; text_align=&#8221;center&#8221;][vc_column][vc_single_image image=&#8221;10625&#8243; img_size=&#8221;full&#8221; alignment=&#8221;center&#8221; css=&#8221;.vc_custom_1695244867065{margin-bottom: 15px !important;padding-top: 0px !important;}&#8221;][\/vc_column][\/vc_row][vc_row full_width=&#8221;stretch_row&#8221;][vc_column][vc_column_text]Nossa Igreja tem milhares de colaboradores que emprestam seu talento diariamente em nossos escrit\u00f3rios regionais, escolas, hospitais e institui\u00e7\u00f5es. Nesse cen\u00e1rio, os processos de gest\u00e3o de pessoas, administra\u00e7\u00e3o de pagamentos e conformidade com leis e determina\u00e7\u00f5es do Governo precisam ser bem geridos para que os nossos colaboradores se sintam tranquilos e cuidados, e a Igreja possa avan\u00e7ar com seguran\u00e7a. \u00c9 exatamente nesse contexto em que a vertical de RH e DP do IATec atua, provendo sistemas para gest\u00e3o de todos esses processos. Seja com foco em administra\u00e7\u00e3o de pagamentos e conformidade ou gest\u00e3o de recursos humanos, n\u00f3s constru\u00edmos e mantemos solu\u00e7\u00f5es, oferecemos servi\u00e7os de consultoria, suporte e treinamento. [&hellip;]\" \/>\n<meta property=\"og:url\" content=\"https:\/\/www.iatec.com\/pt\/recursos-humanos\/\" \/>\n<meta property=\"og:site_name\" content=\"IATec | Instituto Adventista de Tecnologia\" \/>\n<meta property=\"article:publisher\" content=\"https:\/\/www.facebook.com\/iatecoficial\" \/>\n<meta property=\"article:modified_time\" content=\"2023-09-20T21:27:09+00:00\" \/>\n<meta name=\"twitter:card\" content=\"summary_large_image\" \/>\n<meta name=\"twitter:label1\" content=\"Est. tempo de leitura\" \/>\n\t<meta name=\"twitter:data1\" content=\"3 minutos\" \/>\n<script type=\"application\/ld+json\" class=\"yoast-schema-graph\">{\"@context\":\"https:\/\/schema.org\",\"@graph\":[{\"@type\":\"WebPage\",\"@id\":\"https:\/\/www.iatec.com\/pt\/recursos-humanos\/\",\"url\":\"https:\/\/www.iatec.com\/pt\/recursos-humanos\/\",\"name\":\"Recursos Humanos - IATec | Instituto Adventista de Tecnologia\",\"isPartOf\":{\"@id\":\"https:\/\/www.iatec.com\/pt\/#website\"},\"datePublished\":\"2022-08-10T13:17:41+00:00\",\"dateModified\":\"2023-09-20T21:27:09+00:00\",\"breadcrumb\":{\"@id\":\"https:\/\/www.iatec.com\/pt\/recursos-humanos\/#breadcrumb\"},\"inLanguage\":\"pt-BR\",\"potentialAction\":[{\"@type\":\"ReadAction\",\"target\":[\"https:\/\/www.iatec.com\/pt\/recursos-humanos\/\"]}]},{\"@type\":\"BreadcrumbList\",\"@id\":\"https:\/\/www.iatec.com\/pt\/recursos-humanos\/#breadcrumb\",\"itemListElement\":[{\"@type\":\"ListItem\",\"position\":1,\"name\":\"In\u00edcio\",\"item\":\"https:\/\/www.iatec.com\/pt\/\"},{\"@type\":\"ListItem\",\"position\":2,\"name\":\"Recursos Humanos\"}]},{\"@type\":\"WebSite\",\"@id\":\"https:\/\/www.iatec.com\/pt\/#website\",\"url\":\"https:\/\/www.iatec.com\/pt\/\",\"name\":\"IATec | Instituto Adventista de Tecnologia\",\"description\":\"Site oficial do Instituto Adventista de Tecnologia\",\"publisher\":{\"@id\":\"https:\/\/www.iatec.com\/pt\/#organization\"},\"potentialAction\":[{\"@type\":\"SearchAction\",\"target\":{\"@type\":\"EntryPoint\",\"urlTemplate\":\"https:\/\/www.iatec.com\/pt\/?s={search_term_string}\"},\"query-input\":{\"@type\":\"PropertyValueSpecification\",\"valueRequired\":true,\"valueName\":\"search_term_string\"}}],\"inLanguage\":\"pt-BR\"},{\"@type\":\"Organization\",\"@id\":\"https:\/\/www.iatec.com\/pt\/#organization\",\"name\":\"IATec | Instituto Adventista de Tecnologia\",\"url\":\"https:\/\/www.iatec.com\/pt\/\",\"logo\":{\"@type\":\"ImageObject\",\"inLanguage\":\"pt-BR\",\"@id\":\"https:\/\/www.iatec.com\/pt\/#\/schema\/logo\/image\/\",\"url\":\"https:\/\/iatec.com\/pt\/wp-content\/uploads\/2022\/07\/IATEC-vertical-colorida.png\",\"contentUrl\":\"https:\/\/iatec.com\/pt\/wp-content\/uploads\/2022\/07\/IATEC-vertical-colorida.png\",\"width\":2250,\"height\":3721,\"caption\":\"IATec | Instituto Adventista de Tecnologia\"},\"image\":{\"@id\":\"https:\/\/www.iatec.com\/pt\/#\/schema\/logo\/image\/\"},\"sameAs\":[\"https:\/\/www.facebook.com\/iatecoficial\",\"https:\/\/www.instagram.com\/o_iatec\/\",\"https:\/\/www.youtube.com\/c\/IATecOficial\",\"https:\/\/www.linkedin.com\/company\/iatecoficial\/\"]}]}<\/script>\n<!-- \/ Yoast SEO plugin. -->","yoast_head_json":{"title":"Recursos Humanos - IATec | Instituto Adventista de Tecnologia","robots":{"index":"index","follow":"follow","max-snippet":"max-snippet:-1","max-image-preview":"max-image-preview:large","max-video-preview":"max-video-preview:-1"},"canonical":"https:\/\/www.iatec.com\/pt\/recursos-humanos\/","og_locale":"pt_BR","og_type":"article","og_title":"Recursos Humanos - IATec | Instituto Adventista de Tecnologia","og_description":"[vc_row full_width=&#8221;stretch_row_content_no_spaces&#8221; content_placement=&#8221;middle&#8221; text_align=&#8221;center&#8221;][vc_column][vc_single_image image=&#8221;10625&#8243; img_size=&#8221;full&#8221; alignment=&#8221;center&#8221; css=&#8221;.vc_custom_1695244867065{margin-bottom: 15px !important;padding-top: 0px !important;}&#8221;][\/vc_column][\/vc_row][vc_row full_width=&#8221;stretch_row&#8221;][vc_column][vc_column_text]Nossa Igreja tem milhares de colaboradores que emprestam seu talento diariamente em nossos escrit\u00f3rios regionais, escolas, hospitais e institui\u00e7\u00f5es. Nesse cen\u00e1rio, os processos de gest\u00e3o de pessoas, administra\u00e7\u00e3o de pagamentos e conformidade com leis e determina\u00e7\u00f5es do Governo precisam ser bem geridos para que os nossos colaboradores se sintam tranquilos e cuidados, e a Igreja possa avan\u00e7ar com seguran\u00e7a. \u00c9 exatamente nesse contexto em que a vertical de RH e DP do IATec atua, provendo sistemas para gest\u00e3o de todos esses processos. Seja com foco em administra\u00e7\u00e3o de pagamentos e conformidade ou gest\u00e3o de recursos humanos, n\u00f3s constru\u00edmos e mantemos solu\u00e7\u00f5es, oferecemos servi\u00e7os de consultoria, suporte e treinamento. [&hellip;]","og_url":"https:\/\/www.iatec.com\/pt\/recursos-humanos\/","og_site_name":"IATec | Instituto Adventista de Tecnologia","article_publisher":"https:\/\/www.facebook.com\/iatecoficial","article_modified_time":"2023-09-20T21:27:09+00:00","twitter_card":"summary_large_image","twitter_misc":{"Est. tempo de leitura":"3 minutos"},"schema":{"@context":"https:\/\/schema.org","@graph":[{"@type":"WebPage","@id":"https:\/\/www.iatec.com\/pt\/recursos-humanos\/","url":"https:\/\/www.iatec.com\/pt\/recursos-humanos\/","name":"Recursos Humanos - IATec | Instituto Adventista de Tecnologia","isPartOf":{"@id":"https:\/\/www.iatec.com\/pt\/#website"},"datePublished":"2022-08-10T13:17:41+00:00","dateModified":"2023-09-20T21:27:09+00:00","breadcrumb":{"@id":"https:\/\/www.iatec.com\/pt\/recursos-humanos\/#breadcrumb"},"inLanguage":"pt-BR","potentialAction":[{"@type":"ReadAction","target":["https:\/\/www.iatec.com\/pt\/recursos-humanos\/"]}]},{"@type":"BreadcrumbList","@id":"https:\/\/www.iatec.com\/pt\/recursos-humanos\/#breadcrumb","itemListElement":[{"@type":"ListItem","position":1,"name":"In\u00edcio","item":"https:\/\/www.iatec.com\/pt\/"},{"@type":"ListItem","position":2,"name":"Recursos Humanos"}]},{"@type":"WebSite","@id":"https:\/\/www.iatec.com\/pt\/#website","url":"https:\/\/www.iatec.com\/pt\/","name":"IATec | Instituto Adventista de Tecnologia","description":"Site oficial do Instituto Adventista de Tecnologia","publisher":{"@id":"https:\/\/www.iatec.com\/pt\/#organization"},"potentialAction":[{"@type":"SearchAction","target":{"@type":"EntryPoint","urlTemplate":"https:\/\/www.iatec.com\/pt\/?s={search_term_string}"},"query-input":{"@type":"PropertyValueSpecification","valueRequired":true,"valueName":"search_term_string"}}],"inLanguage":"pt-BR"},{"@type":"Organization","@id":"https:\/\/www.iatec.com\/pt\/#organization","name":"IATec | Instituto Adventista de Tecnologia","url":"https:\/\/www.iatec.com\/pt\/","logo":{"@type":"ImageObject","inLanguage":"pt-BR","@id":"https:\/\/www.iatec.com\/pt\/#\/schema\/logo\/image\/","url":"https:\/\/iatec.com\/pt\/wp-content\/uploads\/2022\/07\/IATEC-vertical-colorida.png","contentUrl":"https:\/\/iatec.com\/pt\/wp-content\/uploads\/2022\/07\/IATEC-vertical-colorida.png","width":2250,"height":3721,"caption":"IATec | Instituto Adventista de Tecnologia"},"image":{"@id":"https:\/\/www.iatec.com\/pt\/#\/schema\/logo\/image\/"},"sameAs":["https:\/\/www.facebook.com\/iatecoficial","https:\/\/www.instagram.com\/o_iatec\/","https:\/\/www.youtube.com\/c\/IATecOficial","https:\/\/www.linkedin.com\/company\/iatecoficial\/"]}]}},"_links":{"self":[{"href":"https:\/\/www.iatec.com\/pt\/wp-json\/wp\/v2\/pages\/10096","targetHints":{"allow":["GET"]}}],"collection":[{"href":"https:\/\/www.iatec.com\/pt\/wp-json\/wp\/v2\/pages"}],"about":[{"href":"https:\/\/www.iatec.com\/pt\/wp-json\/wp\/v2\/types\/page"}],"author":[{"embeddable":true,"href":"https:\/\/www.iatec.com\/pt\/wp-json\/wp\/v2\/users\/1"}],"replies":[{"embeddable":true,"href":"https:\/\/www.iatec.com\/pt\/wp-json\/wp\/v2\/comments?post=10096"}],"version-history":[{"count":8,"href":"https:\/\/www.iatec.com\/pt\/wp-json\/wp\/v2\/pages\/10096\/revisions"}],"predecessor-version":[{"id":10632,"href":"https:\/\/www.iatec.com\/pt\/wp-json\/wp\/v2\/pages\/10096\/revisions\/10632"}],"wp:attachment":[{"href":"https:\/\/www.iatec.com\/pt\/wp-json\/wp\/v2\/media?parent=10096"}],"curies":[{"name":"wp","href":"https:\/\/api.w.org\/{rel}","templated":true}]}}