{"id":10857,"date":"2024-02-27T14:39:13","date_gmt":"2024-02-27T17:39:13","guid":{"rendered":"https:\/\/iatec.com\/pt\/?page_id=10857"},"modified":"2024-02-27T14:51:44","modified_gmt":"2024-02-27T17:51:44","slug":"divulgacao-responsavel-de-vulnerabilidades","status":"publish","type":"page","link":"https:\/\/www.iatec.com\/pt\/divulgacao-responsavel-de-vulnerabilidades\/","title":{"rendered":"Divulga\u00e7\u00e3o Respons\u00e1vel de Vulnerabilidades"},"content":{"rendered":"<div class=\"wpb-content-wrapper\"><p>[vc_row][vc_column][vc_column_text]<span class=\"fontstyle0\"><span style=\"vertical-align: inherit;\"><span style=\"vertical-align: inherit;\">Se voc\u00ea encontrar uma vulnerabilidade suspeita em produtos ou ativos do IATec, agradecer\u00edamos se voc\u00ea pudesse informar nosso Departamento de Seguran\u00e7a da Informa\u00e7\u00e3o, a fim de tomarmos as medidas necess\u00e1rias o mais r\u00e1pido poss\u00edvel.<\/span><\/span><\/span><\/p>\n<p>&nbsp;[\/vc_column_text][\/vc_column][\/vc_row][vc_row][vc_column][vc_column_text]<\/p>\n<h6><span class=\"fontstyle0\"><span style=\"vertical-align: inherit;\"><span style=\"vertical-align: inherit;\">Canal de Den\u00fancia<\/span><\/span><\/span><\/h6>\n<p>[\/vc_column_text][\/vc_column][\/vc_row][vc_row][vc_column][vc_column_text]<span class=\"fontstyle0\"><span style=\"vertical-align: inherit;\"><span style=\"vertical-align: inherit;\"><span style=\"vertical-align: inherit;\"><span style=\"vertical-align: inherit;\"><span style=\"vertical-align: inherit;\"><span style=\"vertical-align: inherit;\">Relate vulnerabilidades suspeitas atrav\u00e9s da p\u00e1gina: <\/span><\/span><\/span><\/span><\/span><\/span><\/span><span style=\"color: #0000ff;\"><a style=\"color: #0000ff;\" href=\"https:\/\/forms.office.com\/r\/qXdpdqqtfE\"><span class=\"fontstyle0\"><span style=\"vertical-align: inherit;\"><span style=\"vertical-align: inherit;\"><span style=\"vertical-align: inherit;\"><span style=\"vertical-align: inherit;\"><span style=\"vertical-align: inherit;\"><span style=\"vertical-align: inherit;\">Formul\u00e1rio de Divulga\u00e7\u00e3o de Vulnerabilidade<\/span><\/span><\/span><\/span><\/span><\/span><\/span><span class=\"fontstyle0\"><span style=\"vertical-align: inherit;\"><span style=\"vertical-align: inherit;\"><span style=\"vertical-align: inherit;\"><span style=\"vertical-align: inherit;\"><span style=\"vertical-align: inherit;\"><span style=\"vertical-align: inherit;\">.<\/span><\/span><\/span><\/span><\/span><\/span><\/span><\/a><\/span><\/p>\n<p><span class=\"fontstyle0\"><span style=\"vertical-align: inherit;\"><span style=\"vertical-align: inherit;\"><span style=\"vertical-align: inherit;\"><span style=\"vertical-align: inherit;\"><span style=\"vertical-align: inherit;\"><span style=\"vertical-align: inherit;\">O IATec est\u00e1 pronto para responder imediatamente a qualquer suspeita de vulnerabilidade relatada por pesquisadores de seguran\u00e7a, organiza\u00e7\u00f5es do setor, clientes e fornecedores.<\/span><\/span><\/span><\/span><\/span><\/span><\/span><\/p>\n<p>&nbsp;[\/vc_column_text][\/vc_column][\/vc_row][vc_row][vc_column][vc_column_text]<\/p>\n<h6><span class=\"fontstyle0\"><span style=\"vertical-align: inherit;\"><span style=\"vertical-align: inherit;\">Resposta<\/span><\/span><\/span><\/h6>\n<p>[\/vc_column_text][vc_column_text]<span class=\"fontstyle0\"><span style=\"vertical-align: inherit;\"><span style=\"vertical-align: inherit;\">Geralmente, voc\u00ea receber\u00e1 uma confirma\u00e7\u00e3o de recebimento do IATec por e-mail dentro de 24 horas e ser\u00e1 informado sobre o andamento do tratamento com base na situa\u00e7\u00e3o real.<\/span><\/span><\/span><\/p>\n<p><span class=\"fontstyle0\"><span style=\"vertical-align: inherit;\"><span style=\"vertical-align: inherit;\">Pedimos sinceramente que voc\u00ea mantenha as informa\u00e7\u00f5es confidenciais at\u00e9 que uma solu\u00e7\u00e3o completa esteja dispon\u00edvel para nossos clientes.<\/span><\/span><\/span><\/p>\n<p><span class=\"fontstyle0\"><span style=\"vertical-align: inherit;\"><span style=\"vertical-align: inherit;\">O Departamento de Seguran\u00e7a da Informa\u00e7\u00e3o do IATec \u00e9 dedicado a receber todas as vulnerabilidades relacionadas aos produtos IATec.<\/span><\/span><\/span><\/p>\n<p>&nbsp;[\/vc_column_text][\/vc_column][\/vc_row][vc_row][vc_column][vc_column_text]<strong><span class=\"fontstyle0\"><span style=\"vertical-align: inherit;\"><span style=\"vertical-align: inherit;\">Nota<\/span><\/span><\/span><\/strong><span class=\"fontstyle1\"><strong><span style=\"vertical-align: inherit;\"><span style=\"vertical-align: inherit;\">:<\/span><\/span><\/strong><span style=\"vertical-align: inherit;\"><span style=\"vertical-align: inherit;\"> O IATec n\u00e3o trabalha com nenhum programa de recompensa por bugs. O relato da vulnerabilidade encontrada ser\u00e1 inteiramente pelo interesse no bem-estar do IATec.<\/span><\/span><\/span><\/p>\n<p>&nbsp;[\/vc_column_text][\/vc_column][\/vc_row][vc_row content_placement=&#8221;middle&#8221;][vc_column][vc_btn title=&#8221;Formul\u00e1rio de Divulga\u00e7\u00e3o de Vulnerabilidade&#8221; shape=&#8221;square&#8221; color=&#8221;black&#8221; align=&#8221;center&#8221; link=&#8221;url:https%3A%2F%2Fforms.office.com%2Fr%2FqXdpdqqtfE|title:Formul%C3%A1rio%20de%20Divulga%C3%A7%C3%A3o%20de%20Vulnerabilidade|target:_blank&#8221;][\/vc_column][\/vc_row]<\/p>\n<\/div>","protected":false},"excerpt":{"rendered":"<p>[vc_row][vc_column][vc_column_text]Se voc\u00ea encontrar uma vulnerabilidade suspeita em produtos ou ativos do IATec, agradecer\u00edamos se voc\u00ea pudesse informar nosso Departamento de Seguran\u00e7a da Informa\u00e7\u00e3o, a fim de tomarmos as medidas necess\u00e1rias o mais r\u00e1pido poss\u00edvel. &nbsp;[\/vc_column_text][\/vc_column][\/vc_row][vc_row][vc_column][vc_column_text] Canal de Den\u00fancia [\/vc_column_text][\/vc_column][\/vc_row][vc_row][vc_column][vc_column_text]Relate vulnerabilidades suspeitas atrav\u00e9s da p\u00e1gina: Formul\u00e1rio de Divulga\u00e7\u00e3o de Vulnerabilidade. O IATec est\u00e1 pronto para responder imediatamente a qualquer suspeita de vulnerabilidade relatada por pesquisadores de seguran\u00e7a, organiza\u00e7\u00f5es do setor, clientes e fornecedores. &nbsp;[\/vc_column_text][\/vc_column][\/vc_row][vc_row][vc_column][vc_column_text] Resposta [\/vc_column_text][vc_column_text]Geralmente, voc\u00ea receber\u00e1 uma confirma\u00e7\u00e3o de recebimento do IATec por e-mail dentro de 24 horas e ser\u00e1 informado sobre o andamento do tratamento com base na situa\u00e7\u00e3o real. Pedimos sinceramente que voc\u00ea mantenha as informa\u00e7\u00f5es confidenciais at\u00e9 que uma solu\u00e7\u00e3o completa esteja dispon\u00edvel para nossos clientes. [&hellip;]<\/p>\n","protected":false},"author":1,"featured_media":0,"parent":0,"menu_order":0,"comment_status":"closed","ping_status":"closed","template":"","meta":{"footnotes":""},"class_list":["post-10857","page","type-page","status-publish","hentry"],"yoast_head":"<!-- This site is optimized with the Yoast SEO plugin v24.6 - https:\/\/yoast.com\/wordpress\/plugins\/seo\/ -->\n<title>Divulga\u00e7\u00e3o Respons\u00e1vel de Vulnerabilidades - IATec | Instituto Adventista de Tecnologia<\/title>\n<meta name=\"robots\" content=\"index, follow, max-snippet:-1, max-image-preview:large, max-video-preview:-1\" \/>\n<link rel=\"canonical\" href=\"https:\/\/www.iatec.com\/pt\/divulgacao-responsavel-de-vulnerabilidades\/\" \/>\n<meta property=\"og:locale\" content=\"pt_BR\" \/>\n<meta property=\"og:type\" content=\"article\" \/>\n<meta property=\"og:title\" content=\"Divulga\u00e7\u00e3o Respons\u00e1vel de Vulnerabilidades - IATec | Instituto Adventista de Tecnologia\" \/>\n<meta property=\"og:description\" content=\"[vc_row][vc_column][vc_column_text]Se voc\u00ea encontrar uma vulnerabilidade suspeita em produtos ou ativos do IATec, agradecer\u00edamos se voc\u00ea pudesse informar nosso Departamento de Seguran\u00e7a da Informa\u00e7\u00e3o, a fim de tomarmos as medidas necess\u00e1rias o mais r\u00e1pido poss\u00edvel. &nbsp;[\/vc_column_text][\/vc_column][\/vc_row][vc_row][vc_column][vc_column_text] Canal de Den\u00fancia [\/vc_column_text][\/vc_column][\/vc_row][vc_row][vc_column][vc_column_text]Relate vulnerabilidades suspeitas atrav\u00e9s da p\u00e1gina: Formul\u00e1rio de Divulga\u00e7\u00e3o de Vulnerabilidade. O IATec est\u00e1 pronto para responder imediatamente a qualquer suspeita de vulnerabilidade relatada por pesquisadores de seguran\u00e7a, organiza\u00e7\u00f5es do setor, clientes e fornecedores. &nbsp;[\/vc_column_text][\/vc_column][\/vc_row][vc_row][vc_column][vc_column_text] Resposta [\/vc_column_text][vc_column_text]Geralmente, voc\u00ea receber\u00e1 uma confirma\u00e7\u00e3o de recebimento do IATec por e-mail dentro de 24 horas e ser\u00e1 informado sobre o andamento do tratamento com base na situa\u00e7\u00e3o real. Pedimos sinceramente que voc\u00ea mantenha as informa\u00e7\u00f5es confidenciais at\u00e9 que uma solu\u00e7\u00e3o completa esteja dispon\u00edvel para nossos clientes. [&hellip;]\" \/>\n<meta property=\"og:url\" content=\"https:\/\/www.iatec.com\/pt\/divulgacao-responsavel-de-vulnerabilidades\/\" \/>\n<meta property=\"og:site_name\" content=\"IATec | Instituto Adventista de Tecnologia\" \/>\n<meta property=\"article:publisher\" content=\"https:\/\/www.facebook.com\/iatecoficial\" \/>\n<meta property=\"article:modified_time\" content=\"2024-02-27T17:51:44+00:00\" \/>\n<meta name=\"twitter:card\" content=\"summary_large_image\" \/>\n<meta name=\"twitter:label1\" content=\"Est. tempo de leitura\" \/>\n\t<meta name=\"twitter:data1\" content=\"1 minuto\" \/>\n<script type=\"application\/ld+json\" class=\"yoast-schema-graph\">{\"@context\":\"https:\/\/schema.org\",\"@graph\":[{\"@type\":\"WebPage\",\"@id\":\"https:\/\/www.iatec.com\/pt\/divulgacao-responsavel-de-vulnerabilidades\/\",\"url\":\"https:\/\/www.iatec.com\/pt\/divulgacao-responsavel-de-vulnerabilidades\/\",\"name\":\"Divulga\u00e7\u00e3o Respons\u00e1vel de Vulnerabilidades - IATec | Instituto Adventista de Tecnologia\",\"isPartOf\":{\"@id\":\"https:\/\/www.iatec.com\/pt\/#website\"},\"datePublished\":\"2024-02-27T17:39:13+00:00\",\"dateModified\":\"2024-02-27T17:51:44+00:00\",\"breadcrumb\":{\"@id\":\"https:\/\/www.iatec.com\/pt\/divulgacao-responsavel-de-vulnerabilidades\/#breadcrumb\"},\"inLanguage\":\"pt-BR\",\"potentialAction\":[{\"@type\":\"ReadAction\",\"target\":[\"https:\/\/www.iatec.com\/pt\/divulgacao-responsavel-de-vulnerabilidades\/\"]}]},{\"@type\":\"BreadcrumbList\",\"@id\":\"https:\/\/www.iatec.com\/pt\/divulgacao-responsavel-de-vulnerabilidades\/#breadcrumb\",\"itemListElement\":[{\"@type\":\"ListItem\",\"position\":1,\"name\":\"In\u00edcio\",\"item\":\"https:\/\/www.iatec.com\/pt\/\"},{\"@type\":\"ListItem\",\"position\":2,\"name\":\"Divulga\u00e7\u00e3o Respons\u00e1vel de Vulnerabilidades\"}]},{\"@type\":\"WebSite\",\"@id\":\"https:\/\/www.iatec.com\/pt\/#website\",\"url\":\"https:\/\/www.iatec.com\/pt\/\",\"name\":\"IATec | Instituto Adventista de Tecnologia\",\"description\":\"Site oficial do Instituto Adventista de Tecnologia\",\"publisher\":{\"@id\":\"https:\/\/www.iatec.com\/pt\/#organization\"},\"potentialAction\":[{\"@type\":\"SearchAction\",\"target\":{\"@type\":\"EntryPoint\",\"urlTemplate\":\"https:\/\/www.iatec.com\/pt\/?s={search_term_string}\"},\"query-input\":{\"@type\":\"PropertyValueSpecification\",\"valueRequired\":true,\"valueName\":\"search_term_string\"}}],\"inLanguage\":\"pt-BR\"},{\"@type\":\"Organization\",\"@id\":\"https:\/\/www.iatec.com\/pt\/#organization\",\"name\":\"IATec | Instituto Adventista de Tecnologia\",\"url\":\"https:\/\/www.iatec.com\/pt\/\",\"logo\":{\"@type\":\"ImageObject\",\"inLanguage\":\"pt-BR\",\"@id\":\"https:\/\/www.iatec.com\/pt\/#\/schema\/logo\/image\/\",\"url\":\"https:\/\/iatec.com\/pt\/wp-content\/uploads\/2022\/07\/IATEC-vertical-colorida.png\",\"contentUrl\":\"https:\/\/iatec.com\/pt\/wp-content\/uploads\/2022\/07\/IATEC-vertical-colorida.png\",\"width\":2250,\"height\":3721,\"caption\":\"IATec | Instituto Adventista de Tecnologia\"},\"image\":{\"@id\":\"https:\/\/www.iatec.com\/pt\/#\/schema\/logo\/image\/\"},\"sameAs\":[\"https:\/\/www.facebook.com\/iatecoficial\",\"https:\/\/www.instagram.com\/o_iatec\/\",\"https:\/\/www.youtube.com\/c\/IATecOficial\",\"https:\/\/www.linkedin.com\/company\/iatecoficial\/\"]}]}<\/script>\n<!-- \/ Yoast SEO plugin. -->","yoast_head_json":{"title":"Divulga\u00e7\u00e3o Respons\u00e1vel de Vulnerabilidades - IATec | Instituto Adventista de Tecnologia","robots":{"index":"index","follow":"follow","max-snippet":"max-snippet:-1","max-image-preview":"max-image-preview:large","max-video-preview":"max-video-preview:-1"},"canonical":"https:\/\/www.iatec.com\/pt\/divulgacao-responsavel-de-vulnerabilidades\/","og_locale":"pt_BR","og_type":"article","og_title":"Divulga\u00e7\u00e3o Respons\u00e1vel de Vulnerabilidades - IATec | Instituto Adventista de Tecnologia","og_description":"[vc_row][vc_column][vc_column_text]Se voc\u00ea encontrar uma vulnerabilidade suspeita em produtos ou ativos do IATec, agradecer\u00edamos se voc\u00ea pudesse informar nosso Departamento de Seguran\u00e7a da Informa\u00e7\u00e3o, a fim de tomarmos as medidas necess\u00e1rias o mais r\u00e1pido poss\u00edvel. &nbsp;[\/vc_column_text][\/vc_column][\/vc_row][vc_row][vc_column][vc_column_text] Canal de Den\u00fancia [\/vc_column_text][\/vc_column][\/vc_row][vc_row][vc_column][vc_column_text]Relate vulnerabilidades suspeitas atrav\u00e9s da p\u00e1gina: Formul\u00e1rio de Divulga\u00e7\u00e3o de Vulnerabilidade. O IATec est\u00e1 pronto para responder imediatamente a qualquer suspeita de vulnerabilidade relatada por pesquisadores de seguran\u00e7a, organiza\u00e7\u00f5es do setor, clientes e fornecedores. &nbsp;[\/vc_column_text][\/vc_column][\/vc_row][vc_row][vc_column][vc_column_text] Resposta [\/vc_column_text][vc_column_text]Geralmente, voc\u00ea receber\u00e1 uma confirma\u00e7\u00e3o de recebimento do IATec por e-mail dentro de 24 horas e ser\u00e1 informado sobre o andamento do tratamento com base na situa\u00e7\u00e3o real. Pedimos sinceramente que voc\u00ea mantenha as informa\u00e7\u00f5es confidenciais at\u00e9 que uma solu\u00e7\u00e3o completa esteja dispon\u00edvel para nossos clientes. [&hellip;]","og_url":"https:\/\/www.iatec.com\/pt\/divulgacao-responsavel-de-vulnerabilidades\/","og_site_name":"IATec | Instituto Adventista de Tecnologia","article_publisher":"https:\/\/www.facebook.com\/iatecoficial","article_modified_time":"2024-02-27T17:51:44+00:00","twitter_card":"summary_large_image","twitter_misc":{"Est. tempo de leitura":"1 minuto"},"schema":{"@context":"https:\/\/schema.org","@graph":[{"@type":"WebPage","@id":"https:\/\/www.iatec.com\/pt\/divulgacao-responsavel-de-vulnerabilidades\/","url":"https:\/\/www.iatec.com\/pt\/divulgacao-responsavel-de-vulnerabilidades\/","name":"Divulga\u00e7\u00e3o Respons\u00e1vel de Vulnerabilidades - IATec | Instituto Adventista de Tecnologia","isPartOf":{"@id":"https:\/\/www.iatec.com\/pt\/#website"},"datePublished":"2024-02-27T17:39:13+00:00","dateModified":"2024-02-27T17:51:44+00:00","breadcrumb":{"@id":"https:\/\/www.iatec.com\/pt\/divulgacao-responsavel-de-vulnerabilidades\/#breadcrumb"},"inLanguage":"pt-BR","potentialAction":[{"@type":"ReadAction","target":["https:\/\/www.iatec.com\/pt\/divulgacao-responsavel-de-vulnerabilidades\/"]}]},{"@type":"BreadcrumbList","@id":"https:\/\/www.iatec.com\/pt\/divulgacao-responsavel-de-vulnerabilidades\/#breadcrumb","itemListElement":[{"@type":"ListItem","position":1,"name":"In\u00edcio","item":"https:\/\/www.iatec.com\/pt\/"},{"@type":"ListItem","position":2,"name":"Divulga\u00e7\u00e3o Respons\u00e1vel de Vulnerabilidades"}]},{"@type":"WebSite","@id":"https:\/\/www.iatec.com\/pt\/#website","url":"https:\/\/www.iatec.com\/pt\/","name":"IATec | Instituto Adventista de Tecnologia","description":"Site oficial do Instituto Adventista de Tecnologia","publisher":{"@id":"https:\/\/www.iatec.com\/pt\/#organization"},"potentialAction":[{"@type":"SearchAction","target":{"@type":"EntryPoint","urlTemplate":"https:\/\/www.iatec.com\/pt\/?s={search_term_string}"},"query-input":{"@type":"PropertyValueSpecification","valueRequired":true,"valueName":"search_term_string"}}],"inLanguage":"pt-BR"},{"@type":"Organization","@id":"https:\/\/www.iatec.com\/pt\/#organization","name":"IATec | Instituto Adventista de Tecnologia","url":"https:\/\/www.iatec.com\/pt\/","logo":{"@type":"ImageObject","inLanguage":"pt-BR","@id":"https:\/\/www.iatec.com\/pt\/#\/schema\/logo\/image\/","url":"https:\/\/iatec.com\/pt\/wp-content\/uploads\/2022\/07\/IATEC-vertical-colorida.png","contentUrl":"https:\/\/iatec.com\/pt\/wp-content\/uploads\/2022\/07\/IATEC-vertical-colorida.png","width":2250,"height":3721,"caption":"IATec | Instituto Adventista de Tecnologia"},"image":{"@id":"https:\/\/www.iatec.com\/pt\/#\/schema\/logo\/image\/"},"sameAs":["https:\/\/www.facebook.com\/iatecoficial","https:\/\/www.instagram.com\/o_iatec\/","https:\/\/www.youtube.com\/c\/IATecOficial","https:\/\/www.linkedin.com\/company\/iatecoficial\/"]}]}},"_links":{"self":[{"href":"https:\/\/www.iatec.com\/pt\/wp-json\/wp\/v2\/pages\/10857","targetHints":{"allow":["GET"]}}],"collection":[{"href":"https:\/\/www.iatec.com\/pt\/wp-json\/wp\/v2\/pages"}],"about":[{"href":"https:\/\/www.iatec.com\/pt\/wp-json\/wp\/v2\/types\/page"}],"author":[{"embeddable":true,"href":"https:\/\/www.iatec.com\/pt\/wp-json\/wp\/v2\/users\/1"}],"replies":[{"embeddable":true,"href":"https:\/\/www.iatec.com\/pt\/wp-json\/wp\/v2\/comments?post=10857"}],"version-history":[{"count":10,"href":"https:\/\/www.iatec.com\/pt\/wp-json\/wp\/v2\/pages\/10857\/revisions"}],"predecessor-version":[{"id":10870,"href":"https:\/\/www.iatec.com\/pt\/wp-json\/wp\/v2\/pages\/10857\/revisions\/10870"}],"wp:attachment":[{"href":"https:\/\/www.iatec.com\/pt\/wp-json\/wp\/v2\/media?parent=10857"}],"curies":[{"name":"wp","href":"https:\/\/api.w.org\/{rel}","templated":true}]}}