{"id":9872,"date":"2022-07-01T12:40:04","date_gmt":"2022-07-01T15:40:04","guid":{"rendered":"https:\/\/iatec.com\/pt\/?page_id=9872"},"modified":"2022-10-13T17:17:48","modified_gmt":"2022-10-13T20:17:48","slug":"o-iatec","status":"publish","type":"page","link":"https:\/\/www.iatec.com\/pt\/o-iatec\/","title":{"rendered":"O IATec"},"content":{"rendered":"<div class=\"wpb-content-wrapper\"><p>[vc_row full_width=&#8221;stretch_row&#8221;][vc_column][vc_column_text]O Instituto Adventista de Tecnologia surgiu para atender as demandas de tecnologia de informa\u00e7\u00e3o dos processos da Igreja Adventista. Somos parte da miss\u00e3o integral da Igreja, cujo objetivo de existir \u00e9 pregar a Volta de Jesus. Em cada segmento da institui\u00e7\u00e3o h\u00e1 uma estrutura voltada para fazer com que tudo funcione com mais agilidade e efici\u00eancia e este ciclo se v\u00ea tamb\u00e9m no IATEC. Para cada necessidade, h\u00e1 um time voltado \u00e0 solu\u00e7\u00e3o mais criativa, r\u00e1pida e eficaz. Essa \u00e9 nossa raz\u00e3o de existir: fazer tudo funcionar!<\/p>\n<p>Seja para o membro da igreja ou para o colaborador dos escrit\u00f3rios e lojas. Pode ser para o aluno ou para o gestor de educa\u00e7\u00e3o. Tanto faz se \u00e9 uma necessidade m\u00e9dica ou para o departamento de Recursos Humanos, o fato \u00e9 que temos uma solu\u00e7\u00e3o para cada uma das necessidades da igreja. Al\u00e9m de estarmos sempre inovando para chegar antes do problema no dia a dia do trabalho![\/vc_column_text][\/vc_column][\/vc_row][vc_row][vc_column][vc_empty_space][\/vc_column][\/vc_row][vc_row full_width=&#8221;stretch_row&#8221;][vc_column]<div class=\"heading  default align-center transform-default icon-type-hidden heading-tag-h2\" id=\"like_sc_header_399503765\"><h2 class=\"header ltx-sr-id-like_sc_header_3995037652017951068 ltx-sr ltx-sr-effect-fade_in ltx-sr-el-block ltx-sr-delay-0 ltx-sr-duration-1000 ltx-sr-sequences-0\"><span> Nossa <\/span> Hist\u00f3ria<\/h2><\/div>[vc_column_text]<\/p>\n<p class=\"paragraph\"><span class=\"normaltextrun\">Somos mais de 20 milh\u00f5es de Adventistas do S\u00e9timo Dia em todo mundo. Uma igreja pujante e em crescimento, que prega o evangelho em 237 pa\u00edses, e em 891 l\u00ednguas diferentes.<\/span><span class=\"eop\">\u00a0<\/span><\/p>\n<p class=\"paragraph\"><span class=\"normaltextrun\">Mensagem de esperan\u00e7a que \u00e9 propagada por pastores, obreiros, mission\u00e1rios, profissionais, colaboradores e volunt\u00e1rios espalhados nas milhares de igrejas, escolas, universidades, ind\u00fastrias, casas publicadoras, institui\u00e7\u00f5es, cl\u00ednicas, hospitais, emissoras de r\u00e1dio e TV e projetos sociais espalhados pelo globo.<\/span><span class=\"eop\">\u00a0<\/span><\/p>\n<p class=\"paragraph\"><span class=\"normaltextrun\">Administrar corretamente, e de forma transparente, toda essa complexa estrutura \u00e9 o grande desafio da Igreja Adventista do S\u00e9timo Dia (IASD). Somente a tecnologia pode integrar todos os dados e meios necess\u00e1rios para a gest\u00e3o eficiente dos minist\u00e9rios dessa grande igreja. A mensagem do evangelho precisa ser pregada, e \u00e9 preciso avan\u00e7ar cada vez mais!<\/span><span class=\"eop\">\u00a0<\/span><\/p>\n<p class=\"paragraph\"><span class=\"normaltextrun\">E foi ent\u00e3o que no dia 01 de janeiro de 2016, o Instituto Adventista de Tecnologia (IATec) iniciou as suas opera\u00e7\u00f5es na cidade de Hortol\u00e2ndia, interior do Estado de S\u00e3o Paulo, com cerca de 50 profissionais. A escolha da cidade foi estrat\u00e9gica, por se tratar de um grande polo tecnol\u00f3gico brasileiro, com infraestrutura suficiente para receber a nossa sede.<\/span><span class=\"eop\">\u00a0<\/span><\/p>\n<p class=\"paragraph\"><span class=\"normaltextrun\">O IATec surgiu exatamente porque a Divis\u00e3o Sul-Americana da IASD entender a necessidade de dar um largo passo em dire\u00e7\u00e3o \u00e0 expans\u00e3o de sua estrutura tecnol\u00f3gica, visando, inclusive, apoiar a Igreja mundial em suas a\u00e7\u00f5es ligadas \u00e0 tecnologia.<\/span><span class=\"eop\">\u00a0<\/span><\/p>\n<p class=\"paragraph\"><span class=\"normaltextrun\">Inaugurado no dia 14 de agosto de 2017, considerado um dia memor\u00e1vel para os colaboradores de nossa institui\u00e7\u00e3o, tamb\u00e9m tivemos a representatividade de convidados de toda a Divis\u00e3o Sul Americana e da Sede Administrativa Mundial da Igreja Adventista.<\/span><span class=\"eop\">\u00a0<\/span><\/p>\n<p class=\"paragraph\"><span class=\"normaltextrun\">Vale ressaltar, que n\u00e3o somos uma empresa de tecnologia como pode parecer! A nossa atua\u00e7\u00e3o, atendendo de forma exclusiva a Igreja Adventista do S\u00e9timo Dia, vai muito al\u00e9m dos nossos servi\u00e7os, mas sim, aplicar nossos resultados na amplia\u00e7\u00e3o da obra mission\u00e1ria adventista, atrav\u00e9s de n\u00f3s e dos meios tecnol\u00f3gicos que gerenciamos<\/span><span class=\"normaltextrun\">.<\/span><\/p>\n<p>[\/vc_column_text][\/vc_column][\/vc_row][vc_row][vc_column][vc_empty_space][\/vc_column][\/vc_row][vc_row][vc_column]<div class=\"heading  default align-center transform-default icon-type-hidden heading-tag-h2\" id=\"like_sc_header_939208936\"><h2 class=\"header ltx-sr-id-like_sc_header_9392089361542723780 ltx-sr ltx-sr-effect-fade_in ltx-sr-el-block ltx-sr-delay-0 ltx-sr-duration-1000 ltx-sr-sequences-0\">Miss\u00e3o, Vis\u00e3o e Valores<\/h2><\/div>[vc_empty_space][vc_tta_accordion active_section=&#8221;1&#8243; no_fill=&#8221;true&#8221; collapsible_all=&#8221;true&#8221;][vc_tta_section title=&#8221;Miss\u00e3o&#8221; tab_id=&#8221;1661259214519-37383c27-623a&#8221;][vc_column_text]Apoiar a miss\u00e3o da Igreja Adventista do S\u00e9timo Dia por meio de solu\u00e7\u00f5es em Tecnologia da Informa\u00e7\u00e3o.[\/vc_column_text][\/vc_tta_section][vc_tta_section title=&#8221;Vis\u00e3o&#8221; tab_id=&#8221;1661259214519-019cab3a-1ad7&#8243;][vc_column_text]Estar presente com nossas solu\u00e7\u00f5es em TI onde houver uma organiza\u00e7\u00e3o da Igreja Adventista do S\u00e9timo Dia, auxiliando no cumprimento da miss\u00e3o.[\/vc_column_text][\/vc_tta_section][vc_tta_section title=&#8221;Valores&#8221; tab_id=&#8221;1661259331510-4b66aded-2c09&#8243;][vc_column_text]Somos comprometidos. Buscamos a \u00e9tica, a transpar\u00eancia e a honestidade em todas as nossas a\u00e7\u00f5es e rela\u00e7\u00f5es. Acima de tudo, respeitamos o pr\u00f3ximo.[\/vc_column_text][\/vc_tta_section][\/vc_tta_accordion][\/vc_column][\/vc_row][vc_row full_width=&#8221;stretch_row_content&#8221;][vc_column][vc_images_carousel images=&#8221;9989,10002,10066,10073,10087,10078&#8243; img_size=&#8221;full&#8221; slides_per_view=&#8221;3&#8243; hide_pagination_control=&#8221;yes&#8221;][\/vc_column][\/vc_row]<\/p>\n<\/div>","protected":false},"excerpt":{"rendered":"<p>[vc_row full_width=&#8221;stretch_row&#8221;][vc_column][vc_column_text]O Instituto Adventista de Tecnologia surgiu para atender as demandas de tecnologia de informa\u00e7\u00e3o dos processos da Igreja Adventista. Somos parte da miss\u00e3o integral da Igreja, cujo objetivo de existir \u00e9 pregar a Volta de Jesus. Em cada segmento da institui\u00e7\u00e3o h\u00e1 uma estrutura voltada para fazer com que tudo funcione com mais agilidade e efici\u00eancia e este ciclo se v\u00ea tamb\u00e9m no IATEC. Para cada necessidade, h\u00e1 um time voltado \u00e0 solu\u00e7\u00e3o mais criativa, r\u00e1pida e eficaz. Essa \u00e9 nossa raz\u00e3o de existir: fazer tudo funcionar! Seja para o membro da igreja ou para o colaborador dos escrit\u00f3rios e lojas. Pode ser para o aluno ou para o gestor de educa\u00e7\u00e3o. Tanto faz se \u00e9 uma necessidade m\u00e9dica [&hellip;]<\/p>\n","protected":false},"author":1,"featured_media":0,"parent":0,"menu_order":0,"comment_status":"closed","ping_status":"closed","template":"","meta":{"footnotes":""},"class_list":["post-9872","page","type-page","status-publish","hentry"],"yoast_head":"<!-- This site is optimized with the Yoast SEO plugin v24.6 - https:\/\/yoast.com\/wordpress\/plugins\/seo\/ -->\n<title>O IATec - IATec | Instituto Adventista de Tecnologia<\/title>\n<meta name=\"robots\" content=\"index, follow, max-snippet:-1, max-image-preview:large, max-video-preview:-1\" \/>\n<link rel=\"canonical\" href=\"https:\/\/www.iatec.com\/pt\/o-iatec\/\" \/>\n<meta property=\"og:locale\" content=\"pt_BR\" \/>\n<meta property=\"og:type\" content=\"article\" \/>\n<meta property=\"og:title\" content=\"O IATec - IATec | Instituto Adventista de Tecnologia\" \/>\n<meta property=\"og:description\" content=\"[vc_row full_width=&#8221;stretch_row&#8221;][vc_column][vc_column_text]O Instituto Adventista de Tecnologia surgiu para atender as demandas de tecnologia de informa\u00e7\u00e3o dos processos da Igreja Adventista. Somos parte da miss\u00e3o integral da Igreja, cujo objetivo de existir \u00e9 pregar a Volta de Jesus. Em cada segmento da institui\u00e7\u00e3o h\u00e1 uma estrutura voltada para fazer com que tudo funcione com mais agilidade e efici\u00eancia e este ciclo se v\u00ea tamb\u00e9m no IATEC. Para cada necessidade, h\u00e1 um time voltado \u00e0 solu\u00e7\u00e3o mais criativa, r\u00e1pida e eficaz. Essa \u00e9 nossa raz\u00e3o de existir: fazer tudo funcionar! Seja para o membro da igreja ou para o colaborador dos escrit\u00f3rios e lojas. Pode ser para o aluno ou para o gestor de educa\u00e7\u00e3o. Tanto faz se \u00e9 uma necessidade m\u00e9dica [&hellip;]\" \/>\n<meta property=\"og:url\" content=\"https:\/\/www.iatec.com\/pt\/o-iatec\/\" \/>\n<meta property=\"og:site_name\" content=\"IATec | Instituto Adventista de Tecnologia\" \/>\n<meta property=\"article:publisher\" content=\"https:\/\/www.facebook.com\/iatecoficial\" \/>\n<meta property=\"article:modified_time\" content=\"2022-10-13T20:17:48+00:00\" \/>\n<meta name=\"twitter:card\" content=\"summary_large_image\" \/>\n<meta name=\"twitter:label1\" content=\"Est. tempo de leitura\" \/>\n\t<meta name=\"twitter:data1\" content=\"4 minutos\" \/>\n<script type=\"application\/ld+json\" class=\"yoast-schema-graph\">{\"@context\":\"https:\/\/schema.org\",\"@graph\":[{\"@type\":\"WebPage\",\"@id\":\"https:\/\/www.iatec.com\/pt\/o-iatec\/\",\"url\":\"https:\/\/www.iatec.com\/pt\/o-iatec\/\",\"name\":\"O IATec - IATec | Instituto Adventista de Tecnologia\",\"isPartOf\":{\"@id\":\"https:\/\/www.iatec.com\/pt\/#website\"},\"datePublished\":\"2022-07-01T15:40:04+00:00\",\"dateModified\":\"2022-10-13T20:17:48+00:00\",\"breadcrumb\":{\"@id\":\"https:\/\/www.iatec.com\/pt\/o-iatec\/#breadcrumb\"},\"inLanguage\":\"pt-BR\",\"potentialAction\":[{\"@type\":\"ReadAction\",\"target\":[\"https:\/\/www.iatec.com\/pt\/o-iatec\/\"]}]},{\"@type\":\"BreadcrumbList\",\"@id\":\"https:\/\/www.iatec.com\/pt\/o-iatec\/#breadcrumb\",\"itemListElement\":[{\"@type\":\"ListItem\",\"position\":1,\"name\":\"In\u00edcio\",\"item\":\"https:\/\/www.iatec.com\/pt\/\"},{\"@type\":\"ListItem\",\"position\":2,\"name\":\"O IATec\"}]},{\"@type\":\"WebSite\",\"@id\":\"https:\/\/www.iatec.com\/pt\/#website\",\"url\":\"https:\/\/www.iatec.com\/pt\/\",\"name\":\"IATec | Instituto Adventista de Tecnologia\",\"description\":\"Site oficial do Instituto Adventista de Tecnologia\",\"publisher\":{\"@id\":\"https:\/\/www.iatec.com\/pt\/#organization\"},\"potentialAction\":[{\"@type\":\"SearchAction\",\"target\":{\"@type\":\"EntryPoint\",\"urlTemplate\":\"https:\/\/www.iatec.com\/pt\/?s={search_term_string}\"},\"query-input\":{\"@type\":\"PropertyValueSpecification\",\"valueRequired\":true,\"valueName\":\"search_term_string\"}}],\"inLanguage\":\"pt-BR\"},{\"@type\":\"Organization\",\"@id\":\"https:\/\/www.iatec.com\/pt\/#organization\",\"name\":\"IATec | Instituto Adventista de Tecnologia\",\"url\":\"https:\/\/www.iatec.com\/pt\/\",\"logo\":{\"@type\":\"ImageObject\",\"inLanguage\":\"pt-BR\",\"@id\":\"https:\/\/www.iatec.com\/pt\/#\/schema\/logo\/image\/\",\"url\":\"https:\/\/iatec.com\/pt\/wp-content\/uploads\/2022\/07\/IATEC-vertical-colorida.png\",\"contentUrl\":\"https:\/\/iatec.com\/pt\/wp-content\/uploads\/2022\/07\/IATEC-vertical-colorida.png\",\"width\":2250,\"height\":3721,\"caption\":\"IATec | Instituto Adventista de Tecnologia\"},\"image\":{\"@id\":\"https:\/\/www.iatec.com\/pt\/#\/schema\/logo\/image\/\"},\"sameAs\":[\"https:\/\/www.facebook.com\/iatecoficial\",\"https:\/\/www.instagram.com\/o_iatec\/\",\"https:\/\/www.youtube.com\/c\/IATecOficial\",\"https:\/\/www.linkedin.com\/company\/iatecoficial\/\"]}]}<\/script>\n<!-- \/ Yoast SEO plugin. -->","yoast_head_json":{"title":"O IATec - IATec | Instituto Adventista de Tecnologia","robots":{"index":"index","follow":"follow","max-snippet":"max-snippet:-1","max-image-preview":"max-image-preview:large","max-video-preview":"max-video-preview:-1"},"canonical":"https:\/\/www.iatec.com\/pt\/o-iatec\/","og_locale":"pt_BR","og_type":"article","og_title":"O IATec - IATec | Instituto Adventista de Tecnologia","og_description":"[vc_row full_width=&#8221;stretch_row&#8221;][vc_column][vc_column_text]O Instituto Adventista de Tecnologia surgiu para atender as demandas de tecnologia de informa\u00e7\u00e3o dos processos da Igreja Adventista. Somos parte da miss\u00e3o integral da Igreja, cujo objetivo de existir \u00e9 pregar a Volta de Jesus. Em cada segmento da institui\u00e7\u00e3o h\u00e1 uma estrutura voltada para fazer com que tudo funcione com mais agilidade e efici\u00eancia e este ciclo se v\u00ea tamb\u00e9m no IATEC. Para cada necessidade, h\u00e1 um time voltado \u00e0 solu\u00e7\u00e3o mais criativa, r\u00e1pida e eficaz. Essa \u00e9 nossa raz\u00e3o de existir: fazer tudo funcionar! Seja para o membro da igreja ou para o colaborador dos escrit\u00f3rios e lojas. Pode ser para o aluno ou para o gestor de educa\u00e7\u00e3o. Tanto faz se \u00e9 uma necessidade m\u00e9dica [&hellip;]","og_url":"https:\/\/www.iatec.com\/pt\/o-iatec\/","og_site_name":"IATec | Instituto Adventista de Tecnologia","article_publisher":"https:\/\/www.facebook.com\/iatecoficial","article_modified_time":"2022-10-13T20:17:48+00:00","twitter_card":"summary_large_image","twitter_misc":{"Est. tempo de leitura":"4 minutos"},"schema":{"@context":"https:\/\/schema.org","@graph":[{"@type":"WebPage","@id":"https:\/\/www.iatec.com\/pt\/o-iatec\/","url":"https:\/\/www.iatec.com\/pt\/o-iatec\/","name":"O IATec - IATec | Instituto Adventista de Tecnologia","isPartOf":{"@id":"https:\/\/www.iatec.com\/pt\/#website"},"datePublished":"2022-07-01T15:40:04+00:00","dateModified":"2022-10-13T20:17:48+00:00","breadcrumb":{"@id":"https:\/\/www.iatec.com\/pt\/o-iatec\/#breadcrumb"},"inLanguage":"pt-BR","potentialAction":[{"@type":"ReadAction","target":["https:\/\/www.iatec.com\/pt\/o-iatec\/"]}]},{"@type":"BreadcrumbList","@id":"https:\/\/www.iatec.com\/pt\/o-iatec\/#breadcrumb","itemListElement":[{"@type":"ListItem","position":1,"name":"In\u00edcio","item":"https:\/\/www.iatec.com\/pt\/"},{"@type":"ListItem","position":2,"name":"O IATec"}]},{"@type":"WebSite","@id":"https:\/\/www.iatec.com\/pt\/#website","url":"https:\/\/www.iatec.com\/pt\/","name":"IATec | Instituto Adventista de Tecnologia","description":"Site oficial do Instituto Adventista de Tecnologia","publisher":{"@id":"https:\/\/www.iatec.com\/pt\/#organization"},"potentialAction":[{"@type":"SearchAction","target":{"@type":"EntryPoint","urlTemplate":"https:\/\/www.iatec.com\/pt\/?s={search_term_string}"},"query-input":{"@type":"PropertyValueSpecification","valueRequired":true,"valueName":"search_term_string"}}],"inLanguage":"pt-BR"},{"@type":"Organization","@id":"https:\/\/www.iatec.com\/pt\/#organization","name":"IATec | Instituto Adventista de Tecnologia","url":"https:\/\/www.iatec.com\/pt\/","logo":{"@type":"ImageObject","inLanguage":"pt-BR","@id":"https:\/\/www.iatec.com\/pt\/#\/schema\/logo\/image\/","url":"https:\/\/iatec.com\/pt\/wp-content\/uploads\/2022\/07\/IATEC-vertical-colorida.png","contentUrl":"https:\/\/iatec.com\/pt\/wp-content\/uploads\/2022\/07\/IATEC-vertical-colorida.png","width":2250,"height":3721,"caption":"IATec | Instituto Adventista de Tecnologia"},"image":{"@id":"https:\/\/www.iatec.com\/pt\/#\/schema\/logo\/image\/"},"sameAs":["https:\/\/www.facebook.com\/iatecoficial","https:\/\/www.instagram.com\/o_iatec\/","https:\/\/www.youtube.com\/c\/IATecOficial","https:\/\/www.linkedin.com\/company\/iatecoficial\/"]}]}},"_links":{"self":[{"href":"https:\/\/www.iatec.com\/pt\/wp-json\/wp\/v2\/pages\/9872","targetHints":{"allow":["GET"]}}],"collection":[{"href":"https:\/\/www.iatec.com\/pt\/wp-json\/wp\/v2\/pages"}],"about":[{"href":"https:\/\/www.iatec.com\/pt\/wp-json\/wp\/v2\/types\/page"}],"author":[{"embeddable":true,"href":"https:\/\/www.iatec.com\/pt\/wp-json\/wp\/v2\/users\/1"}],"replies":[{"embeddable":true,"href":"https:\/\/www.iatec.com\/pt\/wp-json\/wp\/v2\/comments?post=9872"}],"version-history":[{"count":22,"href":"https:\/\/www.iatec.com\/pt\/wp-json\/wp\/v2\/pages\/9872\/revisions"}],"predecessor-version":[{"id":10351,"href":"https:\/\/www.iatec.com\/pt\/wp-json\/wp\/v2\/pages\/9872\/revisions\/10351"}],"wp:attachment":[{"href":"https:\/\/www.iatec.com\/pt\/wp-json\/wp\/v2\/media?parent=9872"}],"curies":[{"name":"wp","href":"https:\/\/api.w.org\/{rel}","templated":true}]}}